{"id":127183,"date":"2022-10-12T22:34:15","date_gmt":"2022-10-12T20:34:15","guid":{"rendered":"http:\/\/dev.claret.cat\/producte\/enigmas-de-miedo\/"},"modified":"2023-01-28T18:08:37","modified_gmt":"2023-01-28T17:08:37","slug":"enigmas-de-miedo-9788417374419","status":"publish","type":"product","link":"https:\/\/www.claret.cat\/es\/libro\/enigmas-de-miedo-9788417374419\/","title":{"rendered":"ENIGMAS DE MIEDO"},"content":{"rendered":"<p>Descubre a los personajes m\u00e1s conocidos del terror enfrent\u00e1ndose a ellos junto a los protagonistas de estos relatos. Visita a Frankenstein en su escondite, aprende a protegerte de las brujas, sorprende al temible Hombre Lobo y resuelve el secreto de la Momia. Son relatos de los que no podr\u00e1s huir, porque antes deber\u00e1s resolver un peque\u00f1o enigma oculto en cada historia.<\/p>\n","protected":false},"excerpt":{"rendered":"<p>ESCANDELL, V\u00cdCTOR<\/p>\n","protected":false},"featured_media":127184,"template":"","meta":{"_acf_changed":false,"om_disable_all_campaigns":false,"rs_blank_template":"","rs_page_bg_color":"","slide_template_v7":"","inline_featured_image":false,"_monsterinsights_skip_tracking":false,"_monsterinsights_sitenote_active":false,"_monsterinsights_sitenote_note":"","_monsterinsights_sitenote_category":0},"product_brand":[],"product_cat":[135],"product_tag":[],"class_list":{"0":"post-127183","1":"product","2":"type-product","3":"status-publish","4":"has-post-thumbnail","6":"product_cat-entreteniment","8":"first","9":"instock","10":"taxable","11":"shipping-taxable","12":"purchasable","13":"product-type-simple"},"acf":{"autor":"ESCANDELL, V\u00cdCTOR","codart":"841737441","libros-coleccion":"","ediciones":"1","encuadernacion":"Carton\u00e9","fecha_de_publicacion":"01\/09\/2019","novedad":"1","paginas":"74","subtitulo":"","orden":"0","portada":"0","idioma":"spa","editorial":[{"ID":148985,"post_author":"3","post_date":"2022-10-14 12:02:33","post_date_gmt":"2022-10-14 10:02:33","post_content":"","post_title":"Zahori de ideas","post_excerpt":"","post_status":"publish","comment_status":"closed","ping_status":"closed","post_password":"","post_name":"zahori-de-ideas","to_ping":"","pinged":"","post_modified":"2022-10-14 12:02:33","post_modified_gmt":"2022-10-14 10:02:33","post_content_filtered":"","post_parent":0,"guid":"http:\/\/dev.claret.cat\/editorial\/zahori-de-ideas\/","menu_order":0,"post_type":"editorial","post_mime_type":"","comment_count":"0","filter":"raw"}],"autores-libros":[{"ID":171003,"post_author":"3","post_date":"2022-10-14 22:39:54","post_date_gmt":"2022-10-14 20:39:54","post_content":"","post_title":"VICTOR ESCANDELL","post_excerpt":"","post_status":"publish","comment_status":"closed","ping_status":"closed","post_password":"","post_name":"victor-escandell","to_ping":"","pinged":"","post_modified":"2022-10-14 22:39:54","post_modified_gmt":"2022-10-14 20:39:54","post_content_filtered":"","post_parent":0,"guid":"http:\/\/dev.claret.cat\/autor\/victor-escandell\/","menu_order":0,"post_type":"autor","post_mime_type":"","comment_count":"0","filter":"raw"}]},"aioseo_notices":[],"_links":{"self":[{"href":"https:\/\/www.claret.cat\/es\/wp-json\/wp\/v2\/product\/127183","targetHints":{"allow":["GET"]}}],"collection":[{"href":"https:\/\/www.claret.cat\/es\/wp-json\/wp\/v2\/product"}],"about":[{"href":"https:\/\/www.claret.cat\/es\/wp-json\/wp\/v2\/types\/product"}],"wp:featuredmedia":[{"embeddable":true,"href":"https:\/\/www.claret.cat\/es\/wp-json\/wp\/v2\/media\/127184"}],"wp:attachment":[{"href":"https:\/\/www.claret.cat\/es\/wp-json\/wp\/v2\/media?parent=127183"}],"wp:term":[{"taxonomy":"product_brand","embeddable":true,"href":"https:\/\/www.claret.cat\/es\/wp-json\/wp\/v2\/product_brand?post=127183"},{"taxonomy":"product_cat","embeddable":true,"href":"https:\/\/www.claret.cat\/es\/wp-json\/wp\/v2\/product_cat?post=127183"},{"taxonomy":"product_tag","embeddable":true,"href":"https:\/\/www.claret.cat\/es\/wp-json\/wp\/v2\/product_tag?post=127183"}],"curies":[{"name":"wp","href":"https:\/\/api.w.org\/{rel}","templated":true}]}}