{"id":1272,"date":"2022-07-27T20:38:41","date_gmt":"2022-07-27T18:38:41","guid":{"rendered":"http:\/\/dev.claret.cat\/producto\/grandes-records-9780241382394\/"},"modified":"2023-01-28T12:05:41","modified_gmt":"2023-01-28T11:05:41","slug":"grandes-records-9780241382394","status":"publish","type":"product","link":"https:\/\/www.claret.cat\/es\/libro\/grandes-records-9780241382394\/","title":{"rendered":"\u00a1GRANDES R\u00c9CORDS!"},"content":{"rendered":"<p>\u00a1Grandes r\u00e9cords! te ofrece los primeros, los m\u00e1s r\u00e1pidos, los m\u00e1s  largos, los m\u00e1s extensos, los m\u00e1s grandes y los mejores entre todos los  r\u00e9cords mundiales. Sigue la pista del desplazamiento migratorio m\u00e1s  largo de los tiburones (20.000 kil\u00f3metros); visita el lugar m\u00e1s fr\u00edo del  planeta (la estaci\u00f3n Vostok, en la Ant\u00e1rtida, a unos g\u00e9lidos -89,2  grados cent\u00edgrados); observa c\u00f3mo el pionero de la aviaci\u00f3n Chuck Yeager  rompi\u00f3 por primera vez la barrera del sonido, y mucho m\u00e1s. Este fant\u00e1stico libro infantil de los r\u00e9cords viene cargado de  impresionantes datos sobre personas, animales, la Tierra y el espacio. Es el regalo perfecto para ni\u00f1os de 9 a 11 a\u00f1os. \u00a1Grandes r\u00e9cords! te ofrece los primeros, los m\u00e1s r\u00e1pidos, los m\u00e1s  largos, los m\u00e1s extensos, los m\u00e1s grandes y los mejores entre todos los  r\u00e9cords mundiales. Sigue la pista del desplazamiento migratorio m\u00e1s  largo de los tiburones (20.000 kil\u00f3metros); visita el lugar m\u00e1s fr\u00edo del  planeta (la estaci\u00f3n Vostok, en la Ant\u00e1rtida, a unos g\u00e9lidos -89,2  grados cent\u00edgrados); observa c\u00f3mo el pionero de la aviaci\u00f3n Chuck Yeager  rompi\u00f3 por primera vez la barrera del sonido, y mucho m\u00e1s. Una exhibici\u00f3n de los mayores logros del ser humano: desde los primeros  inventores hasta las modernas haza\u00f1as de la ingenier\u00eda, la tecnolog\u00eda,  el transporte y los deportes. Este libro va m\u00e1s all\u00e1 de los avances del  ser humano, tambi\u00e9n incluye r\u00e9cords de animales, plantas, el planeta Tierra y el espacio. Desc\u00fabrelo todo acerca de lo mejor de lo mejor en  \u00a1Grandes r\u00e9cords!, un libro entretenido y educativo para toda la familia.<\/p>\n","protected":false},"excerpt":{"rendered":"<p>DK<\/p>\n","protected":false},"featured_media":68428,"template":"","meta":{"_acf_changed":false,"om_disable_all_campaigns":false,"rs_blank_template":"","rs_page_bg_color":"","slide_template_v7":"","inline_featured_image":false,"_monsterinsights_skip_tracking":false,"_monsterinsights_sitenote_active":false,"_monsterinsights_sitenote_note":"","_monsterinsights_sitenote_category":0},"product_brand":[],"product_cat":[352,86,566,117,105,555],"product_tag":[],"class_list":{"0":"post-1272","1":"product","2":"type-product","3":"status-publish","4":"has-post-thumbnail","6":"product_cat-infantil-3_infantil-juvenil-spa","7":"product_cat-infantil","8":"product_cat-juvenil-3_infantil-juvenil-spa-spa","9":"product_cat-juvenil","10":"product_cat-regal","11":"product_cat-regalo","13":"first","14":"instock","15":"taxable","16":"shipping-taxable","17":"purchasable","18":"product-type-simple"},"acf":{"autor":"DK","codart":"024138239","ediciones":"1","encuadernacion":"Carton\u00e9","fecha_de_publicacion":"01\/03\/2019","novedad":"1","paginas":"192","subtitulo":"M\u00c1S R\u00c1PIDO. M\u00c1S GRANDE. M\u00c1S FUERTE.","orden":"0","portada":"0","idioma":"spa","libros-coleccion":"Conocimiento","autores-libros":[{"ID":5403,"post_author":"3","post_date":"2022-07-28 17:23:14","post_date_gmt":"2022-07-28 15:23:14","post_content":"","post_title":"DK","post_excerpt":"","post_status":"publish","comment_status":"closed","ping_status":"closed","post_password":"","post_name":"dk","to_ping":"","pinged":"","post_modified":"2022-07-28 17:23:14","post_modified_gmt":"2022-07-28 15:23:14","post_content_filtered":"","post_parent":0,"guid":"http:\/\/dev.claret.cat\/autor\/dk\/","menu_order":0,"post_type":"autor","post_mime_type":"","comment_count":"0","filter":"raw"}],"editorial":[{"ID":6186,"post_author":"3","post_date":"2022-07-28 17:46:45","post_date_gmt":"2022-07-28 15:46:45","post_content":"","post_title":"DK","post_excerpt":"","post_status":"publish","comment_status":"closed","ping_status":"closed","post_password":"","post_name":"dk","to_ping":"","pinged":"","post_modified":"2022-07-28 17:46:45","post_modified_gmt":"2022-07-28 15:46:45","post_content_filtered":"","post_parent":0,"guid":"http:\/\/dev.claret.cat\/editorial\/dk\/","menu_order":0,"post_type":"editorial","post_mime_type":"","comment_count":"0","filter":"raw"}]},"aioseo_notices":[],"_links":{"self":[{"href":"https:\/\/www.claret.cat\/es\/wp-json\/wp\/v2\/product\/1272","targetHints":{"allow":["GET"]}}],"collection":[{"href":"https:\/\/www.claret.cat\/es\/wp-json\/wp\/v2\/product"}],"about":[{"href":"https:\/\/www.claret.cat\/es\/wp-json\/wp\/v2\/types\/product"}],"wp:featuredmedia":[{"embeddable":true,"href":"https:\/\/www.claret.cat\/es\/wp-json\/wp\/v2\/media\/68428"}],"wp:attachment":[{"href":"https:\/\/www.claret.cat\/es\/wp-json\/wp\/v2\/media?parent=1272"}],"wp:term":[{"taxonomy":"product_brand","embeddable":true,"href":"https:\/\/www.claret.cat\/es\/wp-json\/wp\/v2\/product_brand?post=1272"},{"taxonomy":"product_cat","embeddable":true,"href":"https:\/\/www.claret.cat\/es\/wp-json\/wp\/v2\/product_cat?post=1272"},{"taxonomy":"product_tag","embeddable":true,"href":"https:\/\/www.claret.cat\/es\/wp-json\/wp\/v2\/product_tag?post=1272"}],"curies":[{"name":"wp","href":"https:\/\/api.w.org\/{rel}","templated":true}]}}