{"id":127213,"date":"2022-10-12T22:34:42","date_gmt":"2022-10-12T20:34:42","guid":{"rendered":"http:\/\/dev.claret.cat\/producte\/el-principe-3\/"},"modified":"2023-01-28T19:07:42","modified_gmt":"2023-01-28T18:07:42","slug":"el-principe-9788417430825","status":"publish","type":"product","link":"https:\/\/www.claret.cat\/es\/libro\/el-principe-9788417430825\/","title":{"rendered":"EL PR\u00cdNCIPE"},"content":{"rendered":"<p>Esta es la obra m\u00e1s conocida de Nicol\u00e1s Maquiavelo. M\u00e1s all\u00e1 de asuntos secundarios y casi ex\u00f3ticos como el abuso del t\u00e9rmino \u00abmaquiav\u00e9lico\u00bb para referirse a algo astuto o enga\u00f1oso, tenemos aqu\u00ed un tratado intachable, cuya vigencia en la actualidad resulta asombrosa, sobre las cualidades que debe reunir un buen gobernante. Las reflexiones de Maquiavelo son una lectura obligatoria para quien desee comprender cu\u00e1les son la naturaleza y los l\u00edmites del poder.<\/p>\n","protected":false},"excerpt":{"rendered":"<p>MAQUIAVELO, NICOL\u00c1S<\/p>\n","protected":false},"featured_media":127214,"template":"","meta":{"_acf_changed":false,"om_disable_all_campaigns":false,"rs_blank_template":"","rs_page_bg_color":"","slide_template_v7":"","inline_featured_image":false,"_monsterinsights_skip_tracking":false,"_monsterinsights_sitenote_active":false,"_monsterinsights_sitenote_note":"","_monsterinsights_sitenote_category":0},"product_brand":[],"product_cat":[123],"product_tag":[],"class_list":{"0":"post-127213","1":"product","2":"type-product","3":"status-publish","4":"has-post-thumbnail","6":"product_cat-classica","8":"first","9":"instock","10":"taxable","11":"shipping-taxable","12":"purchasable","13":"product-type-simple"},"acf":{"autor":"MAQUIAVELO, NICOL\u00c1S","codart":"841743082","libros-coleccion":"Cl\u00e1sicos","ediciones":"1","encuadernacion":"Carton\u00e9","fecha_de_publicacion":"01\/10\/2019","novedad":"1","paginas":"158","subtitulo":"","orden":"0","portada":"0","idioma":"spa","editorial":[{"ID":147917,"post_author":"3","post_date":"2022-10-14 11:54:14","post_date_gmt":"2022-10-14 09:54:14","post_content":"","post_title":"EDITORIAL ALMA","post_excerpt":"","post_status":"publish","comment_status":"closed","ping_status":"closed","post_password":"","post_name":"editorial-alma","to_ping":"","pinged":"","post_modified":"2022-10-14 11:54:14","post_modified_gmt":"2022-10-14 09:54:14","post_content_filtered":"","post_parent":0,"guid":"http:\/\/dev.claret.cat\/editorial\/editorial-alma\/","menu_order":0,"post_type":"editorial","post_mime_type":"","comment_count":"0","filter":"raw"}],"autores-libros":[{"ID":165838,"post_author":"3","post_date":"2022-10-14 17:58:21","post_date_gmt":"2022-10-14 15:58:21","post_content":"","post_title":"NICOLAS MAQUIAVELO","post_excerpt":"","post_status":"publish","comment_status":"closed","ping_status":"closed","post_password":"","post_name":"nicolas-maquiavelo","to_ping":"","pinged":"","post_modified":"2022-10-14 17:58:21","post_modified_gmt":"2022-10-14 15:58:21","post_content_filtered":"","post_parent":0,"guid":"http:\/\/dev.claret.cat\/autor\/nicolas-maquiavelo\/","menu_order":0,"post_type":"autor","post_mime_type":"","comment_count":"0","filter":"raw"}]},"aioseo_notices":[],"_links":{"self":[{"href":"https:\/\/www.claret.cat\/es\/wp-json\/wp\/v2\/product\/127213","targetHints":{"allow":["GET"]}}],"collection":[{"href":"https:\/\/www.claret.cat\/es\/wp-json\/wp\/v2\/product"}],"about":[{"href":"https:\/\/www.claret.cat\/es\/wp-json\/wp\/v2\/types\/product"}],"wp:featuredmedia":[{"embeddable":true,"href":"https:\/\/www.claret.cat\/es\/wp-json\/wp\/v2\/media\/127214"}],"wp:attachment":[{"href":"https:\/\/www.claret.cat\/es\/wp-json\/wp\/v2\/media?parent=127213"}],"wp:term":[{"taxonomy":"product_brand","embeddable":true,"href":"https:\/\/www.claret.cat\/es\/wp-json\/wp\/v2\/product_brand?post=127213"},{"taxonomy":"product_cat","embeddable":true,"href":"https:\/\/www.claret.cat\/es\/wp-json\/wp\/v2\/product_cat?post=127213"},{"taxonomy":"product_tag","embeddable":true,"href":"https:\/\/www.claret.cat\/es\/wp-json\/wp\/v2\/product_tag?post=127213"}],"curies":[{"name":"wp","href":"https:\/\/api.w.org\/{rel}","templated":true}]}}