{"id":127309,"date":"2022-10-12T22:36:16","date_gmt":"2022-10-12T20:36:16","guid":{"rendered":"http:\/\/dev.claret.cat\/producte\/educacion-y-diversidad-cultural\/"},"modified":"2024-05-23T06:06:46","modified_gmt":"2024-05-23T04:06:46","slug":"educacion-y-diversidad-cultural-9788490239582","status":"publish","type":"product","link":"https:\/\/www.claret.cat\/es\/libro\/educacion-y-diversidad-cultural-9788490239582\/","title":{"rendered":"EDUCACI\u00d3N Y DIVERSIDAD CULTURAL"},"content":{"rendered":"<p>El libro se dirige a estudiantes y profesionales de la educaci\u00f3n (profesores de los distintos niveles y educadores sociales) y, en general, a cuantas personas quieran acercarse a aspectos optimizadores de nuestra diversificada realidad sociocultural, acreedora de atenci\u00f3n, salvaguarda y fomento.  Desde una perspectiva cient\u00edfica y humanista, se enfatiza el papel de la educaci\u00f3n escolar y social en el reconocimiento, la protecci\u00f3n y el cultivo de la diversidad cultural, as\u00ed como en la prevenci\u00f3n de la violencia y en la promoci\u00f3n de la convivencia en nuestras sociedades plurales y complejas. <br \/> Estas p\u00e1ginas, fruto de la reflexi\u00f3n personal y compartida, la experiencia, la investigaci\u00f3n y la revisi\u00f3n bibliogr\u00e1fica, abordan relevantes cuestiones pedag\u00f3gicas.  En definitiva, un libro pedag\u00f3gico actual, cimentado en la dignidad de la persona, que rebasa el campo escolar y entra de lleno en el \u00e1mbito social, a los que ofrece claves educativas para que la diversidad cultural reciba la valoraci\u00f3n espiritual y material que merece.<\/p>\n","protected":false},"excerpt":{"rendered":"<p>MART\u00cdNEZ-OTERO, VALENT\u00cdN<\/p>\n","protected":false},"featured_media":359579,"template":"","meta":{"_acf_changed":false,"om_disable_all_campaigns":false,"rs_blank_template":"","rs_page_bg_color":"","slide_template_v7":"","inline_featured_image":false,"_monsterinsights_skip_tracking":false,"_monsterinsights_sitenote_active":false,"_monsterinsights_sitenote_note":"","_monsterinsights_sitenote_category":0},"product_brand":[],"product_cat":[447,177],"product_tag":[],"class_list":{"0":"post-127309","1":"product","2":"type-product","3":"status-publish","4":"has-post-thumbnail","6":"product_cat-estudios-e-investigacion","7":"product_cat-estudis-i-investigacio","9":"first","10":"instock","11":"taxable","12":"shipping-taxable","13":"purchasable","14":"product-type-simple"},"acf":{"editorial":[{"ID":6155,"post_author":"3","post_date":"2022-07-28 17:46:04","post_date_gmt":"2022-07-28 15:46:04","post_content":"","post_title":"Central Catequ\u00edstica Salesiana","post_excerpt":"","post_status":"publish","comment_status":"closed","ping_status":"closed","post_password":"","post_name":"central-catequistica-salesiana","to_ping":"","pinged":"","post_modified":"2022-07-28 17:46:04","post_modified_gmt":"2022-07-28 15:46:04","post_content_filtered":"","post_parent":0,"guid":"http:\/\/dev.claret.cat\/editorial\/central-catequistica-salesiana\/","menu_order":0,"post_type":"editorial","post_mime_type":"","comment_count":"0","filter":"raw"}],"autor":"MART\u00cdNEZ-OTERO, VALENT\u00cdN","codart":"849023958","libros-coleccion":"Campus","ediciones":"1","encuadernacion":"R\u00fastica","fecha_de_publicacion":"27\/09\/2019","novedad":"1","paginas":"140","subtitulo":"","orden":"0","portada":"0","idioma":"spa","autores-libros":[{"ID":170761,"post_author":"3","post_date":"2022-10-14 22:37:57","post_date_gmt":"2022-10-14 20:37:57","post_content":"","post_title":"VALENT\u00cdN MART\u00cdNEZ-OTERO","post_excerpt":"","post_status":"publish","comment_status":"closed","ping_status":"closed","post_password":"","post_name":"valentin-martinez-otero-2","to_ping":"","pinged":"","post_modified":"2022-10-14 22:37:57","post_modified_gmt":"2022-10-14 20:37:57","post_content_filtered":"","post_parent":0,"guid":"http:\/\/dev.claret.cat\/autor\/valentin-martinez-otero-2\/","menu_order":0,"post_type":"autor","post_mime_type":"","comment_count":"0","filter":"raw"}]},"aioseo_notices":[],"_links":{"self":[{"href":"https:\/\/www.claret.cat\/es\/wp-json\/wp\/v2\/product\/127309","targetHints":{"allow":["GET"]}}],"collection":[{"href":"https:\/\/www.claret.cat\/es\/wp-json\/wp\/v2\/product"}],"about":[{"href":"https:\/\/www.claret.cat\/es\/wp-json\/wp\/v2\/types\/product"}],"wp:featuredmedia":[{"embeddable":true,"href":"https:\/\/www.claret.cat\/es\/wp-json\/wp\/v2\/media\/359579"}],"wp:attachment":[{"href":"https:\/\/www.claret.cat\/es\/wp-json\/wp\/v2\/media?parent=127309"}],"wp:term":[{"taxonomy":"product_brand","embeddable":true,"href":"https:\/\/www.claret.cat\/es\/wp-json\/wp\/v2\/product_brand?post=127309"},{"taxonomy":"product_cat","embeddable":true,"href":"https:\/\/www.claret.cat\/es\/wp-json\/wp\/v2\/product_cat?post=127309"},{"taxonomy":"product_tag","embeddable":true,"href":"https:\/\/www.claret.cat\/es\/wp-json\/wp\/v2\/product_tag?post=127309"}],"curies":[{"name":"wp","href":"https:\/\/api.w.org\/{rel}","templated":true}]}}