{"id":127315,"date":"2022-10-12T22:36:22","date_gmt":"2022-10-12T20:36:22","guid":{"rendered":"http:\/\/dev.claret.cat\/producte\/superratoli\/"},"modified":"2025-05-15T12:20:38","modified_gmt":"2025-05-15T10:20:38","slug":"superratoli-9788447939770","status":"publish","type":"product","link":"https:\/\/www.claret.cat\/es\/libro\/superratoli-9788447939770\/","title":{"rendered":"SUPERRATOL\u00cd"},"content":{"rendered":"<p>La not\u00edcia del robatori del Gran Formatge s&#8221;est\u00e9n com la p\u00f3lvora per Rat\u00f2polis. Qui ha estat el ro\u00ed rosegador que ha robat aquesta magn\u00edfica menja? Podr\u00e0 el nostre heroi emmascarat, en Superratol\u00ed, capturar el mal\u00e8vol malfactor abans que no sigui massa tard?. Gaudeix d&#8221;aquesta aventura enginyosa i emocionant, d&#8221;aquestes p\u00e0gines que t&#8221;atraparan, plenes de detalls fabulosos i divertits!.<\/p>\n","protected":false},"excerpt":{"rendered":"<p>TAHL, M. N.<\/p>\n","protected":false},"featured_media":127316,"template":"","meta":{"_acf_changed":false,"om_disable_all_campaigns":false,"rs_blank_template":"","rs_page_bg_color":"","slide_template_v7":"","inline_featured_image":false,"_monsterinsights_skip_tracking":false,"_monsterinsights_sitenote_active":false,"_monsterinsights_sitenote_note":"","_monsterinsights_sitenote_category":0},"product_brand":[],"product_cat":[90,540],"product_tag":[],"class_list":{"0":"post-127315","1":"product","2":"type-product","3":"status-publish","4":"has-post-thumbnail","6":"product_cat-altres","7":"product_cat-otros","9":"first","10":"instock","11":"taxable","12":"shipping-taxable","13":"purchasable","14":"product-type-simple"},"acf":{"autor":"TAHL, M. N.","codart":"844793977","libros-coleccion":"\u00c0lbums","ediciones":"1","encuadernacion":"Carton\u00e9","fecha_de_publicacion":"01\/10\/2019","novedad":"1","paginas":"16","subtitulo":"","orden":"0","portada":"0","idioma":"cat","editorial":[{"ID":147536,"post_author":"3","post_date":"2022-10-14 11:51:19","post_date_gmt":"2022-10-14 09:51:19","post_content":"","post_title":"BAULA-EDELVIVES-VALENCIANO\/CATALAN-TXT-","post_excerpt":"","post_status":"publish","comment_status":"closed","ping_status":"closed","post_password":"","post_name":"baula-edelvives-valenciano-catalan-txt","to_ping":"","pinged":"","post_modified":"2022-10-14 11:51:19","post_modified_gmt":"2022-10-14 09:51:19","post_content_filtered":"","post_parent":0,"guid":"http:\/\/dev.claret.cat\/editorial\/baula-edelvives-valenciano-catalan-txt\/","menu_order":0,"post_type":"editorial","post_mime_type":"","comment_count":"0","filter":"raw"}],"autores-libros":[{"ID":162883,"post_author":"3","post_date":"2022-10-14 17:34:34","post_date_gmt":"2022-10-14 15:34:34","post_content":"","post_title":"M. N. TAHL","post_excerpt":"","post_status":"publish","comment_status":"closed","ping_status":"closed","post_password":"","post_name":"m-n-tahl","to_ping":"","pinged":"","post_modified":"2022-10-14 17:34:34","post_modified_gmt":"2022-10-14 15:34:34","post_content_filtered":"","post_parent":0,"guid":"http:\/\/dev.claret.cat\/autor\/m-n-tahl\/","menu_order":0,"post_type":"autor","post_mime_type":"","comment_count":"0","filter":"raw"}],"booktrailer":"","resenas":""},"aioseo_notices":[],"_links":{"self":[{"href":"https:\/\/www.claret.cat\/es\/wp-json\/wp\/v2\/product\/127315","targetHints":{"allow":["GET"]}}],"collection":[{"href":"https:\/\/www.claret.cat\/es\/wp-json\/wp\/v2\/product"}],"about":[{"href":"https:\/\/www.claret.cat\/es\/wp-json\/wp\/v2\/types\/product"}],"wp:featuredmedia":[{"embeddable":true,"href":"https:\/\/www.claret.cat\/es\/wp-json\/wp\/v2\/media\/127316"}],"wp:attachment":[{"href":"https:\/\/www.claret.cat\/es\/wp-json\/wp\/v2\/media?parent=127315"}],"wp:term":[{"taxonomy":"product_brand","embeddable":true,"href":"https:\/\/www.claret.cat\/es\/wp-json\/wp\/v2\/product_brand?post=127315"},{"taxonomy":"product_cat","embeddable":true,"href":"https:\/\/www.claret.cat\/es\/wp-json\/wp\/v2\/product_cat?post=127315"},{"taxonomy":"product_tag","embeddable":true,"href":"https:\/\/www.claret.cat\/es\/wp-json\/wp\/v2\/product_tag?post=127315"}],"curies":[{"name":"wp","href":"https:\/\/api.w.org\/{rel}","templated":true}]}}