{"id":127363,"date":"2022-10-12T22:37:06","date_gmt":"2022-10-12T20:37:06","guid":{"rendered":"http:\/\/dev.claret.cat\/producte\/el-meu-primer-hortet\/"},"modified":"2023-01-28T05:46:26","modified_gmt":"2023-01-28T04:46:26","slug":"el-meu-primer-hortet-9788490348468","status":"publish","type":"product","link":"https:\/\/www.claret.cat\/es\/libro\/el-meu-primer-hortet-9788490348468\/","title":{"rendered":"EL MEU PRIMER HORTET"},"content":{"rendered":"<p>Com si es tract\u00e9s d&#8221;un bon planter, aquesta petita guia pr\u00e0ctica i documental est\u00e0 feta per a tu. Al seu interior, descobreix tots els trucs i consells per crear el teu primer hortet al jard\u00ed o damunt del teu balc\u00f3. Aix\u00ed mateix hi trobar\u00e0s les respostes a les teves preguntes: Com crear un hort? On instal\u00b7lar-lo? Com preparar la terra? Com sembrar? I aix\u00f2 no \u00e9s tot, una guia d&#8221;observaci\u00f3 t&#8221;espera per aprendre a triar els fruits i les verdures f\u00e0cils de cultivar i com associar les plantes per atreure les bestioles beneficioses per al jard\u00ed i allunyar els par\u00e0sits.<\/p>\n","protected":false},"excerpt":{"rendered":"<p>KECIR-LEPETIT , EMMANUELLE<\/p>\n","protected":false},"featured_media":127364,"template":"","meta":{"_acf_changed":false,"om_disable_all_campaigns":false,"rs_blank_template":"","rs_page_bg_color":"","slide_template_v7":"","inline_featured_image":false,"_monsterinsights_skip_tracking":false,"_monsterinsights_sitenote_active":false,"_monsterinsights_sitenote_note":"","_monsterinsights_sitenote_category":0},"product_brand":[],"product_cat":[132,135],"product_tag":[],"class_list":{"0":"post-127363","1":"product","2":"type-product","3":"status-publish","4":"has-post-thumbnail","6":"product_cat-lectures-per-preadolescents-6-12-anys","7":"product_cat-entreteniment","9":"first","10":"instock","11":"taxable","12":"shipping-taxable","13":"purchasable","14":"product-type-simple"},"acf":{"editorial":[{"ID":148407,"post_author":"3","post_date":"2022-10-14 11:58:00","post_date_gmt":"2022-10-14 09:58:00","post_content":"","post_title":"LECTIO - IMATGE-9","post_excerpt":"","post_status":"publish","comment_status":"closed","ping_status":"closed","post_password":"","post_name":"lectio-imatge-9","to_ping":"","pinged":"","post_modified":"2022-10-14 11:58:00","post_modified_gmt":"2022-10-14 09:58:00","post_content_filtered":"","post_parent":0,"guid":"http:\/\/dev.claret.cat\/editorial\/lectio-imatge-9\/","menu_order":0,"post_type":"editorial","post_mime_type":"","comment_count":"0","filter":"raw"}],"autor":"KECIR-LEPETIT , EMMANUELLE","codart":"849034846","libros-coleccion":"Altres infantil","ediciones":"1","encuadernacion":"Carton\u00e9","fecha_de_publicacion":"01\/09\/2019","novedad":"1","paginas":"46","subtitulo":"","orden":"0","portada":"0","idioma":"cat","autores-libros":[{"ID":155060,"post_author":"3","post_date":"2022-10-14 15:09:50","post_date_gmt":"2022-10-14 13:09:50","post_content":"","post_title":"EMMANUELLE KECIR-LEPETIT","post_excerpt":"","post_status":"publish","comment_status":"closed","ping_status":"closed","post_password":"","post_name":"emmanuelle-kecir-lepetit","to_ping":"","pinged":"","post_modified":"2022-10-14 15:09:50","post_modified_gmt":"2022-10-14 13:09:50","post_content_filtered":"","post_parent":0,"guid":"http:\/\/dev.claret.cat\/autor\/emmanuelle-kecir-lepetit\/","menu_order":0,"post_type":"autor","post_mime_type":"","comment_count":"0","filter":"raw"}]},"aioseo_notices":[],"_links":{"self":[{"href":"https:\/\/www.claret.cat\/es\/wp-json\/wp\/v2\/product\/127363","targetHints":{"allow":["GET"]}}],"collection":[{"href":"https:\/\/www.claret.cat\/es\/wp-json\/wp\/v2\/product"}],"about":[{"href":"https:\/\/www.claret.cat\/es\/wp-json\/wp\/v2\/types\/product"}],"wp:featuredmedia":[{"embeddable":true,"href":"https:\/\/www.claret.cat\/es\/wp-json\/wp\/v2\/media\/127364"}],"wp:attachment":[{"href":"https:\/\/www.claret.cat\/es\/wp-json\/wp\/v2\/media?parent=127363"}],"wp:term":[{"taxonomy":"product_brand","embeddable":true,"href":"https:\/\/www.claret.cat\/es\/wp-json\/wp\/v2\/product_brand?post=127363"},{"taxonomy":"product_cat","embeddable":true,"href":"https:\/\/www.claret.cat\/es\/wp-json\/wp\/v2\/product_cat?post=127363"},{"taxonomy":"product_tag","embeddable":true,"href":"https:\/\/www.claret.cat\/es\/wp-json\/wp\/v2\/product_tag?post=127363"}],"curies":[{"name":"wp","href":"https:\/\/api.w.org\/{rel}","templated":true}]}}