{"id":127636,"date":"2022-10-12T22:41:22","date_gmt":"2022-10-12T20:41:22","guid":{"rendered":"http:\/\/dev.claret.cat\/producte\/iconografia-de-santa-teresa-iv\/"},"modified":"2024-05-23T08:34:20","modified_gmt":"2024-05-23T06:34:20","slug":"iconografia-de-santa-teresa-iv-9788483539545","status":"publish","type":"product","link":"https:\/\/www.claret.cat\/es\/libro\/iconografia-de-santa-teresa-iv-9788483539545\/","title":{"rendered":"ICONOGRAF\u00cdA DE SANTA TERESA &#8211; IV"},"content":{"rendered":"<p>El cuarto tomo de la serie de Iconograf\u00eda teresiana est\u00e1 dedicado a la Iconograf\u00eda de los reformadores descalzos y la estampa aleg\u00f3rica, mostr\u00e1ndose en la primera parte una \u00f3ptica de la configuraci\u00f3n de las im\u00e1genes teresianas, incidiendo en los festejos de beatificaci\u00f3n, canonizaci\u00f3n y copatronazgo de santa Teresa junto a Santiago. El segundo cap\u00edtulo est\u00e1 dedicado a la iconograf\u00eda teresiano-sanjuanista, que se completa con las obras que recogen su presencia en las series del primer descalzo. La tercera parte est\u00e1 dedicada a la estampa conceptual y pedag\u00f3gica. El Carmelo teresiano es una de las \u00f3rdenes religiosas m\u00e1s participativas de la cultura emblem\u00e1tica que tan extenso desarrollo tuvo en la Edad Moderna.<\/p>\n<p>Mi opini\u00f3n sobre es<\/p>\n","protected":false},"excerpt":{"rendered":"<p>MORENO CUADRO, FERNANDO<\/p>\n","protected":false},"featured_media":357937,"template":"","meta":{"_acf_changed":false,"om_disable_all_campaigns":false,"rs_blank_template":"","rs_page_bg_color":"","slide_template_v7":"","inline_featured_image":false,"_monsterinsights_skip_tracking":false,"_monsterinsights_sitenote_active":false,"_monsterinsights_sitenote_note":"","_monsterinsights_sitenote_category":0},"product_brand":[],"product_cat":[545,95,92,542],"product_tag":[],"class_list":{"0":"post-127636","1":"product","2":"type-product","3":"status-publish","4":"has-post-thumbnail","6":"product_cat-santoral-1_espiritualidad-spa","7":"product_cat-santoral","8":"product_cat-vida-religiosa","9":"product_cat-vida-religiosa-1_espiritualidad-spa","11":"first","12":"instock","13":"taxable","14":"shipping-taxable","15":"purchasable","16":"product-type-simple"},"acf":{"editorial":[{"ID":6309,"post_author":"3","post_date":"2022-07-28 17:49:25","post_date_gmt":"2022-07-28 15:49:25","post_content":"","post_title":"Monte Carmelo","post_excerpt":"","post_status":"publish","comment_status":"closed","ping_status":"closed","post_password":"","post_name":"monte-carmelo","to_ping":"","pinged":"","post_modified":"2022-07-28 17:49:25","post_modified_gmt":"2022-07-28 15:49:25","post_content_filtered":"","post_parent":0,"guid":"http:\/\/dev.claret.cat\/editorial\/monte-carmelo\/","menu_order":0,"post_type":"editorial","post_mime_type":"","comment_count":"0","filter":"raw"}],"autor":"MORENO CUADRO, FERNANDO","codart":"848353954","libros-coleccion":"","ediciones":"1","encuadernacion":"R\u00fastica","fecha_de_publicacion":"27\/09\/2019","novedad":"1","paginas":"480","subtitulo":"ICONOGRAF\u00cdA DE LOS REFORMADORES DESCALZOS Y LA ESTAMPA ALEG\u00d3RICA","orden":"0","portada":"0","idioma":"spa","autores-libros":[{"ID":155847,"post_author":"3","post_date":"2022-10-14 15:16:06","post_date_gmt":"2022-10-14 13:16:06","post_content":"","post_title":"FERNANDO MORENO CUADRO","post_excerpt":"","post_status":"publish","comment_status":"closed","ping_status":"closed","post_password":"","post_name":"fernando-moreno-cuadro","to_ping":"","pinged":"","post_modified":"2022-10-14 15:16:06","post_modified_gmt":"2022-10-14 13:16:06","post_content_filtered":"","post_parent":0,"guid":"http:\/\/dev.claret.cat\/autor\/fernando-moreno-cuadro\/","menu_order":0,"post_type":"autor","post_mime_type":"","comment_count":"0","filter":"raw"}]},"aioseo_notices":[],"_links":{"self":[{"href":"https:\/\/www.claret.cat\/es\/wp-json\/wp\/v2\/product\/127636","targetHints":{"allow":["GET"]}}],"collection":[{"href":"https:\/\/www.claret.cat\/es\/wp-json\/wp\/v2\/product"}],"about":[{"href":"https:\/\/www.claret.cat\/es\/wp-json\/wp\/v2\/types\/product"}],"wp:featuredmedia":[{"embeddable":true,"href":"https:\/\/www.claret.cat\/es\/wp-json\/wp\/v2\/media\/357937"}],"wp:attachment":[{"href":"https:\/\/www.claret.cat\/es\/wp-json\/wp\/v2\/media?parent=127636"}],"wp:term":[{"taxonomy":"product_brand","embeddable":true,"href":"https:\/\/www.claret.cat\/es\/wp-json\/wp\/v2\/product_brand?post=127636"},{"taxonomy":"product_cat","embeddable":true,"href":"https:\/\/www.claret.cat\/es\/wp-json\/wp\/v2\/product_cat?post=127636"},{"taxonomy":"product_tag","embeddable":true,"href":"https:\/\/www.claret.cat\/es\/wp-json\/wp\/v2\/product_tag?post=127636"}],"curies":[{"name":"wp","href":"https:\/\/api.w.org\/{rel}","templated":true}]}}