{"id":127666,"date":"2022-10-12T22:41:53","date_gmt":"2022-10-12T20:41:53","guid":{"rendered":"http:\/\/dev.claret.cat\/producte\/levangeli-celebrat\/"},"modified":"2026-01-27T12:12:11","modified_gmt":"2026-01-27T11:12:11","slug":"levangeli-celebrat-9788491652373","status":"publish","type":"product","link":"https:\/\/www.claret.cat\/es\/libro\/levangeli-celebrat-9788491652373\/","title":{"rendered":"L&#8217;EVANGELI CELEBRAT"},"content":{"rendered":"<p>\u00abUn llibre que no \u00e9s per a experts, sin\u00f3 per a qualsevol que es preocupi per una de les poques realitats essencials i decisives per a la vida de l&#8217;Esgl\u00e9sia. \u00bfEncara hi ha pastors i laics que creuen en la import\u00e0ncia de la lit\u00fargia per dedicar temps a un llibre sobre el tema?\u00bb. Amb aquestes paraules provocadores, els autors comencen aquest llibre, que reuneix un recull d&#8217;articles sobre lit\u00fargia que s\u00f3n el resultat de les preguntes abordades en confer\u00e8ncies, seminaris, setmanes lit\u00fargiques, recessos. Per tant, han estat escrits i dissenyats per a destinataris concrets, i no abstractes, i per a circumst\u00e0ncies precises i no t\u00e8oriques.<br \/>Una aportaci\u00f3 necess\u00e0ria per recordar-nos l\u2019autentic sentit de la lit\u00fargia, en el cor del Misteri de l&#8217;Evangeli.<\/p>\n","protected":false},"excerpt":{"rendered":"<p>BIANCHI, ENZO; BOSELLI, GOFFREDO<\/p>\n","protected":false},"featured_media":1078423,"template":"","meta":{"_acf_changed":false,"om_disable_all_campaigns":false,"rs_blank_template":"","rs_page_bg_color":"","slide_template_v7":"","inline_featured_image":false,"_monsterinsights_skip_tracking":false,"_monsterinsights_sitenote_active":false,"_monsterinsights_sitenote_note":"","_monsterinsights_sitenote_category":0},"product_brand":[],"product_cat":[502,257,419,285],"product_tag":[],"class_list":{"0":"post-127666","1":"product","2":"type-product","3":"status-publish","4":"has-post-thumbnail","6":"product_cat-obras-generales-liturgia-1_espiritualidad","7":"product_cat-obres-generals-liturgia-1_espiritualitat","8":"product_cat-pastoral-teologia-1_espiritualidad","9":"product_cat-pastoral-teologia","11":"first","12":"instock","13":"taxable","14":"shipping-taxable","15":"purchasable","16":"product-type-simple"},"acf":{"editorial":[{"ID":6172,"post_author":"3","post_date":"2022-07-28 17:46:27","post_date_gmt":"2022-07-28 15:46:27","post_content":"","post_title":"CPL","post_excerpt":"","post_status":"publish","comment_status":"closed","ping_status":"closed","post_password":"","post_name":"cpl","to_ping":"","pinged":"","post_modified":"2022-07-28 17:46:27","post_modified_gmt":"2022-07-28 15:46:27","post_content_filtered":"","post_parent":0,"guid":"http:\/\/dev.claret.cat\/editorial\/cpl\/","menu_order":0,"post_type":"editorial","post_mime_type":"","comment_count":"0","filter":"raw"}],"autores-libros":[{"ID":5454,"post_author":"3","post_date":"2022-07-28 17:24:18","post_date_gmt":"2022-07-28 15:24:18","post_content":"","post_title":"ENZO BIANCHI","post_excerpt":"","post_status":"publish","comment_status":"closed","ping_status":"closed","post_password":"","post_name":"enzo-bianchi","to_ping":"","pinged":"","post_modified":"2022-07-28 17:24:18","post_modified_gmt":"2022-07-28 15:24:18","post_content_filtered":"","post_parent":0,"guid":"http:\/\/dev.claret.cat\/autor\/enzo-bianchi\/","menu_order":0,"post_type":"autor","post_mime_type":"","comment_count":"0","filter":"raw"},{"ID":157012,"post_author":"3","post_date":"2022-10-14 15:25:25","post_date_gmt":"2022-10-14 13:25:25","post_content":"","post_title":"GOFFREDO BOSELLI","post_excerpt":"","post_status":"publish","comment_status":"closed","ping_status":"closed","post_password":"","post_name":"goffredo-boselli","to_ping":"","pinged":"","post_modified":"2022-10-14 15:25:25","post_modified_gmt":"2022-10-14 13:25:25","post_content_filtered":"","post_parent":0,"guid":"http:\/\/dev.claret.cat\/autor\/goffredo-boselli\/","menu_order":0,"post_type":"autor","post_mime_type":"","comment_count":"0","filter":"raw"}],"autor":"BIANCHI, ENZO; BOSELLI, GOFFREDO","codart":"849165237","libros-coleccion":"DOSSIERS-CATALA-C.P.L.","ediciones":"1","encuadernacion":"R\u00fastica","fecha_de_publicacion":"27\/09\/2019","novedad":"1","paginas":"200","subtitulo":"","orden":"0","portada":"0","idioma":"cat","booktrailer":"","resenas":""},"aioseo_notices":[],"_links":{"self":[{"href":"https:\/\/www.claret.cat\/es\/wp-json\/wp\/v2\/product\/127666","targetHints":{"allow":["GET"]}}],"collection":[{"href":"https:\/\/www.claret.cat\/es\/wp-json\/wp\/v2\/product"}],"about":[{"href":"https:\/\/www.claret.cat\/es\/wp-json\/wp\/v2\/types\/product"}],"wp:featuredmedia":[{"embeddable":true,"href":"https:\/\/www.claret.cat\/es\/wp-json\/wp\/v2\/media\/1078423"}],"wp:attachment":[{"href":"https:\/\/www.claret.cat\/es\/wp-json\/wp\/v2\/media?parent=127666"}],"wp:term":[{"taxonomy":"product_brand","embeddable":true,"href":"https:\/\/www.claret.cat\/es\/wp-json\/wp\/v2\/product_brand?post=127666"},{"taxonomy":"product_cat","embeddable":true,"href":"https:\/\/www.claret.cat\/es\/wp-json\/wp\/v2\/product_cat?post=127666"},{"taxonomy":"product_tag","embeddable":true,"href":"https:\/\/www.claret.cat\/es\/wp-json\/wp\/v2\/product_tag?post=127666"}],"curies":[{"name":"wp","href":"https:\/\/api.w.org\/{rel}","templated":true}]}}