{"id":12767,"date":"2022-10-01T22:02:36","date_gmt":"2022-10-01T20:02:36","guid":{"rendered":"http:\/\/dev.claret.cat\/producte\/la-guardia-del-leon-libro-educativo-disney-con-actividades-y-pegatinas\/"},"modified":"2026-03-09T13:55:41","modified_gmt":"2026-03-09T12:55:41","slug":"la-guardia-del-leon-libro-educativo-disney-con-actividades-y-pegatinas-9788416548026","status":"publish","type":"product","link":"https:\/\/www.claret.cat\/es\/libro\/la-guardia-del-leon-libro-educativo-disney-con-actividades-y-pegatinas-9788416548026\/","title":{"rendered":"LA GUARDIA DEL LE\u00d3N (LIBRO EDUCATIVO DISNEY CON ACTIVIDADES Y PEGATINAS)"},"content":{"rendered":"<p>Un divertido cuaderno educativo Disney para preescolares con un mont\u00f3n de actividades y pegatinas. \u00a1\u00danete a La Guardia del Le\u00f3n!Acompa\u00f1a a Kion y a todos sus amigos para proteger las Tierras del  Reino. P\u00e1satelo en grande y observa, escribe, dibuja, relaciona,   colorea&#8230; En cada p\u00e1gina descubrir\u00e1s divertidas actividades para  desarrollar tus habilidades \u00bfEst\u00e1s preparado para demostrar lo que sabes? En este cuaderno educativo encontrar\u00e1s ejercicios para ni\u00f1os a partir  de 4 a\u00f1os relacionados con las siguientes materias: matem\u00e1ticas, medio, autonom\u00eda personal, grafismo y lectura. \u00a1Aprender nunca ha sido tan divertido!<\/p>\n","protected":false},"excerpt":{"rendered":"<p>DISNEY<\/p>\n","protected":false},"featured_media":1088604,"template":"","meta":{"_acf_changed":false,"om_disable_all_campaigns":false,"rs_blank_template":"","rs_page_bg_color":"","slide_template_v7":"","inline_featured_image":false,"_monsterinsights_skip_tracking":false,"_monsterinsights_sitenote_active":false,"_monsterinsights_sitenote_note":"","_monsterinsights_sitenote_category":0},"product_brand":[],"product_cat":[86,352],"product_tag":[],"class_list":{"0":"post-12767","1":"product","2":"type-product","3":"status-publish","4":"has-post-thumbnail","6":"product_cat-infantil","7":"product_cat-infantil-3_infantil-juvenil-spa","9":"first","10":"outofstock","11":"taxable","12":"shipping-taxable","13":"purchasable","14":"product-type-simple"},"acf":{"autor":"DISNEY","codart":"841654802","libros-coleccion":"SUSHI BOOKS","ediciones":"1","encuadernacion":"R\u00fastica","fecha_de_publicacion":"01\/01\/2017","novedad":"1","paginas":"23","subtitulo":"","orden":"0","portada":"0","idioma":"spa","editorial":[{"ID":6162,"post_author":"3","post_date":"2022-07-28 17:46:13","post_date_gmt":"2022-07-28 15:46:13","post_content":"","post_title":"CLIPER PLUS","post_excerpt":"","post_status":"publish","comment_status":"closed","ping_status":"closed","post_password":"","post_name":"cliper-plus","to_ping":"","pinged":"","post_modified":"2022-07-28 17:46:13","post_modified_gmt":"2022-07-28 15:46:13","post_content_filtered":"","post_parent":0,"guid":"http:\/\/dev.claret.cat\/editorial\/cliper-plus\/","menu_order":0,"post_type":"editorial","post_mime_type":"","comment_count":"0","filter":"raw"}],"autores-libros":[{"ID":5400,"post_author":"3","post_date":"2022-07-28 17:23:10","post_date_gmt":"2022-07-28 15:23:10","post_content":"","post_title":"DISNEY","post_excerpt":"","post_status":"publish","comment_status":"closed","ping_status":"closed","post_password":"","post_name":"disney","to_ping":"","pinged":"","post_modified":"2022-07-28 17:23:10","post_modified_gmt":"2022-07-28 15:23:10","post_content_filtered":"","post_parent":0,"guid":"http:\/\/dev.claret.cat\/autor\/disney\/","menu_order":0,"post_type":"autor","post_mime_type":"","comment_count":"0","filter":"raw"}],"booktrailer":"","resenas":""},"aioseo_notices":[],"_links":{"self":[{"href":"https:\/\/www.claret.cat\/es\/wp-json\/wp\/v2\/product\/12767","targetHints":{"allow":["GET"]}}],"collection":[{"href":"https:\/\/www.claret.cat\/es\/wp-json\/wp\/v2\/product"}],"about":[{"href":"https:\/\/www.claret.cat\/es\/wp-json\/wp\/v2\/types\/product"}],"wp:featuredmedia":[{"embeddable":true,"href":"https:\/\/www.claret.cat\/es\/wp-json\/wp\/v2\/media\/1088604"}],"wp:attachment":[{"href":"https:\/\/www.claret.cat\/es\/wp-json\/wp\/v2\/media?parent=12767"}],"wp:term":[{"taxonomy":"product_brand","embeddable":true,"href":"https:\/\/www.claret.cat\/es\/wp-json\/wp\/v2\/product_brand?post=12767"},{"taxonomy":"product_cat","embeddable":true,"href":"https:\/\/www.claret.cat\/es\/wp-json\/wp\/v2\/product_cat?post=12767"},{"taxonomy":"product_tag","embeddable":true,"href":"https:\/\/www.claret.cat\/es\/wp-json\/wp\/v2\/product_tag?post=12767"}],"curies":[{"name":"wp","href":"https:\/\/api.w.org\/{rel}","templated":true}]}}