{"id":127672,"date":"2022-10-12T22:41:58","date_gmt":"2022-10-12T20:41:58","guid":{"rendered":"http:\/\/dev.claret.cat\/producte\/i-la-papallona-va-volar\/"},"modified":"2024-07-18T13:35:54","modified_gmt":"2024-07-18T11:35:54","slug":"i-la-papallona-va-volar-9788491652380","status":"publish","type":"product","link":"https:\/\/www.claret.cat\/es\/libro\/i-la-papallona-va-volar-9788491652380\/","title":{"rendered":"I LA PAPALLONA VA VOLAR"},"content":{"rendered":"<p>\u00bfPer qu\u00e8 \u00abla papallona va volar\u00bb a Dossiers CPL? Doncs, almenys per tres raons.<br \/>Perqu\u00e8 \u00e9s una obra sugeridora, intel\u00b7ligent, que sobrepassa en molt all\u00f2 a qu\u00e8 estem habitualment acostumats. S\u00f3n llegendes, contes, rondalles, faules&#8230; de tipus ben diversos, fruit de la imaginaci\u00f3 privilegiada de Mons. Delpini, d&#8217;una creativitat molt potent, escrits magistralment, amb un gran domini del llenguatge i dels recursos oratoris, textos curts, que s\u00f3n els que costa m\u00e9s de construir. Amb una fonamentaci\u00f3 b\u00edblica, sense que siguin aut\u00e8nticament b\u00edbllics. Carregats de bona teologia, sense ser cap tractat teol\u00f2gic. Plens de valors destil\u00b7lats de l&#8217;Evangeli. N&#8217;hi ha cinquanta-dos, un per a cada setmana de l&#8217;any, sense que hagi de ser aix\u00ed. Poden servir per a preg\u00e0ries, com a meditacions, per a grups ben diferents, per a situacions impensades, per a ser divulgats i ajudar a obrir horitzons. Una forma nova \u2013i de sempre!\u2013 de transmetre Evangeli. Fins i tot en les celebracions!<\/p>\n","protected":false},"excerpt":{"rendered":"<p>DESPINI, MARIO<\/p>\n","protected":false},"featured_media":361293,"template":"","meta":{"_acf_changed":false,"om_disable_all_campaigns":false,"rs_blank_template":"","rs_page_bg_color":"","slide_template_v7":"","inline_featured_image":false,"_monsterinsights_skip_tracking":false,"_monsterinsights_sitenote_active":false,"_monsterinsights_sitenote_note":"","_monsterinsights_sitenote_category":0},"product_brand":[],"product_cat":[143,576],"product_tag":[],"class_list":{"0":"post-127672","1":"product","2":"type-product","3":"status-publish","4":"has-post-thumbnail","6":"product_cat-educacio-en-valors","7":"product_cat-educacion-en-valores-escolar-4_escolar-spa","9":"first","10":"instock","11":"taxable","12":"shipping-taxable","13":"purchasable","14":"product-type-simple"},"acf":{"editorial":[{"ID":6172,"post_author":"3","post_date":"2022-07-28 17:46:27","post_date_gmt":"2022-07-28 15:46:27","post_content":"","post_title":"CPL","post_excerpt":"","post_status":"publish","comment_status":"closed","ping_status":"closed","post_password":"","post_name":"cpl","to_ping":"","pinged":"","post_modified":"2022-07-28 17:46:27","post_modified_gmt":"2022-07-28 15:46:27","post_content_filtered":"","post_parent":0,"guid":"http:\/\/dev.claret.cat\/editorial\/cpl\/","menu_order":0,"post_type":"editorial","post_mime_type":"","comment_count":"0","filter":"raw"}],"autor":"DESPINI, MARIO","codart":"849165238","libros-coleccion":"DOSSIERS-CATALA-C.P.L.","ediciones":"1","encuadernacion":"R\u00fastica","fecha_de_publicacion":"27\/09\/2019","novedad":"1","paginas":"128","subtitulo":"52 HIST\u00d2RIES SORPRENENTS","orden":"0","portada":"0","idioma":"cat","autores-libros":[{"ID":163973,"post_author":"3","post_date":"2022-10-14 17:43:20","post_date_gmt":"2022-10-14 15:43:20","post_content":"","post_title":"MARIO DESPINI","post_excerpt":"","post_status":"publish","comment_status":"closed","ping_status":"closed","post_password":"","post_name":"mario-despini","to_ping":"","pinged":"","post_modified":"2022-10-14 17:43:20","post_modified_gmt":"2022-10-14 15:43:20","post_content_filtered":"","post_parent":0,"guid":"http:\/\/dev.claret.cat\/autor\/mario-despini\/","menu_order":0,"post_type":"autor","post_mime_type":"","comment_count":"0","filter":"raw"}]},"aioseo_notices":[],"_links":{"self":[{"href":"https:\/\/www.claret.cat\/es\/wp-json\/wp\/v2\/product\/127672","targetHints":{"allow":["GET"]}}],"collection":[{"href":"https:\/\/www.claret.cat\/es\/wp-json\/wp\/v2\/product"}],"about":[{"href":"https:\/\/www.claret.cat\/es\/wp-json\/wp\/v2\/types\/product"}],"wp:featuredmedia":[{"embeddable":true,"href":"https:\/\/www.claret.cat\/es\/wp-json\/wp\/v2\/media\/361293"}],"wp:attachment":[{"href":"https:\/\/www.claret.cat\/es\/wp-json\/wp\/v2\/media?parent=127672"}],"wp:term":[{"taxonomy":"product_brand","embeddable":true,"href":"https:\/\/www.claret.cat\/es\/wp-json\/wp\/v2\/product_brand?post=127672"},{"taxonomy":"product_cat","embeddable":true,"href":"https:\/\/www.claret.cat\/es\/wp-json\/wp\/v2\/product_cat?post=127672"},{"taxonomy":"product_tag","embeddable":true,"href":"https:\/\/www.claret.cat\/es\/wp-json\/wp\/v2\/product_tag?post=127672"}],"curies":[{"name":"wp","href":"https:\/\/api.w.org\/{rel}","templated":true}]}}