{"id":127675,"date":"2022-10-12T22:42:01","date_gmt":"2022-10-12T20:42:01","guid":{"rendered":"http:\/\/dev.claret.cat\/producte\/y-la-mariposa-volo\/"},"modified":"2024-05-23T03:15:29","modified_gmt":"2024-05-23T01:15:29","slug":"y-la-mariposa-volo-9788491652397","status":"publish","type":"product","link":"https:\/\/www.claret.cat\/es\/libro\/y-la-mariposa-volo-9788491652397\/","title":{"rendered":"Y LA MARIPOSA VOL\u00d3"},"content":{"rendered":"<p>\u00bfPor qu\u00e9 \u00abla mariposa v\u00f3l\u00f3\u00bb en Dossiers CPL? Pues, por lo menos, por tres razones.<br \/>Porque es una obra sugerente y inteligente: leyendas, cuentos, narraciones, f\u00e1bulas&#8230; de contenido muy distinto, fruto de la imaginaci\u00f3n privilegiada de Mons. Mario Delpini, de una creatividad muy potente, escritos magistralmente, con un gran dominio del lenguaje y de los recursos oratorios. Con una fundamentaci\u00f3n b\u00edblica, sin que sean exactamente b\u00edblicos. Cargados de buena teolog\u00eda, sin ser ning\u00fan tratado teol\u00f3gico. Repletos de valores destilados del Evangelio. Hay cincuenta y dos textos, uno para cada semana del a\u00f1o, sin que tenga que ser as\u00ed. Pueden servir para orar, como meditaciones, para usar en grupos diversos, para situaciones impensables, para ser divulgados y ayudar a abrir horizontes. Una forma nueva \u2013\u00a1y de siempre!\u2013 de transmitir Evangelio. \u00a1Hasta para nuestras celebraciones!<\/p>\n","protected":false},"excerpt":{"rendered":"<p>DESPINI, MARIO<\/p>\n","protected":false},"featured_media":361295,"template":"","meta":{"_acf_changed":false,"om_disable_all_campaigns":false,"rs_blank_template":"","rs_page_bg_color":"","slide_template_v7":"","inline_featured_image":false,"_monsterinsights_skip_tracking":false,"_monsterinsights_sitenote_active":false,"_monsterinsights_sitenote_note":"","_monsterinsights_sitenote_category":0},"product_brand":[],"product_cat":[191,454],"product_tag":[],"class_list":{"0":"post-127675","1":"product","2":"type-product","3":"status-publish","4":"has-post-thumbnail","6":"product_cat-educacio-en-valors-pedagogia-2_humanitats","7":"product_cat-educacion-en-valores","9":"first","10":"instock","11":"taxable","12":"shipping-taxable","13":"purchasable","14":"product-type-simple"},"acf":{"editorial":[{"ID":6172,"post_author":"3","post_date":"2022-07-28 17:46:27","post_date_gmt":"2022-07-28 15:46:27","post_content":"","post_title":"CPL","post_excerpt":"","post_status":"publish","comment_status":"closed","ping_status":"closed","post_password":"","post_name":"cpl","to_ping":"","pinged":"","post_modified":"2022-07-28 17:46:27","post_modified_gmt":"2022-07-28 15:46:27","post_content_filtered":"","post_parent":0,"guid":"http:\/\/dev.claret.cat\/editorial\/cpl\/","menu_order":0,"post_type":"editorial","post_mime_type":"","comment_count":"0","filter":"raw"}],"autor":"DESPINI, MARIO","codart":"849165239","libros-coleccion":"DOSSIERS-CASTELLA-C.P.L.","ediciones":"1","encuadernacion":"R\u00fastica","fecha_de_publicacion":"27\/09\/2019","novedad":"1","paginas":"128","subtitulo":"52 HISTORIAS SORPRENDENTES","orden":"0","portada":"0","idioma":"spa","autores-libros":[{"ID":163973,"post_author":"3","post_date":"2022-10-14 17:43:20","post_date_gmt":"2022-10-14 15:43:20","post_content":"","post_title":"MARIO DESPINI","post_excerpt":"","post_status":"publish","comment_status":"closed","ping_status":"closed","post_password":"","post_name":"mario-despini","to_ping":"","pinged":"","post_modified":"2022-10-14 17:43:20","post_modified_gmt":"2022-10-14 15:43:20","post_content_filtered":"","post_parent":0,"guid":"http:\/\/dev.claret.cat\/autor\/mario-despini\/","menu_order":0,"post_type":"autor","post_mime_type":"","comment_count":"0","filter":"raw"}]},"aioseo_notices":[],"_links":{"self":[{"href":"https:\/\/www.claret.cat\/es\/wp-json\/wp\/v2\/product\/127675","targetHints":{"allow":["GET"]}}],"collection":[{"href":"https:\/\/www.claret.cat\/es\/wp-json\/wp\/v2\/product"}],"about":[{"href":"https:\/\/www.claret.cat\/es\/wp-json\/wp\/v2\/types\/product"}],"wp:featuredmedia":[{"embeddable":true,"href":"https:\/\/www.claret.cat\/es\/wp-json\/wp\/v2\/media\/361295"}],"wp:attachment":[{"href":"https:\/\/www.claret.cat\/es\/wp-json\/wp\/v2\/media?parent=127675"}],"wp:term":[{"taxonomy":"product_brand","embeddable":true,"href":"https:\/\/www.claret.cat\/es\/wp-json\/wp\/v2\/product_brand?post=127675"},{"taxonomy":"product_cat","embeddable":true,"href":"https:\/\/www.claret.cat\/es\/wp-json\/wp\/v2\/product_cat?post=127675"},{"taxonomy":"product_tag","embeddable":true,"href":"https:\/\/www.claret.cat\/es\/wp-json\/wp\/v2\/product_tag?post=127675"}],"curies":[{"name":"wp","href":"https:\/\/api.w.org\/{rel}","templated":true}]}}