{"id":127705,"date":"2022-10-12T22:42:29","date_gmt":"2022-10-12T20:42:29","guid":{"rendered":"http:\/\/dev.claret.cat\/producte\/explorem-tarragona\/"},"modified":"2023-01-28T16:57:26","modified_gmt":"2023-01-28T15:57:26","slug":"explorem-tarragona-9788499794914","status":"publish","type":"product","link":"https:\/\/www.claret.cat\/es\/libro\/explorem-tarragona-9788499794914\/","title":{"rendered":"EXPLOREM TARRAGONA!"},"content":{"rendered":"<p>Per a tota la fam\u00edlia! 48 missions i enigmes per resoldre. Segueix les rutes, escaneja els codis QR i descobreix els secrets de la ciutat de Tarragona.\u00a0<br \/> Suma punts i aconsegueix el teu diploma de superexplorador!\u00a0<br \/> Us proposem rec\u00f3rrer i explorar la ciutat com no ho heu fet mai, amb un munt de rutes, activitats i jocs per fer en fam\u00edlia. A m\u00e9s a m\u00e9s, viatjareu als seus or\u00edgens romans, trepitjareu la Part Alta, coneixereu els edificis i els monuments medievals, \u00abtocareu ferro\u00bb i descobrireu els secrets i els tresors que amaga Tarragona com uns aut\u00e8ntics exploradors.\u00a0<br \/> La col\u00b7lecci\u00f3 Explorem t\u00e9 altres t\u00edtols disponibles: Barcelona, Girona, Lleida i Menorca.<\/p>\n","protected":false},"excerpt":{"rendered":"<p>SERRET, CRISTINA<\/p>\n","protected":false},"featured_media":127706,"template":"","meta":{"_acf_changed":false,"om_disable_all_campaigns":false,"rs_blank_template":"","rs_page_bg_color":"","slide_template_v7":"","inline_featured_image":false,"_monsterinsights_skip_tracking":false,"_monsterinsights_sitenote_active":false,"_monsterinsights_sitenote_note":"","_monsterinsights_sitenote_category":0},"product_brand":[],"product_cat":[107],"product_tag":[],"class_list":{"0":"post-127705","1":"product","2":"type-product","3":"status-publish","4":"has-post-thumbnail","6":"product_cat-guies-de-viatge","8":"first","9":"instock","10":"taxable","11":"shipping-taxable","12":"purchasable","13":"product-type-simple"},"acf":{"editorial":[{"ID":148004,"post_author":"3","post_date":"2022-10-14 11:54:53","post_date_gmt":"2022-10-14 09:54:53","post_content":"","post_title":"Editorial Mediterr\u00e0nia, SL","post_excerpt":"","post_status":"publish","comment_status":"closed","ping_status":"closed","post_password":"","post_name":"editorial-mediterrania-sl","to_ping":"","pinged":"","post_modified":"2022-10-14 11:54:53","post_modified_gmt":"2022-10-14 09:54:53","post_content_filtered":"","post_parent":0,"guid":"http:\/\/dev.claret.cat\/editorial\/editorial-mediterrania-sl\/","menu_order":0,"post_type":"editorial","post_mime_type":"","comment_count":"0","filter":"raw"}],"autor":"SERRET, CRISTINA","codart":"849979491","libros-coleccion":"","ediciones":"1","encuadernacion":"R\u00fastica","fecha_de_publicacion":"01\/09\/2019","novedad":"1","paginas":"88","subtitulo":"","orden":"0","portada":"0","idioma":"cat","autores-libros":[{"ID":153396,"post_author":"3","post_date":"2022-10-14 14:56:26","post_date_gmt":"2022-10-14 12:56:26","post_content":"","post_title":"CRISTINA SERRET","post_excerpt":"","post_status":"publish","comment_status":"closed","ping_status":"closed","post_password":"","post_name":"cristina-serret","to_ping":"","pinged":"","post_modified":"2022-10-14 14:56:26","post_modified_gmt":"2022-10-14 12:56:26","post_content_filtered":"","post_parent":0,"guid":"http:\/\/dev.claret.cat\/autor\/cristina-serret\/","menu_order":0,"post_type":"autor","post_mime_type":"","comment_count":"0","filter":"raw"}]},"aioseo_notices":[],"_links":{"self":[{"href":"https:\/\/www.claret.cat\/es\/wp-json\/wp\/v2\/product\/127705","targetHints":{"allow":["GET"]}}],"collection":[{"href":"https:\/\/www.claret.cat\/es\/wp-json\/wp\/v2\/product"}],"about":[{"href":"https:\/\/www.claret.cat\/es\/wp-json\/wp\/v2\/types\/product"}],"wp:featuredmedia":[{"embeddable":true,"href":"https:\/\/www.claret.cat\/es\/wp-json\/wp\/v2\/media\/127706"}],"wp:attachment":[{"href":"https:\/\/www.claret.cat\/es\/wp-json\/wp\/v2\/media?parent=127705"}],"wp:term":[{"taxonomy":"product_brand","embeddable":true,"href":"https:\/\/www.claret.cat\/es\/wp-json\/wp\/v2\/product_brand?post=127705"},{"taxonomy":"product_cat","embeddable":true,"href":"https:\/\/www.claret.cat\/es\/wp-json\/wp\/v2\/product_cat?post=127705"},{"taxonomy":"product_tag","embeddable":true,"href":"https:\/\/www.claret.cat\/es\/wp-json\/wp\/v2\/product_tag?post=127705"}],"curies":[{"name":"wp","href":"https:\/\/api.w.org\/{rel}","templated":true}]}}