{"id":127906,"date":"2022-10-12T22:45:40","date_gmt":"2022-10-12T20:45:40","guid":{"rendered":"http:\/\/dev.claret.cat\/producte\/viaje-al-corazon-de-espana\/"},"modified":"2023-01-28T14:34:34","modified_gmt":"2023-01-28T13:34:34","slug":"viaje-al-corazon-de-espana-9788417241476","status":"publish","type":"product","link":"https:\/\/www.claret.cat\/es\/libro\/viaje-al-corazon-de-espana-9788417241476\/","title":{"rendered":"VIAJE AL CORAZ\u00d3N DE ESPA\u00d1A"},"content":{"rendered":"<p>Fernando Garc\u00eda de Cort\u00e1zar, con un enorme bagaje como historiador y viajero por Espa\u00f1a, acomete aqu\u00ed su obra m\u00e1s ambiciosa: un viaje sentimental al coraz\u00f3n de la naci\u00f3n a la que ha dedicado todas sus energ\u00edas y su decidido compromiso intelectual, un viaje tambi\u00e9n contra el olvido en horas de desaliento colectivo. A lo largo de unas 900 p\u00e1ginas el autor recorre la geograf\u00eda de Espa\u00f1a en busca de lo m\u00e1s bello que ha dado la naturaleza y de lo m\u00e1s original que ha desarrollado el hombre en su lento caminar por los siglos, en sus momentos de esplendor o desasosiego. Nunca antes un solo autor hab\u00eda acometido semejante tarea y la hab\u00eda culminado con tal \u00e9xito. Una obra excepcional, que pretende servir de gu\u00eda para recorrer la geograf\u00eda espa\u00f1ola con el acompa\u00f1amiento de un notable escritor que, gracias a su sensibilidad literaria, nos hace gozar al mismo tiempo de rincones in\u00e9ditos o bellezas ocultas y de encuentros inesperados en los caminos m\u00e1s trillados. Adem\u00e1s del texto del autor, la obra cuenta con unas fichas que, en pocas palabras, resumen el esp\u00edritu de cada provincia. Todo ello acompa\u00f1ado de unas ilustraciones hechas ex profeso.<\/p>\n","protected":false},"excerpt":{"rendered":"<p>GARC\u00cdA DE CORT\u00c1ZAR, FERNANDO<\/p>\n","protected":false},"featured_media":127907,"template":"","meta":{"_acf_changed":false,"om_disable_all_campaigns":false,"rs_blank_template":"","rs_page_bg_color":"","slide_template_v7":"","inline_featured_image":false,"_monsterinsights_skip_tracking":false,"_monsterinsights_sitenote_active":false,"_monsterinsights_sitenote_note":"","_monsterinsights_sitenote_category":0},"product_brand":[],"product_cat":[107],"product_tag":[],"class_list":{"0":"post-127906","1":"product","2":"type-product","3":"status-publish","4":"has-post-thumbnail","6":"product_cat-guies-de-viatge","8":"first","9":"instock","10":"taxable","11":"shipping-taxable","12":"purchasable","13":"product-type-simple"},"acf":{"autor":"GARC\u00cdA DE CORT\u00c1ZAR, FERNANDO","codart":"841724147","libros-coleccion":"MISCEL\u00c1NEA ARZALIA","ediciones":"1","encuadernacion":"R\u00fastica","fecha_de_publicacion":"01\/04\/2019","novedad":"1","paginas":"910","subtitulo":"","orden":"0","portada":"0","idioma":"spa","editorial":[{"ID":147476,"post_author":"3","post_date":"2022-10-14 11:50:52","post_date_gmt":"2022-10-14 09:50:52","post_content":"","post_title":"Arzalia Ediciones","post_excerpt":"","post_status":"publish","comment_status":"closed","ping_status":"closed","post_password":"","post_name":"arzalia-ediciones","to_ping":"","pinged":"","post_modified":"2022-10-14 11:50:52","post_modified_gmt":"2022-10-14 09:50:52","post_content_filtered":"","post_parent":0,"guid":"http:\/\/dev.claret.cat\/editorial\/arzalia-ediciones\/","menu_order":0,"post_type":"editorial","post_mime_type":"","comment_count":"0","filter":"raw"}],"autores-libros":[{"ID":155828,"post_author":"3","post_date":"2022-10-14 15:15:57","post_date_gmt":"2022-10-14 13:15:57","post_content":"","post_title":"FERNANDO GARCIA DE CORTAZAR","post_excerpt":"","post_status":"publish","comment_status":"closed","ping_status":"closed","post_password":"","post_name":"fernando-garcia-de-cortazar","to_ping":"","pinged":"","post_modified":"2022-10-14 15:15:57","post_modified_gmt":"2022-10-14 13:15:57","post_content_filtered":"","post_parent":0,"guid":"http:\/\/dev.claret.cat\/autor\/fernando-garcia-de-cortazar\/","menu_order":0,"post_type":"autor","post_mime_type":"","comment_count":"0","filter":"raw"}]},"aioseo_notices":[],"_links":{"self":[{"href":"https:\/\/www.claret.cat\/es\/wp-json\/wp\/v2\/product\/127906","targetHints":{"allow":["GET"]}}],"collection":[{"href":"https:\/\/www.claret.cat\/es\/wp-json\/wp\/v2\/product"}],"about":[{"href":"https:\/\/www.claret.cat\/es\/wp-json\/wp\/v2\/types\/product"}],"wp:featuredmedia":[{"embeddable":true,"href":"https:\/\/www.claret.cat\/es\/wp-json\/wp\/v2\/media\/127907"}],"wp:attachment":[{"href":"https:\/\/www.claret.cat\/es\/wp-json\/wp\/v2\/media?parent=127906"}],"wp:term":[{"taxonomy":"product_brand","embeddable":true,"href":"https:\/\/www.claret.cat\/es\/wp-json\/wp\/v2\/product_brand?post=127906"},{"taxonomy":"product_cat","embeddable":true,"href":"https:\/\/www.claret.cat\/es\/wp-json\/wp\/v2\/product_cat?post=127906"},{"taxonomy":"product_tag","embeddable":true,"href":"https:\/\/www.claret.cat\/es\/wp-json\/wp\/v2\/product_tag?post=127906"}],"curies":[{"name":"wp","href":"https:\/\/api.w.org\/{rel}","templated":true}]}}