{"id":127975,"date":"2022-10-12T22:46:43","date_gmt":"2022-10-12T20:46:43","guid":{"rendered":"http:\/\/dev.claret.cat\/producte\/satiras-epistolas-arte-poetica\/"},"modified":"2025-02-04T17:39:49","modified_gmt":"2025-02-04T16:39:49","slug":"satiras-epistolas-arte-poetica-9788424939083","status":"publish","type":"product","link":"https:\/\/www.claret.cat\/es\/libro\/satiras-epistolas-arte-poetica-9788424939083\/","title":{"rendered":"S\u00c1TIRAS, EP\u00cdSTOLAS, ARTE PO\u00c9TICA"},"content":{"rendered":"<p>Hombre de vasta cultura y de amplia formaci\u00f3n filos\u00f3fica, Horacio se convirti\u00f3 ya en vida en uno de los autores m\u00e1s importantes de la poes\u00eda latina y, de hecho, su influencia en la literatura posterior no ha cesado jam\u00e1s. Este volumen completa la publicaci\u00f3n de toda su obra en la Biblioteca Cl\u00e1sica Gredos recogiendo su poes\u00eda hexam\u00e9trica. En primer lugar, sus S\u00e1tiras, g\u00e9nero plenamente romano que Horacio refin\u00f3 y enriqueci\u00f3. En ellas, trata temas sobre todo \u00e9ticos con el fin de ayudar a la gente, de una manera ben\u00e9vola e ir\u00f3nica, a ser m\u00e1s felices. Pero tambi\u00e9n aborda asuntos literarios. Le siguen las Ep\u00edstolas, prolongaci\u00f3n del mismo g\u00e9nero, pero su forma ligeramente epistolar es novedosa en el g\u00e9nero. Culmina el volumen la m\u00e1s larga de sus ep\u00edstolas, conocida como Arte Po\u00e9tica, testamento literario horaciano, que durante siglos se consider\u00f3 norma de la poes\u00eda en toda la literatura europea. Publicado originalmente en la BCG con el n\u00famero 373, este volumen presenta la traducci\u00f3n de las S\u00e1tiras, Ep\u00edstolas y Arte Po\u00e9tica de Horacio realizada por Jos\u00e9 Luis Moralejo \u00c1lvarez (Universidad de Alcal\u00e1), quien tambi\u00e9n es autor de las introducciones a cada una de las obras. En todas ellas, la bibliograf\u00eda ha sido actualizada para esta edici\u00f3n.<\/p>\n","protected":false},"excerpt":{"rendered":"<p>HORACIO<\/p>\n","protected":false},"featured_media":127976,"template":"","meta":{"_acf_changed":false,"om_disable_all_campaigns":false,"rs_blank_template":"","rs_page_bg_color":"","slide_template_v7":"","inline_featured_image":false,"_monsterinsights_skip_tracking":false,"_monsterinsights_sitenote_active":false,"_monsterinsights_sitenote_note":"","_monsterinsights_sitenote_category":0},"product_brand":[],"product_cat":[148,367,373,166],"product_tag":[],"class_list":{"0":"post-127975","1":"product","2":"type-product","3":"status-publish","4":"has-post-thumbnail","6":"product_cat-antiga","7":"product_cat-antigua","8":"product_cat-autores","9":"product_cat-autors-filosofia","11":"first","12":"instock","13":"taxable","14":"shipping-taxable","15":"purchasable","16":"product-type-simple"},"acf":{"autor":"HORACIO","codart":"842493908","libros-coleccion":"NUEVA BCG","ediciones":"1","encuadernacion":"Carton\u00e9","fecha_de_publicacion":"01\/09\/2019","novedad":"1","paginas":"426","subtitulo":"","orden":"0","portada":"0","idioma":"spa","editorial":[{"ID":148225,"post_author":"3","post_date":"2022-10-14 11:56:36","post_date_gmt":"2022-10-14 09:56:36","post_content":"","post_title":"Gredos","post_excerpt":"","post_status":"publish","comment_status":"closed","ping_status":"closed","post_password":"","post_name":"gredos","to_ping":"","pinged":"","post_modified":"2022-10-14 11:56:36","post_modified_gmt":"2022-10-14 09:56:36","post_content_filtered":"","post_parent":0,"guid":"http:\/\/dev.claret.cat\/editorial\/gredos\/","menu_order":0,"post_type":"editorial","post_mime_type":"","comment_count":"0","filter":"raw"}],"autores-libros":[{"ID":157643,"post_author":"3","post_date":"2022-10-14 15:30:27","post_date_gmt":"2022-10-14 13:30:27","post_content":"","post_title":"HORACIO","post_excerpt":"","post_status":"publish","comment_status":"closed","ping_status":"closed","post_password":"","post_name":"horacio","to_ping":"","pinged":"","post_modified":"2022-10-14 15:30:27","post_modified_gmt":"2022-10-14 13:30:27","post_content_filtered":"","post_parent":0,"guid":"http:\/\/dev.claret.cat\/autor\/horacio\/","menu_order":0,"post_type":"autor","post_mime_type":"","comment_count":"0","filter":"raw"}]},"aioseo_notices":[],"_links":{"self":[{"href":"https:\/\/www.claret.cat\/es\/wp-json\/wp\/v2\/product\/127975","targetHints":{"allow":["GET"]}}],"collection":[{"href":"https:\/\/www.claret.cat\/es\/wp-json\/wp\/v2\/product"}],"about":[{"href":"https:\/\/www.claret.cat\/es\/wp-json\/wp\/v2\/types\/product"}],"wp:featuredmedia":[{"embeddable":true,"href":"https:\/\/www.claret.cat\/es\/wp-json\/wp\/v2\/media\/127976"}],"wp:attachment":[{"href":"https:\/\/www.claret.cat\/es\/wp-json\/wp\/v2\/media?parent=127975"}],"wp:term":[{"taxonomy":"product_brand","embeddable":true,"href":"https:\/\/www.claret.cat\/es\/wp-json\/wp\/v2\/product_brand?post=127975"},{"taxonomy":"product_cat","embeddable":true,"href":"https:\/\/www.claret.cat\/es\/wp-json\/wp\/v2\/product_cat?post=127975"},{"taxonomy":"product_tag","embeddable":true,"href":"https:\/\/www.claret.cat\/es\/wp-json\/wp\/v2\/product_tag?post=127975"}],"curies":[{"name":"wp","href":"https:\/\/api.w.org\/{rel}","templated":true}]}}