{"id":128254,"date":"2022-10-12T22:51:07","date_gmt":"2022-10-12T20:51:07","guid":{"rendered":"http:\/\/dev.claret.cat\/producte\/enola-holmes-y-el-misterio-de-la-doble-desaparicion-enola-holmes-la-novela-gra\/"},"modified":"2023-01-28T00:54:23","modified_gmt":"2023-01-27T23:54:23","slug":"enola-holmes-y-el-misterio-de-la-doble-desaparicion-enola-holmes-la-novela-gra-9788402422903","status":"publish","type":"product","link":"https:\/\/www.claret.cat\/es\/libro\/enola-holmes-y-el-misterio-de-la-doble-desaparicion-enola-holmes-la-novela-gra-9788402422903\/","title":{"rendered":"ENOLA HOLMES Y EL MISTERIO DE LA DOBLE DESAPARICI\u00d3N (ENOLA HOLMES. LA NOVELA GR\u00c1"},"content":{"rendered":"<p>Llegan las aventuras de Enola Holmes, la hemana peque\u00f1a del c\u00e9lebre detective Sherlock Holmes. Cuando Enola Holmes, hermana peque\u00f1a del c\u00e9lebre detective Sherlock  Holmes, descubre que su madre ha desaparecido, presiente que solo ella podr\u00e1 encontrarla. Ingeniosa y astuta, en el momento en que sus hermanos deciden mandarla a  un internado huye de la mansi\u00f3n familiar con el firme prop\u00f3sito de  dedicarse a dar con el paradero de personas desaparecidas y, a la vez,  seguirle la pista a su madre. Sus investigaciones la llevar\u00e1n a correr grandes peligros en los bajos fondos londinenses. \u00bfConseguir\u00e1 Enola salir de esta y esclarecer la desaparici\u00f3n de su madre, burlando a sus hermanos?<\/p>\n","protected":false},"excerpt":{"rendered":"<p>SPRINGER, NANCY \/ BLASCO, SERENA<\/p>\n","protected":false},"featured_media":128255,"template":"","meta":{"_acf_changed":false,"om_disable_all_campaigns":false,"rs_blank_template":"","rs_page_bg_color":"","slide_template_v7":"","inline_featured_image":false,"_monsterinsights_skip_tracking":false,"_monsterinsights_sitenote_active":false,"_monsterinsights_sitenote_note":"","_monsterinsights_sitenote_category":0},"product_brand":[],"product_cat":[132,134],"product_tag":[],"class_list":{"0":"post-128254","1":"product","2":"type-product","3":"status-publish","4":"has-post-thumbnail","6":"product_cat-lectures-per-preadolescents-6-12-anys","7":"product_cat-comics","9":"first","10":"instock","11":"taxable","12":"shipping-taxable","13":"purchasable","14":"product-type-simple"},"acf":{"editorial":[{"ID":147571,"post_author":"3","post_date":"2022-10-14 11:51:35","post_date_gmt":"2022-10-14 09:51:35","post_content":"","post_title":"Bruguera (Ediciones B)","post_excerpt":"","post_status":"publish","comment_status":"closed","ping_status":"closed","post_password":"","post_name":"bruguera-ediciones-b","to_ping":"","pinged":"","post_modified":"2022-10-14 11:51:35","post_modified_gmt":"2022-10-14 09:51:35","post_content_filtered":"","post_parent":0,"guid":"http:\/\/dev.claret.cat\/editorial\/bruguera-ediciones-b\/","menu_order":0,"post_type":"editorial","post_mime_type":"","comment_count":"0","filter":"raw"}],"autores-libros":[{"ID":165615,"post_author":"3","post_date":"2022-10-14 17:56:35","post_date_gmt":"2022-10-14 15:56:35","post_content":"","post_title":"NANCY SPRINGER","post_excerpt":"","post_status":"publish","comment_status":"closed","ping_status":"closed","post_password":"","post_name":"nancy-springer","to_ping":"","pinged":"","post_modified":"2022-10-14 17:56:35","post_modified_gmt":"2022-10-14 15:56:35","post_content_filtered":"","post_parent":0,"guid":"http:\/\/dev.claret.cat\/autor\/nancy-springer\/","menu_order":0,"post_type":"autor","post_mime_type":"","comment_count":"0","filter":"raw"},{"ID":169298,"post_author":"3","post_date":"2022-10-14 22:26:06","post_date_gmt":"2022-10-14 20:26:06","post_content":"","post_title":"SERENA BLASCO","post_excerpt":"","post_status":"publish","comment_status":"closed","ping_status":"closed","post_password":"","post_name":"serena-blasco","to_ping":"","pinged":"","post_modified":"2022-10-14 22:26:06","post_modified_gmt":"2022-10-14 20:26:06","post_content_filtered":"","post_parent":0,"guid":"http:\/\/dev.claret.cat\/autor\/serena-blasco\/","menu_order":0,"post_type":"autor","post_mime_type":"","comment_count":"0","filter":"raw"}],"autor":"SPRINGER, NANCY \/ BLASCO, SERENA","codart":"840242290","libros-coleccion":"Enola Holmes. La novela gr\u00e1fica","ediciones":"1","encuadernacion":"Carton\u00e9","fecha_de_publicacion":"01\/09\/2019","novedad":"1","paginas":"0","subtitulo":"","orden":"0","portada":"0","idioma":"spa"},"aioseo_notices":[],"_links":{"self":[{"href":"https:\/\/www.claret.cat\/es\/wp-json\/wp\/v2\/product\/128254","targetHints":{"allow":["GET"]}}],"collection":[{"href":"https:\/\/www.claret.cat\/es\/wp-json\/wp\/v2\/product"}],"about":[{"href":"https:\/\/www.claret.cat\/es\/wp-json\/wp\/v2\/types\/product"}],"wp:featuredmedia":[{"embeddable":true,"href":"https:\/\/www.claret.cat\/es\/wp-json\/wp\/v2\/media\/128255"}],"wp:attachment":[{"href":"https:\/\/www.claret.cat\/es\/wp-json\/wp\/v2\/media?parent=128254"}],"wp:term":[{"taxonomy":"product_brand","embeddable":true,"href":"https:\/\/www.claret.cat\/es\/wp-json\/wp\/v2\/product_brand?post=128254"},{"taxonomy":"product_cat","embeddable":true,"href":"https:\/\/www.claret.cat\/es\/wp-json\/wp\/v2\/product_cat?post=128254"},{"taxonomy":"product_tag","embeddable":true,"href":"https:\/\/www.claret.cat\/es\/wp-json\/wp\/v2\/product_tag?post=128254"}],"curies":[{"name":"wp","href":"https:\/\/api.w.org\/{rel}","templated":true}]}}