{"id":128284,"date":"2022-10-12T22:51:35","date_gmt":"2022-10-12T20:51:35","guid":{"rendered":"http:\/\/dev.claret.cat\/producte\/enola-holmes-y-el-sorprendente-caso-de-lady-alistair-enola-holmes-la-novela-gr\/"},"modified":"2025-12-22T13:35:26","modified_gmt":"2025-12-22T12:35:26","slug":"enola-holmes-y-el-sorprendente-caso-de-lady-alistair-enola-holmes-la-novela-gr-9788402422910","status":"publish","type":"product","link":"https:\/\/www.claret.cat\/es\/libro\/enola-holmes-y-el-sorprendente-caso-de-lady-alistair-enola-holmes-la-novela-gr-9788402422910\/","title":{"rendered":"ENOLA HOLMES Y EL SORPRENDENTE CASO DE LADY ALISTAIR (ENOLA HOLMES. LA NOVELA GR"},"content":{"rendered":"<p>Llegan las aventuras de Enola Holmes, la hemana peque\u00f1a del c\u00e9lebre detective Sherlock Holmes. Londres, 1889. La hermana peque\u00f1a del c\u00e9lebre Sherlock Holmes, Enola Holmes, ha decidido vivir sola a ra\u00edz de la repentina desaparici\u00f3n de su madre. Tras escapar de la vigilancia de sus hermanos, y al amparo de una  identidad falsa, monta un gabinete como \u00abespecialista en investigar todo  tipo de desapariciones\u00bb. Para su sorpresa, su primer cliente es el  mism\u00edsimo doctor Watson, que anda busc\u00e1ndola a ella pero por suerte no la reconoce. Enola no puede ayudar a Watson, pero se interesa por otro caso que \u00e9l le  menciona: la desaparici\u00f3n, en los peligrosos bajos fondos londinenses,  de la hija de un bar\u00f3n, Lady Cecily Alistair, una adolescente nada convencional&#8230;<\/p>\n","protected":false},"excerpt":{"rendered":"<p>SPRINGER, NANCY \/ BLASCO, SERENA<\/p>\n","protected":false},"featured_media":1071714,"template":"","meta":{"_acf_changed":false,"om_disable_all_campaigns":false,"rs_blank_template":"","rs_page_bg_color":"","slide_template_v7":"","inline_featured_image":false,"_monsterinsights_skip_tracking":false,"_monsterinsights_sitenote_active":false,"_monsterinsights_sitenote_note":"","_monsterinsights_sitenote_category":0},"product_brand":[],"product_cat":[364,134],"product_tag":[],"class_list":{"0":"post-128284","1":"product","2":"type-product","3":"status-publish","4":"has-post-thumbnail","6":"product_cat-comics-infantil-3_infantil-juvenil-spa","7":"product_cat-comics","9":"first","10":"outofstock","11":"taxable","12":"shipping-taxable","13":"purchasable","14":"product-type-simple"},"acf":{"editorial":[{"ID":147571,"post_author":"3","post_date":"2022-10-14 11:51:35","post_date_gmt":"2022-10-14 09:51:35","post_content":"","post_title":"Bruguera (Ediciones B)","post_excerpt":"","post_status":"publish","comment_status":"closed","ping_status":"closed","post_password":"","post_name":"bruguera-ediciones-b","to_ping":"","pinged":"","post_modified":"2022-10-14 11:51:35","post_modified_gmt":"2022-10-14 09:51:35","post_content_filtered":"","post_parent":0,"guid":"http:\/\/dev.claret.cat\/editorial\/bruguera-ediciones-b\/","menu_order":0,"post_type":"editorial","post_mime_type":"","comment_count":"0","filter":"raw"}],"autores-libros":[{"ID":165615,"post_author":"3","post_date":"2022-10-14 17:56:35","post_date_gmt":"2022-10-14 15:56:35","post_content":"","post_title":"NANCY SPRINGER","post_excerpt":"","post_status":"publish","comment_status":"closed","ping_status":"closed","post_password":"","post_name":"nancy-springer","to_ping":"","pinged":"","post_modified":"2022-10-14 17:56:35","post_modified_gmt":"2022-10-14 15:56:35","post_content_filtered":"","post_parent":0,"guid":"http:\/\/dev.claret.cat\/autor\/nancy-springer\/","menu_order":0,"post_type":"autor","post_mime_type":"","comment_count":"0","filter":"raw"},{"ID":169298,"post_author":"3","post_date":"2022-10-14 22:26:06","post_date_gmt":"2022-10-14 20:26:06","post_content":"","post_title":"SERENA BLASCO","post_excerpt":"","post_status":"publish","comment_status":"closed","ping_status":"closed","post_password":"","post_name":"serena-blasco","to_ping":"","pinged":"","post_modified":"2022-10-14 22:26:06","post_modified_gmt":"2022-10-14 20:26:06","post_content_filtered":"","post_parent":0,"guid":"http:\/\/dev.claret.cat\/autor\/serena-blasco\/","menu_order":0,"post_type":"autor","post_mime_type":"","comment_count":"0","filter":"raw"}],"autor":"SPRINGER, NANCY \/ BLASCO, SERENA","codart":"840242291","libros-coleccion":"Enola Holmes. La novela gr\u00e1fica","ediciones":"1","encuadernacion":"Carton\u00e9","fecha_de_publicacion":"01\/09\/2019","novedad":"0","paginas":"72","subtitulo":"","orden":"0","portada":"0","idioma":"spa","booktrailer":"","resenas":""},"aioseo_notices":[],"_links":{"self":[{"href":"https:\/\/www.claret.cat\/es\/wp-json\/wp\/v2\/product\/128284","targetHints":{"allow":["GET"]}}],"collection":[{"href":"https:\/\/www.claret.cat\/es\/wp-json\/wp\/v2\/product"}],"about":[{"href":"https:\/\/www.claret.cat\/es\/wp-json\/wp\/v2\/types\/product"}],"wp:featuredmedia":[{"embeddable":true,"href":"https:\/\/www.claret.cat\/es\/wp-json\/wp\/v2\/media\/1071714"}],"wp:attachment":[{"href":"https:\/\/www.claret.cat\/es\/wp-json\/wp\/v2\/media?parent=128284"}],"wp:term":[{"taxonomy":"product_brand","embeddable":true,"href":"https:\/\/www.claret.cat\/es\/wp-json\/wp\/v2\/product_brand?post=128284"},{"taxonomy":"product_cat","embeddable":true,"href":"https:\/\/www.claret.cat\/es\/wp-json\/wp\/v2\/product_cat?post=128284"},{"taxonomy":"product_tag","embeddable":true,"href":"https:\/\/www.claret.cat\/es\/wp-json\/wp\/v2\/product_tag?post=128284"}],"curies":[{"name":"wp","href":"https:\/\/api.w.org\/{rel}","templated":true}]}}