{"id":128287,"date":"2022-10-12T22:51:38","date_gmt":"2022-10-12T20:51:38","guid":{"rendered":"http:\/\/dev.claret.cat\/producte\/mama-tinc-un-monstre-al-cap\/"},"modified":"2023-01-28T15:50:22","modified_gmt":"2023-01-28T14:50:22","slug":"mama-tinc-un-monstre-al-cap-9788417736460","status":"publish","type":"product","link":"https:\/\/www.claret.cat\/es\/libro\/mama-tinc-un-monstre-al-cap-9788417736460\/","title":{"rendered":"MAMA, TINC UN MONSTRE AL CAP"},"content":{"rendered":"<p>El llibre que ajuda als nens a gestionar els pensaments negatius i a potenciar la seva autoestima. El Gabriel, de vuit anys, es va inventar aquest conte per ajudar els  nens i les nenes a superar les frustracions i les enrabiades quan se&#8221;ls tor\u00e7a alguna cosa.  Amb aquesta idea, i amb l&#8221;ajut del seu germ\u00e0 Adri\u00e1n, de cinc anys, va  fer la major part de les il\u00b7lustracions que apareixen en el conte.  Quan les van acabar de dibuixar totes, els seus pares, el Marcos i la  Natalia, plens d&#8221;orgull i d&#8221;emoci\u00f3, els van ajudar a definir-ne el gui\u00f3 i a publicar-lo.  Al final d&#8221;aquest llibre trobar\u00e0s material in\u00e8dit i un seguit  d&#8221;activitats amb les quals treballar la gesti\u00f3 de les frustracions amb els petits.<\/p>\n","protected":false},"excerpt":{"rendered":"<p>GABRIEL &#038; ADRI\u00c1N,<\/p>\n","protected":false},"featured_media":128288,"template":"","meta":{"_acf_changed":false,"om_disable_all_campaigns":false,"rs_blank_template":"","rs_page_bg_color":"","slide_template_v7":"","inline_featured_image":false,"_monsterinsights_skip_tracking":false,"_monsterinsights_sitenote_active":false,"_monsterinsights_sitenote_note":"","_monsterinsights_sitenote_category":0},"product_brand":[],"product_cat":[132],"product_tag":[],"class_list":{"0":"post-128287","1":"product","2":"type-product","3":"status-publish","4":"has-post-thumbnail","6":"product_cat-lectures-per-preadolescents-6-12-anys","8":"first","9":"instock","10":"taxable","11":"shipping-taxable","12":"purchasable","13":"product-type-simple"},"acf":{"editorial":[{"ID":6136,"post_author":"3","post_date":"2022-07-28 17:45:39","post_date_gmt":"2022-07-28 15:45:39","post_content":"","post_title":"B de Blok (Ediciones B)","post_excerpt":"","post_status":"publish","comment_status":"closed","ping_status":"closed","post_password":"","post_name":"b-de-blok-ediciones-b","to_ping":"","pinged":"","post_modified":"2022-07-28 17:45:39","post_modified_gmt":"2022-07-28 15:45:39","post_content_filtered":"","post_parent":0,"guid":"http:\/\/dev.claret.cat\/editorial\/b-de-blok-ediciones-b\/","menu_order":0,"post_type":"editorial","post_mime_type":"","comment_count":"0","filter":"raw"}],"autor":"GABRIEL & ADRI\u00c1N,","codart":"841773646","libros-coleccion":"","ediciones":"1","encuadernacion":"Carton\u00e9","fecha_de_publicacion":"01\/09\/2019","novedad":"1","paginas":"34","subtitulo":"","orden":"0","portada":"0","idioma":"cat","autores-libros":[{"ID":156504,"post_author":"3","post_date":"2022-10-14 15:21:20","post_date_gmt":"2022-10-14 13:21:20","post_content":"","post_title":"GABRIEL & ADRI\u00c1N","post_excerpt":"","post_status":"publish","comment_status":"closed","ping_status":"closed","post_password":"","post_name":"gabriel-adrian","to_ping":"","pinged":"","post_modified":"2022-10-14 15:21:20","post_modified_gmt":"2022-10-14 13:21:20","post_content_filtered":"","post_parent":0,"guid":"http:\/\/dev.claret.cat\/autor\/gabriel-adrian\/","menu_order":0,"post_type":"autor","post_mime_type":"","comment_count":"0","filter":"raw"}]},"aioseo_notices":[],"_links":{"self":[{"href":"https:\/\/www.claret.cat\/es\/wp-json\/wp\/v2\/product\/128287","targetHints":{"allow":["GET"]}}],"collection":[{"href":"https:\/\/www.claret.cat\/es\/wp-json\/wp\/v2\/product"}],"about":[{"href":"https:\/\/www.claret.cat\/es\/wp-json\/wp\/v2\/types\/product"}],"wp:featuredmedia":[{"embeddable":true,"href":"https:\/\/www.claret.cat\/es\/wp-json\/wp\/v2\/media\/128288"}],"wp:attachment":[{"href":"https:\/\/www.claret.cat\/es\/wp-json\/wp\/v2\/media?parent=128287"}],"wp:term":[{"taxonomy":"product_brand","embeddable":true,"href":"https:\/\/www.claret.cat\/es\/wp-json\/wp\/v2\/product_brand?post=128287"},{"taxonomy":"product_cat","embeddable":true,"href":"https:\/\/www.claret.cat\/es\/wp-json\/wp\/v2\/product_cat?post=128287"},{"taxonomy":"product_tag","embeddable":true,"href":"https:\/\/www.claret.cat\/es\/wp-json\/wp\/v2\/product_tag?post=128287"}],"curies":[{"name":"wp","href":"https:\/\/api.w.org\/{rel}","templated":true}]}}