{"id":128332,"date":"2022-10-12T22:52:20","date_gmt":"2022-10-12T20:52:20","guid":{"rendered":"http:\/\/dev.claret.cat\/producte\/365-fuegos\/"},"modified":"2023-01-28T07:28:33","modified_gmt":"2023-01-28T06:28:33","slug":"365-fuegos-9788417773717","status":"publish","type":"product","link":"https:\/\/www.claret.cat\/es\/libro\/365-fuegos-9788417773717\/","title":{"rendered":"365 FUEGOS"},"content":{"rendered":"<p>El calendario de @SrtaBebi para 2020. 365 d\u00edas para quemarlo todo. M\u00f3ntate la vida a tu manera y a tus tiempos. 365 fuegos es mucho m\u00e1s que un calendario, dentro  encontrar\u00e1s frases in\u00e9ditas de @SrtaBebi, ilustraciones y espacios para  escribir tus propios objetivos, planes, notas, recordatorios&#8230; \u00abLo \u00fanico que necesito para prenderle fuego a todo, es saber que el fuego soy yo.\u00bb<\/p>\n","protected":false},"excerpt":{"rendered":"<p>FERN\u00c1NDEZ, BEBI<\/p>\n","protected":false},"featured_media":128333,"template":"","meta":{"_acf_changed":false,"om_disable_all_campaigns":false,"rs_blank_template":"","rs_page_bg_color":"","slide_template_v7":"","inline_featured_image":false,"_monsterinsights_skip_tracking":false,"_monsterinsights_sitenote_active":false,"_monsterinsights_sitenote_note":"","_monsterinsights_sitenote_category":0},"product_brand":[],"product_cat":[102,116],"product_tag":[],"class_list":{"0":"post-128332","1":"product","2":"type-product","3":"status-publish","4":"has-post-thumbnail","6":"product_cat-calendaris-i-agendes","7":"product_cat-influencers","9":"first","10":"instock","11":"taxable","12":"shipping-taxable","13":"purchasable","14":"product-type-simple"},"acf":{"editorial":[{"ID":6310,"post_author":"3","post_date":"2022-07-28 17:49:26","post_date_gmt":"2022-07-28 15:49:26","post_content":"","post_title":"MONTENA","post_excerpt":"","post_status":"publish","comment_status":"closed","ping_status":"closed","post_password":"","post_name":"montena","to_ping":"","pinged":"","post_modified":"2022-07-28 17:49:26","post_modified_gmt":"2022-07-28 15:49:26","post_content_filtered":"","post_parent":0,"guid":"http:\/\/dev.claret.cat\/editorial\/montena\/","menu_order":0,"post_type":"editorial","post_mime_type":"","comment_count":"0","filter":"raw"}],"autores-libros":[{"ID":5292,"post_author":"3","post_date":"2022-07-28 17:20:54","post_date_gmt":"2022-07-28 15:20:54","post_content":"","post_title":"BEBI FERN\u00c1NDEZ","post_excerpt":"","post_status":"publish","comment_status":"closed","ping_status":"closed","post_password":"","post_name":"bebi-fernandez","to_ping":"","pinged":"","post_modified":"2022-07-28 17:20:54","post_modified_gmt":"2022-07-28 15:20:54","post_content_filtered":"","post_parent":0,"guid":"http:\/\/dev.claret.cat\/autor\/bebi-fernandez\/","menu_order":0,"post_type":"autor","post_mime_type":"","comment_count":"0","filter":"raw"}],"autor":"FERN\u00c1NDEZ, BEBI","codart":"841777371","libros-coleccion":"Influencers","ediciones":"1","encuadernacion":"R\u00fastica","fecha_de_publicacion":"01\/09\/2019","novedad":"1","paginas":"0","subtitulo":"","orden":"0","portada":"0","idioma":"spa"},"aioseo_notices":[],"_links":{"self":[{"href":"https:\/\/www.claret.cat\/es\/wp-json\/wp\/v2\/product\/128332","targetHints":{"allow":["GET"]}}],"collection":[{"href":"https:\/\/www.claret.cat\/es\/wp-json\/wp\/v2\/product"}],"about":[{"href":"https:\/\/www.claret.cat\/es\/wp-json\/wp\/v2\/types\/product"}],"wp:featuredmedia":[{"embeddable":true,"href":"https:\/\/www.claret.cat\/es\/wp-json\/wp\/v2\/media\/128333"}],"wp:attachment":[{"href":"https:\/\/www.claret.cat\/es\/wp-json\/wp\/v2\/media?parent=128332"}],"wp:term":[{"taxonomy":"product_brand","embeddable":true,"href":"https:\/\/www.claret.cat\/es\/wp-json\/wp\/v2\/product_brand?post=128332"},{"taxonomy":"product_cat","embeddable":true,"href":"https:\/\/www.claret.cat\/es\/wp-json\/wp\/v2\/product_cat?post=128332"},{"taxonomy":"product_tag","embeddable":true,"href":"https:\/\/www.claret.cat\/es\/wp-json\/wp\/v2\/product_tag?post=128332"}],"curies":[{"name":"wp","href":"https:\/\/api.w.org\/{rel}","templated":true}]}}