{"id":128491,"date":"2022-10-12T22:54:48","date_gmt":"2022-10-12T20:54:48","guid":{"rendered":"http:\/\/dev.claret.cat\/producte\/la-memoria-de-laigua-2\/"},"modified":"2024-01-31T16:55:23","modified_gmt":"2024-01-31T15:55:23","slug":"la-memoria-de-laigua-9788466425605","status":"publish","type":"product","link":"https:\/\/www.claret.cat\/es\/libro\/la-memoria-de-laigua-9788466425605\/","title":{"rendered":"LA MEM\u00d2RIA DE L&#8217;AIGUA"},"content":{"rendered":"<p>Aquesta \u00e9s la hist\u00f2ria de tres generacions de dones: la Clem\u00e8ncia, rossa com un fil d&#8217;or, nascuda a Bellparatge a finals del segle XIX; la seva filla Rosalia, que viur\u00e0 tot el proc\u00e9s d&#8217;industrialitzaci\u00f3, i la N\u00faria, neta de la Clem\u00e8ncia, que lluitar\u00e0 per tenir la formaci\u00f3, la llibertat sexual i l&#8217;amor que no van tenir mai la seva mare ni la seva \u00e0via. La mis\u00e8ria, el maltractament, la incomunicaci\u00f3 i la discriminaci\u00f3 marquen les vides d&#8217;aquestes dones a la Catalunya m\u00e9s pobra, per\u00f2 tamb\u00e9 el poder de la reconciliaci\u00f3 i de la superaci\u00f3 determinen el dest\u00ed final de les protagonistes. Una novel\u00b7la \u00e8pica i colpidora que \u00e9s, alhora, el relat ocult de moltes dones. Una mem\u00f2ria que no s&#8217;ha d&#8221;oblidar mai.<\/p>\n<p> \u00abPodr\u00e9 recordar-ho tot, mare?\u00bb<br \/>Comen\u00e7a pel principi, N\u00faria, quan la Clem\u00e8ncia era xiqueta li va sentir dir a la<br \/>Rosalia. Si tanques els ulls sentir\u00e0s la meva veu tocant la teva, acabant les frases o<br \/>comen\u00e7ant-les. No corris, ens queda molta nit encara fins que la ciutat es desperti&#8230;\u00bb.<\/p>\n","protected":false},"excerpt":{"rendered":"<p>BARDERI, MONTSE<\/p>\n","protected":false},"featured_media":128492,"template":"","meta":{"_acf_changed":false,"om_disable_all_campaigns":false,"rs_blank_template":"","rs_page_bg_color":"","slide_template_v7":"","inline_featured_image":false,"_monsterinsights_skip_tracking":false,"_monsterinsights_sitenote_active":false,"_monsterinsights_sitenote_note":"","_monsterinsights_sitenote_category":0},"product_brand":[],"product_cat":[127,357],"product_tag":[],"class_list":{"0":"post-128491","1":"product","2":"type-product","3":"status-publish","4":"has-post-thumbnail","6":"product_cat-novella-contemporania","7":"product_cat-novela-contemporanea","9":"first","10":"instock","11":"taxable","12":"shipping-taxable","13":"purchasable","14":"product-type-simple"},"acf":{"editorial":[{"ID":6166,"post_author":"3","post_date":"2022-07-28 17:46:19","post_date_gmt":"2022-07-28 15:46:19","post_content":"","post_title":"Columna CAT","post_excerpt":"","post_status":"publish","comment_status":"closed","ping_status":"closed","post_password":"","post_name":"columna-cat","to_ping":"","pinged":"","post_modified":"2022-07-28 17:46:19","post_modified_gmt":"2022-07-28 15:46:19","post_content_filtered":"","post_parent":0,"guid":"http:\/\/dev.claret.cat\/editorial\/columna-cat\/","menu_order":0,"post_type":"editorial","post_mime_type":"","comment_count":"0","filter":"raw"}],"autor":"BARDERI, MONTSE","codart":"846642560","libros-coleccion":"Cl\u00e0ssica","ediciones":"1","encuadernacion":"Carton\u00e9","fecha_de_publicacion":"01\/09\/2019","novedad":"1","paginas":"381","subtitulo":"PREMI PRUDENCI BERTRANA 2019","orden":"0","portada":"0","idioma":"cat","autores-libros":[{"ID":165378,"post_author":"3","post_date":"2022-10-14 17:54:42","post_date_gmt":"2022-10-14 15:54:42","post_content":"","post_title":"MONTSE BARDERI","post_excerpt":"","post_status":"publish","comment_status":"closed","ping_status":"closed","post_password":"","post_name":"montse-barderi","to_ping":"","pinged":"","post_modified":"2022-10-14 17:54:42","post_modified_gmt":"2022-10-14 15:54:42","post_content_filtered":"","post_parent":0,"guid":"http:\/\/dev.claret.cat\/autor\/montse-barderi\/","menu_order":0,"post_type":"autor","post_mime_type":"","comment_count":"0","filter":"raw"}]},"aioseo_notices":[],"_links":{"self":[{"href":"https:\/\/www.claret.cat\/es\/wp-json\/wp\/v2\/product\/128491","targetHints":{"allow":["GET"]}}],"collection":[{"href":"https:\/\/www.claret.cat\/es\/wp-json\/wp\/v2\/product"}],"about":[{"href":"https:\/\/www.claret.cat\/es\/wp-json\/wp\/v2\/types\/product"}],"wp:featuredmedia":[{"embeddable":true,"href":"https:\/\/www.claret.cat\/es\/wp-json\/wp\/v2\/media\/128492"}],"wp:attachment":[{"href":"https:\/\/www.claret.cat\/es\/wp-json\/wp\/v2\/media?parent=128491"}],"wp:term":[{"taxonomy":"product_brand","embeddable":true,"href":"https:\/\/www.claret.cat\/es\/wp-json\/wp\/v2\/product_brand?post=128491"},{"taxonomy":"product_cat","embeddable":true,"href":"https:\/\/www.claret.cat\/es\/wp-json\/wp\/v2\/product_cat?post=128491"},{"taxonomy":"product_tag","embeddable":true,"href":"https:\/\/www.claret.cat\/es\/wp-json\/wp\/v2\/product_tag?post=128491"}],"curies":[{"name":"wp","href":"https:\/\/api.w.org\/{rel}","templated":true}]}}