{"id":128548,"date":"2022-10-12T22:55:41","date_gmt":"2022-10-12T20:55:41","guid":{"rendered":"http:\/\/dev.claret.cat\/producte\/gos-pudent\/"},"modified":"2026-04-14T12:36:09","modified_gmt":"2026-04-14T10:36:09","slug":"gos-pudent-9788417552459","status":"publish","type":"product","link":"https:\/\/www.claret.cat\/es\/libro\/gos-pudent-9788417552459\/","title":{"rendered":"GOS PUDENT"},"content":{"rendered":"<p>Avui en Gos Pudent va a l&#8221;escola. Aconseguir\u00e0 no adormir-se a classe? Podr\u00e0 jugar un partit de futbol sense acabar rodolant amb la pilota? Aprendr\u00e0 per fi a llegir per desxifrar el que diuen les etiquetes del que troba a les escombraries? Amb el seu entusiasme infinit, un cop m\u00e9s demostrar\u00e0 que sota el seu p\u00e8l de moqueta vella batega un cor molt gran.<\/p>\n<p> La s\u00e8rie Gos Pudent compta ja amb 10 volums, dels quals s&#8221;han venut m\u00e9s de dos milions d&#8221;exemplars a Fran\u00e7a, on \u00e9s tot un fenomen. Ha estat tradu\u00eft a m\u00e9s de 20 idiomes.<\/p>\n","protected":false},"excerpt":{"rendered":"<p>GUTMAN, COLAS<\/p>\n","protected":false},"featured_media":970132,"template":"","meta":{"_acf_changed":false,"om_disable_all_campaigns":false,"rs_blank_template":"","rs_page_bg_color":"","slide_template_v7":"","inline_featured_image":false,"_monsterinsights_skip_tracking":false,"_monsterinsights_sitenote_active":false,"_monsterinsights_sitenote_note":"","_monsterinsights_sitenote_category":0},"product_brand":[],"product_cat":[131,132,361,362],"product_tag":[],"class_list":{"0":"post-128548","1":"product","2":"type-product","3":"status-publish","4":"has-post-thumbnail","6":"product_cat-contes-per-infants-0-6-anys","7":"product_cat-lectures-per-preadolescents-6-12-anys","8":"product_cat-cuentos-para-ninos-0-6-anos","9":"product_cat-libros-preadolescentes-6-12-anos","11":"first","12":"instock","13":"taxable","14":"shipping-taxable","15":"purchasable","16":"product-type-simple"},"acf":{"editorial":[{"ID":6146,"post_author":"3","post_date":"2022-07-28 17:45:52","post_date_gmt":"2022-07-28 15:45:52","post_content":"","post_title":"Blackie Books","post_excerpt":"","post_status":"publish","comment_status":"closed","ping_status":"closed","post_password":"","post_name":"blackie-books","to_ping":"","pinged":"","post_modified":"2022-07-28 17:45:52","post_modified_gmt":"2022-07-28 15:45:52","post_content_filtered":"","post_parent":0,"guid":"http:\/\/dev.claret.cat\/editorial\/blackie-books\/","menu_order":0,"post_type":"editorial","post_mime_type":"","comment_count":"0","filter":"raw"}],"autores-libros":[{"ID":5363,"post_author":"3","post_date":"2022-07-28 17:22:22","post_date_gmt":"2022-07-28 15:22:22","post_content":"","post_title":"COLAS GUTMAN","post_excerpt":"","post_status":"publish","comment_status":"closed","ping_status":"closed","post_password":"","post_name":"colas-gutman","to_ping":"","pinged":"","post_modified":"2022-07-28 17:22:22","post_modified_gmt":"2022-07-28 15:22:22","post_content_filtered":"","post_parent":0,"guid":"http:\/\/dev.claret.cat\/autor\/colas-gutman\/","menu_order":0,"post_type":"autor","post_mime_type":"","comment_count":"0","filter":"raw"}],"autor":"GUTMAN, COLAS","codart":"841755245","libros-coleccion":"LITTLE BLACKIE BOOKS","ediciones":"1","encuadernacion":"Carton\u00e9","fecha_de_publicacion":"01\/09\/2019","novedad":"1","paginas":"58","subtitulo":"","orden":"0","portada":"0","idioma":"cat","booktrailer":"","resenas":""},"aioseo_notices":[],"_links":{"self":[{"href":"https:\/\/www.claret.cat\/es\/wp-json\/wp\/v2\/product\/128548","targetHints":{"allow":["GET"]}}],"collection":[{"href":"https:\/\/www.claret.cat\/es\/wp-json\/wp\/v2\/product"}],"about":[{"href":"https:\/\/www.claret.cat\/es\/wp-json\/wp\/v2\/types\/product"}],"wp:featuredmedia":[{"embeddable":true,"href":"https:\/\/www.claret.cat\/es\/wp-json\/wp\/v2\/media\/970132"}],"wp:attachment":[{"href":"https:\/\/www.claret.cat\/es\/wp-json\/wp\/v2\/media?parent=128548"}],"wp:term":[{"taxonomy":"product_brand","embeddable":true,"href":"https:\/\/www.claret.cat\/es\/wp-json\/wp\/v2\/product_brand?post=128548"},{"taxonomy":"product_cat","embeddable":true,"href":"https:\/\/www.claret.cat\/es\/wp-json\/wp\/v2\/product_cat?post=128548"},{"taxonomy":"product_tag","embeddable":true,"href":"https:\/\/www.claret.cat\/es\/wp-json\/wp\/v2\/product_tag?post=128548"}],"curies":[{"name":"wp","href":"https:\/\/api.w.org\/{rel}","templated":true}]}}