{"id":12857,"date":"2022-10-01T22:03:38","date_gmt":"2022-10-01T20:03:38","guid":{"rendered":"http:\/\/dev.claret.cat\/producte\/buscando-a-nemo-leo-juego-y-aprendo-con-disney\/"},"modified":"2023-01-28T05:42:30","modified_gmt":"2023-01-28T04:42:30","slug":"buscando-a-nemo-leo-juego-y-aprendo-con-disney-9788416548538","status":"publish","type":"product","link":"https:\/\/www.claret.cat\/es\/libro\/buscando-a-nemo-leo-juego-y-aprendo-con-disney-9788416548538\/","title":{"rendered":"BUSCANDO A NEMO (LEO, JUEGO Y APRENDO CON DISNEY)"},"content":{"rendered":"<p>\u00a1Lee la historia de Nemo, Marlin y Dory, los protagonistas de Buscando a Nemo, completa los juegos y divi\u00e9rtete aprendiendo!<br \/>\u00a1Solo para lectores intr\u00e9pidos!Nemo es un pez payaso peque\u00f1o y muy inquieto. Cuando su padre se da  cuenta de que unos buzos lo han capturado, se enfrentar\u00e1 a mil aventuras  y peligros para rescatarlo. En el camino har\u00e1 un mont\u00f3n de nuevos amigos  pero, sobre todo, contar\u00e1 con la ayuda de Dory, el pez m\u00e1s olvidadizo del oc\u00e9ano.\u00bfConseguir\u00e1 reencontrarse Nemo con su padre?Buscando a Nemo (Leo, juego y aprendo con Disney) es un precioso cuento que contiene la historia de la pel\u00edcula con  ilustraciones a toda p\u00e1gina y a todo color. Adem\u00e1s, incluye actividades sobre la lectura y juegos de lenguaje.<\/p>\n","protected":false},"excerpt":{"rendered":"<p>DISNEY<\/p>\n","protected":false},"featured_media":74430,"template":"","meta":{"_acf_changed":false,"om_disable_all_campaigns":false,"rs_blank_template":"","rs_page_bg_color":"","slide_template_v7":"","inline_featured_image":false,"_monsterinsights_skip_tracking":false,"_monsterinsights_sitenote_active":false,"_monsterinsights_sitenote_note":"","_monsterinsights_sitenote_category":0},"product_brand":[],"product_cat":[86],"product_tag":[],"class_list":{"0":"post-12857","1":"product","2":"type-product","3":"status-publish","4":"has-post-thumbnail","6":"product_cat-infantil","8":"first","9":"instock","10":"taxable","11":"shipping-taxable","12":"purchasable","13":"product-type-simple"},"acf":{"autor":"DISNEY","codart":"841654853","libros-coleccion":"","ediciones":"1","encuadernacion":"Carton\u00e9","fecha_de_publicacion":"01\/10\/2016","novedad":"0","paginas":"72","subtitulo":"","orden":"999","portada":"0","idioma":"spa","editorial":[{"ID":6162,"post_author":"3","post_date":"2022-07-28 17:46:13","post_date_gmt":"2022-07-28 15:46:13","post_content":"","post_title":"CLIPER PLUS","post_excerpt":"","post_status":"publish","comment_status":"closed","ping_status":"closed","post_password":"","post_name":"cliper-plus","to_ping":"","pinged":"","post_modified":"2022-07-28 17:46:13","post_modified_gmt":"2022-07-28 15:46:13","post_content_filtered":"","post_parent":0,"guid":"http:\/\/dev.claret.cat\/editorial\/cliper-plus\/","menu_order":0,"post_type":"editorial","post_mime_type":"","comment_count":"0","filter":"raw"}],"autores-libros":[{"ID":5400,"post_author":"3","post_date":"2022-07-28 17:23:10","post_date_gmt":"2022-07-28 15:23:10","post_content":"","post_title":"DISNEY","post_excerpt":"","post_status":"publish","comment_status":"closed","ping_status":"closed","post_password":"","post_name":"disney","to_ping":"","pinged":"","post_modified":"2022-07-28 17:23:10","post_modified_gmt":"2022-07-28 15:23:10","post_content_filtered":"","post_parent":0,"guid":"http:\/\/dev.claret.cat\/autor\/disney\/","menu_order":0,"post_type":"autor","post_mime_type":"","comment_count":"0","filter":"raw"}]},"aioseo_notices":[],"_links":{"self":[{"href":"https:\/\/www.claret.cat\/es\/wp-json\/wp\/v2\/product\/12857","targetHints":{"allow":["GET"]}}],"collection":[{"href":"https:\/\/www.claret.cat\/es\/wp-json\/wp\/v2\/product"}],"about":[{"href":"https:\/\/www.claret.cat\/es\/wp-json\/wp\/v2\/types\/product"}],"wp:featuredmedia":[{"embeddable":true,"href":"https:\/\/www.claret.cat\/es\/wp-json\/wp\/v2\/media\/74430"}],"wp:attachment":[{"href":"https:\/\/www.claret.cat\/es\/wp-json\/wp\/v2\/media?parent=12857"}],"wp:term":[{"taxonomy":"product_brand","embeddable":true,"href":"https:\/\/www.claret.cat\/es\/wp-json\/wp\/v2\/product_brand?post=12857"},{"taxonomy":"product_cat","embeddable":true,"href":"https:\/\/www.claret.cat\/es\/wp-json\/wp\/v2\/product_cat?post=12857"},{"taxonomy":"product_tag","embeddable":true,"href":"https:\/\/www.claret.cat\/es\/wp-json\/wp\/v2\/product_tag?post=12857"}],"curies":[{"name":"wp","href":"https:\/\/api.w.org\/{rel}","templated":true}]}}