{"id":128626,"date":"2022-10-12T22:56:53","date_gmt":"2022-10-12T20:56:53","guid":{"rendered":"http:\/\/dev.claret.cat\/producte\/cronicas-marcianas-4\/"},"modified":"2023-01-28T13:00:32","modified_gmt":"2023-01-28T12:00:32","slug":"cronicas-marcianas-9788445006740","status":"publish","type":"product","link":"https:\/\/www.claret.cat\/es\/libro\/cronicas-marcianas-9788445006740\/","title":{"rendered":"CR\u00d3NICAS MARCIANAS"},"content":{"rendered":"<p>Recopilaci\u00f3n de relatos que recogen la cr\u00f3nica de la colonizaci\u00f3n de Marte por parte de una humanidad que huye de un mundo al borde de la destrucci\u00f3n. Los colonos llevan consigo sus deseos m\u00e1s \u00edntimos y el sue\u00f1o de reproducir en el Planeta Rojo una civilizaci\u00f3n de perritos calientes, c\u00f3modos sof\u00e1s y limonada en el porche al atardecer. Pero su equipaje incluye tambi\u00e9n los miedos ancestrales, que se traducen en odio a lo diferente, y las enfermedades que diezmar\u00e1n a los marcianos.\u00a0 <\/p>\n<p>Conforme a su concepci\u00f3n de lo que debe ser la ciencia ficci\u00f3n, Bradbury se traslada al futuro para iluminar el presente y explorar la naturaleza humana.<\/p>\n<p>Con este libro inauguramos la colecci\u00f3n \u00abEsenciales Minotauro\u00bb con todos los t\u00edtulos cl\u00e1sicos y atemporales del sello en un nuevo formato. Se trata de una selecci\u00f3n de obras de la talla de Cr\u00f3nicas marcianas, \u00bfSue\u00f1an los androides&#8230;?, El hombre del castillo, Soy Leyenda o Fahrenheit 451.<\/p>\n","protected":false},"excerpt":{"rendered":"<p>BRADBURY, RAY<\/p>\n","protected":false},"featured_media":128627,"template":"","meta":{"_acf_changed":false,"om_disable_all_campaigns":false,"rs_blank_template":"","rs_page_bg_color":"","slide_template_v7":"","inline_featured_image":false,"_monsterinsights_skip_tracking":false,"_monsterinsights_sitenote_active":false,"_monsterinsights_sitenote_note":"","_monsterinsights_sitenote_category":0},"product_brand":[],"product_cat":[127],"product_tag":[],"class_list":{"0":"post-128626","1":"product","2":"type-product","3":"status-publish","4":"has-post-thumbnail","6":"product_cat-novella-contemporania","8":"first","9":"instock","10":"taxable","11":"shipping-taxable","12":"purchasable","13":"product-type-simple"},"acf":{"editorial":[{"ID":6308,"post_author":"3","post_date":"2022-07-28 17:49:24","post_date_gmt":"2022-07-28 15:49:24","post_content":"","post_title":"Minotauro","post_excerpt":"","post_status":"publish","comment_status":"closed","ping_status":"closed","post_password":"","post_name":"minotauro","to_ping":"","pinged":"","post_modified":"2022-07-28 17:49:24","post_modified_gmt":"2022-07-28 15:49:24","post_content_filtered":"","post_parent":0,"guid":"http:\/\/dev.claret.cat\/editorial\/minotauro\/","menu_order":0,"post_type":"editorial","post_mime_type":"","comment_count":"0","filter":"raw"}],"autor":"BRADBURY, RAY","codart":"844500674","libros-coleccion":"Esenciales","ediciones":"1","encuadernacion":"R\u00fastica","fecha_de_publicacion":"01\/09\/2019","novedad":"1","paginas":"351","subtitulo":"","orden":"0","portada":"0","idioma":"spa","autores-libros":[{"ID":167870,"post_author":"3","post_date":"2022-10-14 18:14:40","post_date_gmt":"2022-10-14 16:14:40","post_content":"","post_title":"RAY BRADBURY","post_excerpt":"","post_status":"publish","comment_status":"closed","ping_status":"closed","post_password":"","post_name":"ray-bradbury","to_ping":"","pinged":"","post_modified":"2022-10-14 18:14:40","post_modified_gmt":"2022-10-14 16:14:40","post_content_filtered":"","post_parent":0,"guid":"http:\/\/dev.claret.cat\/autor\/ray-bradbury\/","menu_order":0,"post_type":"autor","post_mime_type":"","comment_count":"0","filter":"raw"}]},"aioseo_notices":[],"_links":{"self":[{"href":"https:\/\/www.claret.cat\/es\/wp-json\/wp\/v2\/product\/128626","targetHints":{"allow":["GET"]}}],"collection":[{"href":"https:\/\/www.claret.cat\/es\/wp-json\/wp\/v2\/product"}],"about":[{"href":"https:\/\/www.claret.cat\/es\/wp-json\/wp\/v2\/types\/product"}],"wp:featuredmedia":[{"embeddable":true,"href":"https:\/\/www.claret.cat\/es\/wp-json\/wp\/v2\/media\/128627"}],"wp:attachment":[{"href":"https:\/\/www.claret.cat\/es\/wp-json\/wp\/v2\/media?parent=128626"}],"wp:term":[{"taxonomy":"product_brand","embeddable":true,"href":"https:\/\/www.claret.cat\/es\/wp-json\/wp\/v2\/product_brand?post=128626"},{"taxonomy":"product_cat","embeddable":true,"href":"https:\/\/www.claret.cat\/es\/wp-json\/wp\/v2\/product_cat?post=128626"},{"taxonomy":"product_tag","embeddable":true,"href":"https:\/\/www.claret.cat\/es\/wp-json\/wp\/v2\/product_tag?post=128626"}],"curies":[{"name":"wp","href":"https:\/\/api.w.org\/{rel}","templated":true}]}}