{"id":128650,"date":"2022-10-12T22:57:15","date_gmt":"2022-10-12T20:57:15","guid":{"rendered":"http:\/\/dev.claret.cat\/producte\/que-le-doy-de-comer\/"},"modified":"2023-01-27T23:44:21","modified_gmt":"2023-01-27T22:44:21","slug":"que-le-doy-de-comer-9788449336157","status":"publish","type":"product","link":"https:\/\/www.claret.cat\/es\/libro\/que-le-doy-de-comer-9788449336157\/","title":{"rendered":"\u00bfQU\u00c9 LE DOY DE COMER?"},"content":{"rendered":"<p>\u00abLeche de continuaci\u00f3n\u00bb, \u00abmi primer yogur\u00bb, \u00abcrema de cacao sin az\u00facar\u00bb son t\u00e9rminos que se asocian a una buena alimentaci\u00f3n infantil, a una dieta saludable y sensata elegida por padres y madres abnegados. \u00bfPero de verdad es esa la comida que hay que ofrecerles a los peque\u00f1os de la casa? \u00bfSon esos productos rodeados de mensajes publicitarios realmente sanos? \u00bfM\u00e1s sanos que una simple pieza de fruta?<br \/> En \u00bfQu\u00e9 le doy de comer? descubriremos no solo c\u00f3mo podemos enfocar los primeros meses de alimentaci\u00f3n s\u00f3lida de los beb\u00e9s (BLW, BLISS, entre otras), sino que tambi\u00e9n nos armaremos de argumentos para elegir mejor y con m\u00e1s criterio aquellos alimentos que seleccionamos para los ni\u00f1os. Adem\u00e1s, trataremos temas educacionales relacionados con la comida y exploraremos situaciones cotidianas como si se debe llevar el m\u00f3vil a la mesa o c\u00f3mo pueden participar los ni\u00f1os en aquellas tareas que conlleva alimentar a la familia.<br \/> Cargado de recursos pr\u00e1cticos y realistas, as\u00ed como de consejos para crear men\u00fas semanales para nuestros hijos, este libro se convertir\u00e1 en la gu\u00eda para todos los padres que quieran conseguir que sus hijos coman de forma saludable, sea cual sea el tipo de alimentaci\u00f3n de la familia, y ense\u00f1ar\u00e1 a los m\u00e1s peque\u00f1os h\u00e1bitos alimentarios saludables para crecer fuertes y sanos.<\/p>\n","protected":false},"excerpt":{"rendered":"<p>S\u00c1NCHEZ GARC\u00cdA, AITOR \/ MART\u00cdNEZ, LUC\u00cdA<\/p>\n","protected":false},"featured_media":128651,"template":"","meta":{"_acf_changed":false,"om_disable_all_campaigns":false,"rs_blank_template":"","rs_page_bg_color":"","slide_template_v7":"","inline_featured_image":false,"_monsterinsights_skip_tracking":false,"_monsterinsights_sitenote_active":false,"_monsterinsights_sitenote_note":"","_monsterinsights_sitenote_category":0},"product_brand":[],"product_cat":[183],"product_tag":[],"class_list":{"0":"post-128650","1":"product","2":"type-product","3":"status-publish","4":"has-post-thumbnail","6":"product_cat-de-leducacio-i-la-salut","8":"first","9":"instock","10":"taxable","11":"shipping-taxable","12":"purchasable","13":"product-type-simple"},"acf":{"editorial":[{"ID":6206,"post_author":"3","post_date":"2022-07-28 17:47:08","post_date_gmt":"2022-07-28 15:47:08","post_content":"","post_title":"Ediciones Paid\u00f3s","post_excerpt":"","post_status":"publish","comment_status":"closed","ping_status":"closed","post_password":"","post_name":"ediciones-paidos","to_ping":"","pinged":"","post_modified":"2022-07-28 17:47:08","post_modified_gmt":"2022-07-28 15:47:08","post_content_filtered":"","post_parent":0,"guid":"http:\/\/dev.claret.cat\/editorial\/ediciones-paidos\/","menu_order":0,"post_type":"editorial","post_mime_type":"","comment_count":"0","filter":"raw"}],"autores-libros":[{"ID":149307,"post_author":"3","post_date":"2022-10-14 14:23:49","post_date_gmt":"2022-10-14 12:23:49","post_content":"","post_title":"AITOR S\u00c1NCHEZ GARC\u00cdA","post_excerpt":"","post_status":"publish","comment_status":"closed","ping_status":"closed","post_password":"","post_name":"aitor-sanchez-garcia","to_ping":"","pinged":"","post_modified":"2022-10-14 14:23:49","post_modified_gmt":"2022-10-14 12:23:49","post_content_filtered":"","post_parent":0,"guid":"http:\/\/dev.claret.cat\/autor\/aitor-sanchez-garcia\/","menu_order":0,"post_type":"autor","post_mime_type":"","comment_count":"0","filter":"raw"},{"ID":5746,"post_author":"3","post_date":"2022-07-28 17:30:35","post_date_gmt":"2022-07-28 15:30:35","post_content":"","post_title":"LUC\u00cdA MART\u00cdNEZ","post_excerpt":"","post_status":"publish","comment_status":"closed","ping_status":"closed","post_password":"","post_name":"lucia-martinez","to_ping":"","pinged":"","post_modified":"2022-07-28 17:30:35","post_modified_gmt":"2022-07-28 15:30:35","post_content_filtered":"","post_parent":0,"guid":"http:\/\/dev.claret.cat\/autor\/lucia-martinez\/","menu_order":0,"post_type":"autor","post_mime_type":"","comment_count":"0","filter":"raw"}],"autor":"S\u00c1NCHEZ GARC\u00cdA, AITOR \/ MART\u00cdNEZ, LUC\u00cdA","codart":"844933615","libros-coleccion":"Divulgaci\u00f3n-Autoayuda","ediciones":"1","encuadernacion":"R\u00fastica","fecha_de_publicacion":"01\/09\/2019","novedad":"1","paginas":"227","subtitulo":"UNA GU\u00cdA PARA QUE LOS M\u00c1S PEQUE\u00d1OS COMAN DE FORMA SALUDABLE","orden":"0","portada":"0","idioma":"spa"},"aioseo_notices":[],"_links":{"self":[{"href":"https:\/\/www.claret.cat\/es\/wp-json\/wp\/v2\/product\/128650","targetHints":{"allow":["GET"]}}],"collection":[{"href":"https:\/\/www.claret.cat\/es\/wp-json\/wp\/v2\/product"}],"about":[{"href":"https:\/\/www.claret.cat\/es\/wp-json\/wp\/v2\/types\/product"}],"wp:featuredmedia":[{"embeddable":true,"href":"https:\/\/www.claret.cat\/es\/wp-json\/wp\/v2\/media\/128651"}],"wp:attachment":[{"href":"https:\/\/www.claret.cat\/es\/wp-json\/wp\/v2\/media?parent=128650"}],"wp:term":[{"taxonomy":"product_brand","embeddable":true,"href":"https:\/\/www.claret.cat\/es\/wp-json\/wp\/v2\/product_brand?post=128650"},{"taxonomy":"product_cat","embeddable":true,"href":"https:\/\/www.claret.cat\/es\/wp-json\/wp\/v2\/product_cat?post=128650"},{"taxonomy":"product_tag","embeddable":true,"href":"https:\/\/www.claret.cat\/es\/wp-json\/wp\/v2\/product_tag?post=128650"}],"curies":[{"name":"wp","href":"https:\/\/api.w.org\/{rel}","templated":true}]}}