{"id":128692,"date":"2022-10-12T22:57:54","date_gmt":"2022-10-12T20:57:54","guid":{"rendered":"http:\/\/dev.claret.cat\/producte\/petita-filosofia-dels-ocells\/"},"modified":"2023-01-28T00:41:22","modified_gmt":"2023-01-27T23:41:22","slug":"petita-filosofia-dels-ocells-9788417214807","status":"publish","type":"product","link":"https:\/\/www.claret.cat\/es\/libro\/petita-filosofia-dels-ocells-9788417214807\/","title":{"rendered":"PETITA FILOSOFIA DELS OCELLS"},"content":{"rendered":"<p>Per qu\u00e8 no aturar un moment el ritme infernal de les nostres vides i escoltar el que els ocells ens diuen i ens ensenyen?  Pel seu estil de vida, per la seva forma de ser al m\u00f3n, aquests petits \u00abmestres pensadors\u00bb ens mostren una manera de viure m\u00e9s respectuosa amb els nostres propis ritmes, i m\u00e9s profunda.  Aquestes 22 lli\u00e7ons, curtes i senzilles, ens conviden a trobar l&#8217;\u00e9sser natural que dorm dins nostre.<\/p>\n","protected":false},"excerpt":{"rendered":"<p>DUBOIS , PHILIPPE J. \/ ROUSSEAU, \u00c9LISE<\/p>\n","protected":false},"featured_media":317879,"template":"","meta":{"_acf_changed":false,"om_disable_all_campaigns":false,"rs_blank_template":"","rs_page_bg_color":"","slide_template_v7":"","inline_featured_image":false,"_monsterinsights_skip_tracking":false,"_monsterinsights_sitenote_active":false,"_monsterinsights_sitenote_note":"","_monsterinsights_sitenote_category":0},"product_brand":[],"product_cat":[373,166],"product_tag":[],"class_list":{"0":"post-128692","1":"product","2":"type-product","3":"status-publish","4":"has-post-thumbnail","6":"product_cat-autores","7":"product_cat-autors-filosofia","9":"first","10":"instock","11":"taxable","12":"shipping-taxable","13":"purchasable","14":"product-type-simple"},"acf":{"editorial":[{"ID":6122,"post_author":"3","post_date":"2022-07-28 17:45:22","post_date_gmt":"2022-07-28 15:45:22","post_content":"","post_title":"ANGLE EDITORIAL","post_excerpt":"","post_status":"publish","comment_status":"closed","ping_status":"closed","post_password":"","post_name":"angle-editorial","to_ping":"","pinged":"","post_modified":"2022-07-28 17:45:22","post_modified_gmt":"2022-07-28 15:45:22","post_content_filtered":"","post_parent":0,"guid":"http:\/\/dev.claret.cat\/editorial\/angle-editorial\/","menu_order":0,"post_type":"editorial","post_mime_type":"","comment_count":"0","filter":"raw"}],"autor":"DUBOIS , PHILIPPE J. \/ ROUSSEAU, \u00c9LISE","codart":"841721480","libros-coleccion":"Inspira","ediciones":"1","encuadernacion":"Carton\u00e9","fecha_de_publicacion":"01\/09\/2019","novedad":"1","paginas":"144","subtitulo":"22 LLI\u00c7ONS PER A UNA VIDA SERENA","orden":"0","portada":"0","idioma":"cat","autores-libros":[{"ID":167201,"post_author":"3","post_date":"2022-10-14 18:09:20","post_date_gmt":"2022-10-14 16:09:20","post_content":"","post_title":"PHILIPPE J. DUBOIS","post_excerpt":"","post_status":"publish","comment_status":"closed","ping_status":"closed","post_password":"","post_name":"philippe-j-dubois","to_ping":"","pinged":"","post_modified":"2022-10-14 18:09:20","post_modified_gmt":"2022-10-14 16:09:20","post_content_filtered":"","post_parent":0,"guid":"http:\/\/dev.claret.cat\/autor\/philippe-j-dubois\/","menu_order":0,"post_type":"autor","post_mime_type":"","comment_count":"0","filter":"raw"},{"ID":154835,"post_author":"3","post_date":"2022-10-14 15:08:02","post_date_gmt":"2022-10-14 13:08:02","post_content":"","post_title":"\u00c9LISE ROUSSEAU","post_excerpt":"","post_status":"publish","comment_status":"closed","ping_status":"closed","post_password":"","post_name":"elise-rousseau","to_ping":"","pinged":"","post_modified":"2022-10-14 15:08:02","post_modified_gmt":"2022-10-14 13:08:02","post_content_filtered":"","post_parent":0,"guid":"http:\/\/dev.claret.cat\/autor\/elise-rousseau\/","menu_order":0,"post_type":"autor","post_mime_type":"","comment_count":"0","filter":"raw"}]},"aioseo_notices":[],"_links":{"self":[{"href":"https:\/\/www.claret.cat\/es\/wp-json\/wp\/v2\/product\/128692","targetHints":{"allow":["GET"]}}],"collection":[{"href":"https:\/\/www.claret.cat\/es\/wp-json\/wp\/v2\/product"}],"about":[{"href":"https:\/\/www.claret.cat\/es\/wp-json\/wp\/v2\/types\/product"}],"wp:featuredmedia":[{"embeddable":true,"href":"https:\/\/www.claret.cat\/es\/wp-json\/wp\/v2\/media\/317879"}],"wp:attachment":[{"href":"https:\/\/www.claret.cat\/es\/wp-json\/wp\/v2\/media?parent=128692"}],"wp:term":[{"taxonomy":"product_brand","embeddable":true,"href":"https:\/\/www.claret.cat\/es\/wp-json\/wp\/v2\/product_brand?post=128692"},{"taxonomy":"product_cat","embeddable":true,"href":"https:\/\/www.claret.cat\/es\/wp-json\/wp\/v2\/product_cat?post=128692"},{"taxonomy":"product_tag","embeddable":true,"href":"https:\/\/www.claret.cat\/es\/wp-json\/wp\/v2\/product_tag?post=128692"}],"curies":[{"name":"wp","href":"https:\/\/api.w.org\/{rel}","templated":true}]}}