{"id":128722,"date":"2022-10-12T22:58:22","date_gmt":"2022-10-12T20:58:22","guid":{"rendered":"http:\/\/dev.claret.cat\/producte\/vicky-el-vikingo\/"},"modified":"2025-04-07T12:19:45","modified_gmt":"2025-04-07T10:19:45","slug":"vicky-el-vikingo-9788427216860","status":"publish","type":"product","link":"https:\/\/www.claret.cat\/es\/libro\/vicky-el-vikingo-9788427216860\/","title":{"rendered":"VICKY EL VIKINGO"},"content":{"rendered":"<p>Hey, hey, Vicky, Hey, Vicky, hey. La vela estirar\u00e1s. T\u00fa eres Vicky, un vikingo m\u00e1s, y vas a navegar As\u00ed empezaba la canci\u00f3n que abr\u00eda la serie de dibujos Vicky el Vikingo Pero enseguida nos dimos cuenta de que el intr\u00e9pido navegante no era, ni mucho menos, uno m\u00e1s de su clan. Vicky est\u00e1 lejos de ser el fiero vikingo de las leyendas n\u00f3rdicas. Este peque\u00f1o h\u00e9roe solo necesita rascarse la nariz para demostrar a sus rudos compa\u00f1eros que el ingenio vale m\u00e1s que la fuerza. Es el momento de descubrir al Vicky original a trav\u00e9s del primer libro de la saga escrita por Runer Jonsson e ilustrada, magistralmente, por Ewert Karlsson. LAS SERIES DE TU VIDA ANTES FUERON LIBROS.<\/p>\n","protected":false},"excerpt":{"rendered":"<p>JONSSON RUNER<\/p>\n","protected":false},"featured_media":128723,"template":"","meta":{"_acf_changed":false,"om_disable_all_campaigns":false,"rs_blank_template":"","rs_page_bg_color":"","slide_template_v7":"","inline_featured_image":false,"_monsterinsights_skip_tracking":false,"_monsterinsights_sitenote_active":false,"_monsterinsights_sitenote_note":"","_monsterinsights_sitenote_category":0},"product_brand":[],"product_cat":[132,362],"product_tag":[],"class_list":{"0":"post-128722","1":"product","2":"type-product","3":"status-publish","4":"has-post-thumbnail","6":"product_cat-lectures-per-preadolescents-6-12-anys","7":"product_cat-libros-preadolescentes-6-12-anos","9":"first","10":"instock","11":"taxable","12":"shipping-taxable","13":"purchasable","14":"product-type-simple"},"acf":{"editorial":[{"ID":6346,"post_author":"3","post_date":"2022-07-28 17:50:13","post_date_gmt":"2022-07-28 15:50:13","post_content":"","post_title":"RBA Molino","post_excerpt":"","post_status":"publish","comment_status":"closed","ping_status":"closed","post_password":"","post_name":"rba-molino","to_ping":"","pinged":"","post_modified":"2022-07-28 17:50:13","post_modified_gmt":"2022-07-28 15:50:13","post_content_filtered":"","post_parent":0,"guid":"http:\/\/dev.claret.cat\/editorial\/rba-molino\/","menu_order":0,"post_type":"editorial","post_mime_type":"","comment_count":"0","filter":"raw"}],"autor":"JONSSON RUNER","codart":"842721686","libros-coleccion":"OTROS JUVENIL","ediciones":"1","encuadernacion":"Carton\u00e9","fecha_de_publicacion":"01\/09\/2019","novedad":"1","paginas":"198","subtitulo":"","orden":"0","portada":"0","idioma":"spa","autores-libros":[{"ID":159791,"post_author":"3","post_date":"2022-10-14 15:47:46","post_date_gmt":"2022-10-14 13:47:46","post_content":"","post_title":"JONSSON RUNER","post_excerpt":"","post_status":"publish","comment_status":"closed","ping_status":"closed","post_password":"","post_name":"jonsson-runer","to_ping":"","pinged":"","post_modified":"2022-10-14 15:47:46","post_modified_gmt":"2022-10-14 13:47:46","post_content_filtered":"","post_parent":0,"guid":"http:\/\/dev.claret.cat\/autor\/jonsson-runer\/","menu_order":0,"post_type":"autor","post_mime_type":"","comment_count":"0","filter":"raw"}]},"aioseo_notices":[],"_links":{"self":[{"href":"https:\/\/www.claret.cat\/es\/wp-json\/wp\/v2\/product\/128722","targetHints":{"allow":["GET"]}}],"collection":[{"href":"https:\/\/www.claret.cat\/es\/wp-json\/wp\/v2\/product"}],"about":[{"href":"https:\/\/www.claret.cat\/es\/wp-json\/wp\/v2\/types\/product"}],"wp:featuredmedia":[{"embeddable":true,"href":"https:\/\/www.claret.cat\/es\/wp-json\/wp\/v2\/media\/128723"}],"wp:attachment":[{"href":"https:\/\/www.claret.cat\/es\/wp-json\/wp\/v2\/media?parent=128722"}],"wp:term":[{"taxonomy":"product_brand","embeddable":true,"href":"https:\/\/www.claret.cat\/es\/wp-json\/wp\/v2\/product_brand?post=128722"},{"taxonomy":"product_cat","embeddable":true,"href":"https:\/\/www.claret.cat\/es\/wp-json\/wp\/v2\/product_cat?post=128722"},{"taxonomy":"product_tag","embeddable":true,"href":"https:\/\/www.claret.cat\/es\/wp-json\/wp\/v2\/product_tag?post=128722"}],"curies":[{"name":"wp","href":"https:\/\/api.w.org\/{rel}","templated":true}]}}