{"id":128749,"date":"2022-10-12T22:58:45","date_gmt":"2022-10-12T20:58:45","guid":{"rendered":"http:\/\/dev.claret.cat\/producte\/que-hacer\/"},"modified":"2024-05-23T22:38:54","modified_gmt":"2024-05-23T20:38:54","slug":"que-hacer-9788446047711","status":"publish","type":"product","link":"https:\/\/www.claret.cat\/es\/libro\/que-hacer-9788446047711\/","title":{"rendered":"\u00bfQU\u00c9 HACER?"},"content":{"rendered":"<p>\u00bfQu\u00e9 hacer? cuenta de la historia de una mujer, Vera P\u00e1vlovna Roz\u00e1lskaya, qui\u00e9n huye del control de su familia y de un matrimonio arreglado para buscar su independencia econ\u00f3mica. La novela defiende la creaci\u00f3n de peque\u00f1as cooperativas socialistas basadas en las comunas campesinas rusas, pero orientadas hacia la producci\u00f3n industrial. El autor promovi\u00f3 la idea de que el deber del intelectual era educar y dirigir al obrero en Rusia a lo largo de un camino al socialismo que diera paso al capitalismo. Uno de los personajes m\u00e1s simb\u00f3licos de la novela es Rajm\u00e9tov, que, a pesar de ser un personaje menor, es quien lleva el emblema del materialismo filos\u00f3fico y la nobleza del radicalismo ruso. La novela tambi\u00e9n expresa, en el sue\u00f1o de un personaje, una sociedad que obtiene alegr\u00eda eterna de una clase terrenal.<\/p>\n","protected":false},"excerpt":{"rendered":"<p>CHERNYSHEVSKI, NIKOL\u00c1I<\/p>\n","protected":false},"featured_media":348681,"template":"","meta":{"_acf_changed":false,"om_disable_all_campaigns":false,"rs_blank_template":"","rs_page_bg_color":"","slide_template_v7":"","inline_featured_image":false,"_monsterinsights_skip_tracking":false,"_monsterinsights_sitenote_active":false,"_monsterinsights_sitenote_note":"","_monsterinsights_sitenote_category":0},"product_brand":[],"product_cat":[127,357],"product_tag":[],"class_list":{"0":"post-128749","1":"product","2":"type-product","3":"status-publish","4":"has-post-thumbnail","6":"product_cat-novella-contemporania","7":"product_cat-novela-contemporanea","9":"first","10":"instock","11":"taxable","12":"shipping-taxable","13":"purchasable","14":"product-type-simple"},"acf":{"editorial":[{"ID":6115,"post_author":"3","post_date":"2022-07-28 17:45:13","post_date_gmt":"2022-07-28 15:45:13","post_content":"","post_title":"AKAL, EDICIONES S.A.","post_excerpt":"","post_status":"publish","comment_status":"closed","ping_status":"closed","post_password":"","post_name":"akal-ediciones-s-a","to_ping":"","pinged":"","post_modified":"2022-07-28 17:45:13","post_modified_gmt":"2022-07-28 15:45:13","post_content_filtered":"","post_parent":0,"guid":"http:\/\/dev.claret.cat\/editorial\/akal-ediciones-s-a\/","menu_order":0,"post_type":"editorial","post_mime_type":"","comment_count":"0","filter":"raw"}],"autor":"CHERNYSHEVSKI, NIKOL\u00c1I","codart":"844604771","libros-coleccion":"Cl\u00e1sicos de la Literatura","ediciones":"1","encuadernacion":"R\u00fastica","fecha_de_publicacion":"17\/09\/2019","novedad":"1","paginas":"560","subtitulo":"","orden":"0","portada":"0","idioma":"spa","autores-libros":[{"ID":165881,"post_author":"3","post_date":"2022-10-14 17:58:41","post_date_gmt":"2022-10-14 15:58:41","post_content":"","post_title":"NIKOL\u00c1I CHERNYSHEVSKI","post_excerpt":"","post_status":"publish","comment_status":"closed","ping_status":"closed","post_password":"","post_name":"nikolai-chernyshevski","to_ping":"","pinged":"","post_modified":"2022-10-14 17:58:41","post_modified_gmt":"2022-10-14 15:58:41","post_content_filtered":"","post_parent":0,"guid":"http:\/\/dev.claret.cat\/autor\/nikolai-chernyshevski\/","menu_order":0,"post_type":"autor","post_mime_type":"","comment_count":"0","filter":"raw"}]},"aioseo_notices":[],"_links":{"self":[{"href":"https:\/\/www.claret.cat\/es\/wp-json\/wp\/v2\/product\/128749","targetHints":{"allow":["GET"]}}],"collection":[{"href":"https:\/\/www.claret.cat\/es\/wp-json\/wp\/v2\/product"}],"about":[{"href":"https:\/\/www.claret.cat\/es\/wp-json\/wp\/v2\/types\/product"}],"wp:featuredmedia":[{"embeddable":true,"href":"https:\/\/www.claret.cat\/es\/wp-json\/wp\/v2\/media\/348681"}],"wp:attachment":[{"href":"https:\/\/www.claret.cat\/es\/wp-json\/wp\/v2\/media?parent=128749"}],"wp:term":[{"taxonomy":"product_brand","embeddable":true,"href":"https:\/\/www.claret.cat\/es\/wp-json\/wp\/v2\/product_brand?post=128749"},{"taxonomy":"product_cat","embeddable":true,"href":"https:\/\/www.claret.cat\/es\/wp-json\/wp\/v2\/product_cat?post=128749"},{"taxonomy":"product_tag","embeddable":true,"href":"https:\/\/www.claret.cat\/es\/wp-json\/wp\/v2\/product_tag?post=128749"}],"curies":[{"name":"wp","href":"https:\/\/api.w.org\/{rel}","templated":true}]}}