{"id":129043,"date":"2022-10-12T23:03:18","date_gmt":"2022-10-12T21:03:18","guid":{"rendered":"http:\/\/dev.claret.cat\/producte\/good-bye-verdad\/"},"modified":"2023-01-28T06:05:44","modified_gmt":"2023-01-28T05:05:44","slug":"good-bye-verdad-9788497438742","status":"publish","type":"product","link":"https:\/\/www.claret.cat\/es\/libro\/good-bye-verdad-9788497438742\/","title":{"rendered":"GOOD BYE, VERDAD"},"content":{"rendered":"<p>La verdad parece que se ha convertido en una m\u00e1s de las mercanc\u00edas<br \/> que tenemos a nuestro alcance: actuamos como si estuvi\u00e9ramos<br \/> convencidos de que podemos adquirir la verdad que<br \/> m\u00e1s nos convenga, la m\u00e1s c\u00f3moda, la que menos desestabilice<br \/> nuestros prejuicios. Es lo que se conoce como posverdad, un concepto<br \/> que ha conectado de manera admirable con el consumismo<br \/> que caracteriza la cultura actual. La validez de un discurso no tiene<br \/> ya nada que ver con antiguas adecuaciones entre lo que se dice<br \/> y la realidad de los hechos. Tiene que ver con el poder. La verdad<br \/> del discurso solo depende de que tengamos suficiente poder<br \/> para comprarla y, despu\u00e9s, para hacerla valer, para imponerla. La<br \/> voluntad liberadora que conllevaba el good bye a la verdad, en<br \/> realidad, ha sido bien parad\u00f3jica: ha contribuido a liberar aquellos<br \/> que ya eran libres (y a someter todav\u00eda un poco m\u00e1s aquellos a<br \/> quienes, en teor\u00eda, deb\u00eda liberar).<\/p>\n","protected":false},"excerpt":{"rendered":"<p>GARC\u00cdA DEL MURO SOLANS, JOAN<\/p>\n","protected":false},"featured_media":129044,"template":"","meta":{"_acf_changed":false,"om_disable_all_campaigns":false,"rs_blank_template":"","rs_page_bg_color":"","slide_template_v7":"","inline_featured_image":false,"_monsterinsights_skip_tracking":false,"_monsterinsights_sitenote_active":false,"_monsterinsights_sitenote_note":"","_monsterinsights_sitenote_category":0},"product_brand":[],"product_cat":[120],"product_tag":[],"class_list":{"0":"post-129043","1":"product","2":"type-product","3":"status-publish","4":"has-post-thumbnail","6":"product_cat-politica","8":"first","9":"instock","10":"taxable","11":"shipping-taxable","12":"purchasable","13":"product-type-simple"},"acf":{"editorial":[{"ID":148530,"post_author":"3","post_date":"2022-10-14 11:58:58","post_date_gmt":"2022-10-14 09:58:58","post_content":"","post_title":"MILENIO","post_excerpt":"","post_status":"publish","comment_status":"closed","ping_status":"closed","post_password":"","post_name":"milenio","to_ping":"","pinged":"","post_modified":"2022-10-14 11:58:58","post_modified_gmt":"2022-10-14 09:58:58","post_content_filtered":"","post_parent":0,"guid":"http:\/\/dev.claret.cat\/editorial\/milenio\/","menu_order":0,"post_type":"editorial","post_mime_type":"","comment_count":"0","filter":"raw"}],"autor":"GARC\u00cdA DEL MURO SOLANS, JOAN","codart":"849743874","libros-coleccion":"Ensayo","ediciones":"1","encuadernacion":"R\u00fastica","fecha_de_publicacion":"01\/08\/2019","novedad":"1","paginas":"254","subtitulo":"UNA APROXIMACI\u00d3N A LA POSVERDAD","orden":"0","portada":"0","idioma":"cat","autores-libros":[{"ID":159323,"post_author":"3","post_date":"2022-10-14 15:43:55","post_date_gmt":"2022-10-14 13:43:55","post_content":"","post_title":"JOAN GARC\u00cdA DEL MURO SOLANS","post_excerpt":"","post_status":"publish","comment_status":"closed","ping_status":"closed","post_password":"","post_name":"joan-garcia-del-muro-solans","to_ping":"","pinged":"","post_modified":"2022-10-14 15:43:55","post_modified_gmt":"2022-10-14 13:43:55","post_content_filtered":"","post_parent":0,"guid":"http:\/\/dev.claret.cat\/autor\/joan-garcia-del-muro-solans\/","menu_order":0,"post_type":"autor","post_mime_type":"","comment_count":"0","filter":"raw"}]},"aioseo_notices":[],"_links":{"self":[{"href":"https:\/\/www.claret.cat\/es\/wp-json\/wp\/v2\/product\/129043","targetHints":{"allow":["GET"]}}],"collection":[{"href":"https:\/\/www.claret.cat\/es\/wp-json\/wp\/v2\/product"}],"about":[{"href":"https:\/\/www.claret.cat\/es\/wp-json\/wp\/v2\/types\/product"}],"wp:featuredmedia":[{"embeddable":true,"href":"https:\/\/www.claret.cat\/es\/wp-json\/wp\/v2\/media\/129044"}],"wp:attachment":[{"href":"https:\/\/www.claret.cat\/es\/wp-json\/wp\/v2\/media?parent=129043"}],"wp:term":[{"taxonomy":"product_brand","embeddable":true,"href":"https:\/\/www.claret.cat\/es\/wp-json\/wp\/v2\/product_brand?post=129043"},{"taxonomy":"product_cat","embeddable":true,"href":"https:\/\/www.claret.cat\/es\/wp-json\/wp\/v2\/product_cat?post=129043"},{"taxonomy":"product_tag","embeddable":true,"href":"https:\/\/www.claret.cat\/es\/wp-json\/wp\/v2\/product_tag?post=129043"}],"curies":[{"name":"wp","href":"https:\/\/api.w.org\/{rel}","templated":true}]}}