{"id":129193,"date":"2022-10-12T23:05:39","date_gmt":"2022-10-12T21:05:39","guid":{"rendered":"http:\/\/dev.claret.cat\/producte\/el-gran-llibre-dels-dinosaures-gegants-el-petit-llibre-dels-dinosaures-mes-pet\/"},"modified":"2023-01-28T20:14:12","modified_gmt":"2023-01-28T19:14:12","slug":"el-gran-llibre-dels-dinosaures-gegants-el-petit-llibre-dels-dinosaures-mes-pet-9788490348017","status":"publish","type":"product","link":"https:\/\/www.claret.cat\/es\/libro\/el-gran-llibre-dels-dinosaures-gegants-el-petit-llibre-dels-dinosaures-mes-pet-9788490348017\/","title":{"rendered":"EL GRAN LLIBRE DELS DINOSAURES GEGANTS \/ EL PETIT LLIBRE DELS DINOSAURES M\u00c9S PET"},"content":{"rendered":"<p>Alguns dinosaures eren enormes, m\u00e9s grossos que alguns vaixells i fins i tot que casa teva. Altres eren sorprenentment petits, fins i tot m\u00e9s petits que la teva bicicleta. En aquest llibre els hi trobareu tots! Els gegants de la prehist\u00f2ria han estat recollits a les p\u00e0gines d&#8221;El gran llibre dels dinosaures gegants, mentre que a El petit llibre dels dinosaures m\u00e9s petits hi pots trobar els exemplars m\u00e9s menuts que et puguis imaginar: vine a con\u00e8ixer-los!<\/p>\n","protected":false},"excerpt":{"rendered":"<p>BANFI, CRISTINA \/ PERABONI, CRISTINA<\/p>\n","protected":false},"featured_media":129194,"template":"","meta":{"_acf_changed":false,"om_disable_all_campaigns":false,"rs_blank_template":"","rs_page_bg_color":"","slide_template_v7":"","inline_featured_image":false,"_monsterinsights_skip_tracking":false,"_monsterinsights_sitenote_active":false,"_monsterinsights_sitenote_note":"","_monsterinsights_sitenote_category":0},"product_brand":[],"product_cat":[131,132],"product_tag":[],"class_list":{"0":"post-129193","1":"product","2":"type-product","3":"status-publish","4":"has-post-thumbnail","6":"product_cat-contes-per-infants-0-6-anys","7":"product_cat-lectures-per-preadolescents-6-12-anys","9":"first","10":"instock","11":"taxable","12":"shipping-taxable","13":"purchasable","14":"product-type-simple"},"acf":{"editorial":[{"ID":148407,"post_author":"3","post_date":"2022-10-14 11:58:00","post_date_gmt":"2022-10-14 09:58:00","post_content":"","post_title":"LECTIO - IMATGE-9","post_excerpt":"","post_status":"publish","comment_status":"closed","ping_status":"closed","post_password":"","post_name":"lectio-imatge-9","to_ping":"","pinged":"","post_modified":"2022-10-14 11:58:00","post_modified_gmt":"2022-10-14 09:58:00","post_content_filtered":"","post_parent":0,"guid":"http:\/\/dev.claret.cat\/editorial\/lectio-imatge-9\/","menu_order":0,"post_type":"editorial","post_mime_type":"","comment_count":"0","filter":"raw"}],"autor":"BANFI, CRISTINA \/ PERABONI, CRISTINA","codart":"849034801","libros-coleccion":"Altres infantil","ediciones":"1","encuadernacion":"Carton\u00e9","fecha_de_publicacion":"01\/09\/2019","novedad":"1","paginas":"45","subtitulo":"","orden":"0","portada":"0","idioma":"cat","autores-libros":[{"ID":153310,"post_author":"3","post_date":"2022-10-14 14:55:45","post_date_gmt":"2022-10-14 12:55:45","post_content":"","post_title":"CRISTINA BANFI","post_excerpt":"","post_status":"publish","comment_status":"closed","ping_status":"closed","post_password":"","post_name":"cristina-banfi","to_ping":"","pinged":"","post_modified":"2022-10-14 14:55:45","post_modified_gmt":"2022-10-14 12:55:45","post_content_filtered":"","post_parent":0,"guid":"http:\/\/dev.claret.cat\/autor\/cristina-banfi\/","menu_order":0,"post_type":"autor","post_mime_type":"","comment_count":"0","filter":"raw"},{"ID":153379,"post_author":"3","post_date":"2022-10-14 14:56:18","post_date_gmt":"2022-10-14 12:56:18","post_content":"","post_title":"CRISTINA PERABONI","post_excerpt":"","post_status":"publish","comment_status":"closed","ping_status":"closed","post_password":"","post_name":"cristina-peraboni","to_ping":"","pinged":"","post_modified":"2022-10-14 14:56:18","post_modified_gmt":"2022-10-14 12:56:18","post_content_filtered":"","post_parent":0,"guid":"http:\/\/dev.claret.cat\/autor\/cristina-peraboni\/","menu_order":0,"post_type":"autor","post_mime_type":"","comment_count":"0","filter":"raw"}]},"aioseo_notices":[],"_links":{"self":[{"href":"https:\/\/www.claret.cat\/es\/wp-json\/wp\/v2\/product\/129193","targetHints":{"allow":["GET"]}}],"collection":[{"href":"https:\/\/www.claret.cat\/es\/wp-json\/wp\/v2\/product"}],"about":[{"href":"https:\/\/www.claret.cat\/es\/wp-json\/wp\/v2\/types\/product"}],"wp:featuredmedia":[{"embeddable":true,"href":"https:\/\/www.claret.cat\/es\/wp-json\/wp\/v2\/media\/129194"}],"wp:attachment":[{"href":"https:\/\/www.claret.cat\/es\/wp-json\/wp\/v2\/media?parent=129193"}],"wp:term":[{"taxonomy":"product_brand","embeddable":true,"href":"https:\/\/www.claret.cat\/es\/wp-json\/wp\/v2\/product_brand?post=129193"},{"taxonomy":"product_cat","embeddable":true,"href":"https:\/\/www.claret.cat\/es\/wp-json\/wp\/v2\/product_cat?post=129193"},{"taxonomy":"product_tag","embeddable":true,"href":"https:\/\/www.claret.cat\/es\/wp-json\/wp\/v2\/product_tag?post=129193"}],"curies":[{"name":"wp","href":"https:\/\/api.w.org\/{rel}","templated":true}]}}