{"id":1292,"date":"2022-07-27T20:39:53","date_gmt":"2022-07-27T18:39:53","guid":{"rendered":"http:\/\/dev.claret.cat\/producto\/kronos-el-juego-de-la-cronologia-biblica-9780511920240\/"},"modified":"2025-02-27T11:10:25","modified_gmt":"2025-02-27T10:10:25","slug":"kronos-el-juego-de-la-cronologia-biblica-9780511920240","status":"publish","type":"product","link":"https:\/\/www.claret.cat\/es\/libro\/kronos-el-juego-de-la-cronologia-biblica-9780511920240\/","title":{"rendered":"KRONOS. EL JUEGO DE LA CRONOLOG\u00cdA B\u00cdBLICA"},"content":{"rendered":"<p>Abba presenta Kronos: El juego de la cronolog\u00eda b\u00edblica<\/p>\n<p>Este juego le permitir\u00e1 aprender el orden de los hechos b\u00edblicos hist\u00f3ricos de una manera cronol\u00f3gica y situarlos mejor en el tiempo.<\/p>\n<p>Para elaborar este juego los autores han usado una interpretaci\u00f3n literal de los hechos y sucesos de la Biblia, sabiendo que hay muchas otras interpretaciones a la hora de considerar la cronolog\u00eda b\u00edblica. As\u00ed la creaci\u00f3n de Ad\u00e1n y Eva se ha situado en el 4004 a.C. Siendo esta fecha rebatida por otros m\u00e9todos hermen\u00e9uticos. Otros hechos, como por ejemplo el nacimiento de Matusal\u00e9n o el a\u00f1o en que Abraham fue llamado, son imposibles de darlos con una fecha exacta, as\u00ed que los autores han puesto una fecha aproximada. A\u00fan y as\u00ed este hecho no altera el orden cronol\u00f3gico de los eventos presentados en las cartas, y por tanto la secuencia hist\u00f3rica de estos.<\/p>\n<p>Objetivo del juego.<br \/>Situar las cartas en su orden hist\u00f3rico seg\u00fan vayan apareciendo. El primero que se quede sin cartas gana.<\/p>\n<p>Qu\u00e9 contiene el juego.<\/p>\n<p>80 cartas. En el anverso aparece el hecho hist\u00f3rico con una imagen (pero sin fecha), en el reverso exactamente la misma informaci\u00f3n m\u00e1s la fecha en la que tuvo lugar el evento.<\/p>\n<p>\u00bfC\u00f3mo se juega?<\/p>\n<p>1) Cada jugador recibe 5 cartas. Y las deber\u00e1 colocar encima de la mesa, por el lado anverso (el lado d\u00f3nde no hay la fecha). Es muy importante que ning\u00fan jugador vea el reverso con la fecha de las cartas.<br \/>2) Las cartas sobrantes se colocan en un mazo a un lado de donde se jugar\u00e1 la partida.<br \/>3) Se decide qui\u00e9n ser\u00e1 el primer jugador en empezar la partida. Y este lanza su primera carta al centro y le da la vuelta con la fecha visible.<br \/>4) El turno sigue en sentido de las agujas del reloj, y el siguiente jugador toma una de sus cartas, y debe decidir si el evento en \u00e9l descrito es anterior o posterior a la fecha del evento que hay sobre la mesa. Si es anterior deber\u00e1 colocarlo a la izquierda de la carta ya situada, si es posterior a la derecha de la carta.<br \/>5) Una vez haya colocado la carta, se le da la vuelta y se mira la fecha. Si est\u00e1 situada correctamente (a la izquierda si la fecha es inferior o a la derecha si es superior a la primera carta), la carta se queda en la zona de juego y pasa el turno al siguiente jugador. Si no est\u00e1 colocada correctamente, la carta queda descartada y el jugador debe coger otra carta y qued\u00e1rsela. El turno pasa al siguiente.<br \/>6) Si la carta ha quedado en el centro el siguiente jugador tendr\u00e1 tres opciones al tirar su carta. Colocarla a la izquierda de las cartas (si la fecha cree que es inferior), colocarla a la derecha (si cree que la fecha es superior) o en el centro de ambas si cree que el evento se sit\u00faa cronol\u00f3gicamente entre los dos eventos que hay encima de la mesa. Si lo acierta, la carta se queda y el turno pasa. Si no, deber\u00e1 descartar su carta y tomar una carta del mazo, pasando el turno al siguiente jugador.<br \/>7) El turno va pasando sucesivamente y los jugadores deber\u00e1n colocar las cartas en el lugar que ocupan en la secuencia del tiempo b\u00edblico.<br \/>8) El ganador ser\u00e1 el primero que se quede sin cartas.<\/p>\n","protected":false},"excerpt":{"rendered":"<p>LUCIANO&#8217;S GIFTS<\/p>\n","protected":false},"featured_media":67472,"template":"","meta":{"_acf_changed":false,"om_disable_all_campaigns":false,"rs_blank_template":"","rs_page_bg_color":"","slide_template_v7":"","inline_featured_image":false,"_monsterinsights_skip_tracking":false,"_monsterinsights_sitenote_active":false,"_monsterinsights_sitenote_note":"","_monsterinsights_sitenote_category":0},"product_brand":[],"product_cat":[482,224,220,479],"product_tag":[],"class_list":{"0":"post-1292","1":"product","2":"type-product","3":"status-publish","4":"has-post-thumbnail","6":"product_cat-biblias-didacticas","7":"product_cat-biblies-didactiques","8":"product_cat-juvenil-catequesi","9":"product_cat-juvenil-catequesis-1_espiritualidad","11":"first","12":"instock","13":"taxable","14":"shipping-taxable","15":"purchasable","16":"product-type-simple"},"acf":{"autores-libros":[{"ID":5747,"post_author":"3","post_date":"2022-07-28 17:30:36","post_date_gmt":"2022-07-28 15:30:36","post_content":"","post_title":"LUCIANO\u00b4S GIFTS","post_excerpt":"","post_status":"publish","comment_status":"closed","ping_status":"closed","post_password":"","post_name":"lucianos-gifts","to_ping":"","pinged":"","post_modified":"2022-07-28 17:30:36","post_modified_gmt":"2022-07-28 15:30:36","post_content_filtered":"","post_parent":0,"guid":"http:\/\/dev.claret.cat\/autor\/lucianos-gifts\/","menu_order":0,"post_type":"autor","post_mime_type":"","comment_count":"0","filter":"raw"}],"autor":"LUCIANO'S GIFTS","codart":"051192024","libros-coleccion":"","ediciones":"1","encuadernacion":"R\u00fastica","fecha_de_publicacion":"11\/10\/2019","novedad":"1","paginas":"0","subtitulo":"","orden":"0","portada":"0","idioma":"spa","editorial":[{"ID":8255,"post_author":"3","post_date":"2022-09-30 09:21:31","post_date_gmt":"2022-09-30 07:21:31","post_content":"","post_title":"LUCIANO'S GIFTS","post_excerpt":"","post_status":"publish","comment_status":"closed","ping_status":"closed","post_password":"","post_name":"lucianos-gifts-3","to_ping":"","pinged":"","post_modified":"2022-09-30 09:21:31","post_modified_gmt":"2022-09-30 07:21:31","post_content_filtered":"","post_parent":0,"guid":"http:\/\/dev.claret.cat\/editorial\/lucianos-gifts-3\/","menu_order":0,"post_type":"editorial","post_mime_type":"","comment_count":"0","filter":"raw"}]},"aioseo_notices":[],"_links":{"self":[{"href":"https:\/\/www.claret.cat\/es\/wp-json\/wp\/v2\/product\/1292","targetHints":{"allow":["GET"]}}],"collection":[{"href":"https:\/\/www.claret.cat\/es\/wp-json\/wp\/v2\/product"}],"about":[{"href":"https:\/\/www.claret.cat\/es\/wp-json\/wp\/v2\/types\/product"}],"wp:featuredmedia":[{"embeddable":true,"href":"https:\/\/www.claret.cat\/es\/wp-json\/wp\/v2\/media\/67472"}],"wp:attachment":[{"href":"https:\/\/www.claret.cat\/es\/wp-json\/wp\/v2\/media?parent=1292"}],"wp:term":[{"taxonomy":"product_brand","embeddable":true,"href":"https:\/\/www.claret.cat\/es\/wp-json\/wp\/v2\/product_brand?post=1292"},{"taxonomy":"product_cat","embeddable":true,"href":"https:\/\/www.claret.cat\/es\/wp-json\/wp\/v2\/product_cat?post=1292"},{"taxonomy":"product_tag","embeddable":true,"href":"https:\/\/www.claret.cat\/es\/wp-json\/wp\/v2\/product_tag?post=1292"}],"curies":[{"name":"wp","href":"https:\/\/api.w.org\/{rel}","templated":true}]}}