{"id":129238,"date":"2022-10-12T23:06:21","date_gmt":"2022-10-12T21:06:21","guid":{"rendered":"http:\/\/dev.claret.cat\/producte\/hola-mundo\/"},"modified":"2023-01-28T16:05:04","modified_gmt":"2023-01-28T15:05:04","slug":"hola-mundo-9788417552411","status":"publish","type":"product","link":"https:\/\/www.claret.cat\/es\/libro\/hola-mundo-9788417552411\/","title":{"rendered":"HOLA MUNDO"},"content":{"rendered":"<p>\u00bfDEBER\u00cdAMOS ENTREGAR A LAS M\u00c1QUINAS TODO EL PODER? \u00bfCONFIAMOS REALMENTE EN ELLAS?<\/p>\n<p> Los algoritmos ya deciden, sin ayuda humana, penas de c\u00e1rcel, tratamientos cl\u00ednicos y hasta el destino de un coche que se dirige directo a atropellar a un ni\u00f1o.<\/p>\n<p> Un ensayo imponente que, desde las matem\u00e1ticas, la sociolog\u00eda y los nuevos horizontes tecnol\u00f3gicos, proyecta un nuevo mundo. Un texto afinad\u00edsimo que no sataniza los algoritmos, sino el uso que, a menudo, les dan sus creadores y usuarios.<\/p>\n<p> Por eso este libro crucial trata sobre nosotros: qui\u00e9nes somos y qui\u00e9nes queremos ser.<\/p>\n<p> NUESTRO MA\u00d1ANA DEPENDE DE LO QUE PENSEMOS HOY.<\/p>\n","protected":false},"excerpt":{"rendered":"<p>FRY, HANNAH<\/p>\n","protected":false},"featured_media":129239,"template":"","meta":{"_acf_changed":false,"om_disable_all_campaigns":false,"rs_blank_template":"","rs_page_bg_color":"","slide_template_v7":"","inline_featured_image":false,"_monsterinsights_skip_tracking":false,"_monsterinsights_sitenote_active":false,"_monsterinsights_sitenote_note":"","_monsterinsights_sitenote_category":0},"product_brand":[],"product_cat":[104],"product_tag":[],"class_list":{"0":"post-129238","1":"product","2":"type-product","3":"status-publish","4":"has-post-thumbnail","6":"product_cat-ciencia","8":"first","9":"instock","10":"taxable","11":"shipping-taxable","12":"purchasable","13":"product-type-simple"},"acf":{"editorial":[{"ID":6146,"post_author":"3","post_date":"2022-07-28 17:45:52","post_date_gmt":"2022-07-28 15:45:52","post_content":"","post_title":"Blackie Books","post_excerpt":"","post_status":"publish","comment_status":"closed","ping_status":"closed","post_password":"","post_name":"blackie-books","to_ping":"","pinged":"","post_modified":"2022-07-28 17:45:52","post_modified_gmt":"2022-07-28 15:45:52","post_content_filtered":"","post_parent":0,"guid":"http:\/\/dev.claret.cat\/editorial\/blackie-books\/","menu_order":0,"post_type":"editorial","post_mime_type":"","comment_count":"0","filter":"raw"}],"autor":"FRY, HANNAH","codart":"841755241","libros-coleccion":"BLACKIE BOOKS","ediciones":"1","encuadernacion":"Carton\u00e9","fecha_de_publicacion":"01\/09\/2019","novedad":"1","paginas":"304","subtitulo":"C\u00d3MO SEGUIR SIENDO HUMANOS EN LA ERA DE LOS ALGORITMOS","orden":"0","portada":"0","idioma":"spa","autores-libros":[{"ID":157340,"post_author":"3","post_date":"2022-10-14 15:28:03","post_date_gmt":"2022-10-14 13:28:03","post_content":"","post_title":"HANNAH FRY","post_excerpt":"","post_status":"publish","comment_status":"closed","ping_status":"closed","post_password":"","post_name":"hannah-fry","to_ping":"","pinged":"","post_modified":"2022-10-14 15:28:03","post_modified_gmt":"2022-10-14 13:28:03","post_content_filtered":"","post_parent":0,"guid":"http:\/\/dev.claret.cat\/autor\/hannah-fry\/","menu_order":0,"post_type":"autor","post_mime_type":"","comment_count":"0","filter":"raw"}]},"aioseo_notices":[],"_links":{"self":[{"href":"https:\/\/www.claret.cat\/es\/wp-json\/wp\/v2\/product\/129238","targetHints":{"allow":["GET"]}}],"collection":[{"href":"https:\/\/www.claret.cat\/es\/wp-json\/wp\/v2\/product"}],"about":[{"href":"https:\/\/www.claret.cat\/es\/wp-json\/wp\/v2\/types\/product"}],"wp:featuredmedia":[{"embeddable":true,"href":"https:\/\/www.claret.cat\/es\/wp-json\/wp\/v2\/media\/129239"}],"wp:attachment":[{"href":"https:\/\/www.claret.cat\/es\/wp-json\/wp\/v2\/media?parent=129238"}],"wp:term":[{"taxonomy":"product_brand","embeddable":true,"href":"https:\/\/www.claret.cat\/es\/wp-json\/wp\/v2\/product_brand?post=129238"},{"taxonomy":"product_cat","embeddable":true,"href":"https:\/\/www.claret.cat\/es\/wp-json\/wp\/v2\/product_cat?post=129238"},{"taxonomy":"product_tag","embeddable":true,"href":"https:\/\/www.claret.cat\/es\/wp-json\/wp\/v2\/product_tag?post=129238"}],"curies":[{"name":"wp","href":"https:\/\/api.w.org\/{rel}","templated":true}]}}