{"id":129277,"date":"2022-10-12T23:06:58","date_gmt":"2022-10-12T21:06:58","guid":{"rendered":"http:\/\/dev.claret.cat\/producte\/pequena-grande-vivienne-westwood\/"},"modified":"2023-01-28T14:04:34","modified_gmt":"2023-01-28T13:04:34","slug":"pequena-grande-vivienne-westwood-9788490656105","status":"publish","type":"product","link":"https:\/\/www.claret.cat\/es\/libro\/pequena-grande-vivienne-westwood-9788490656105\/","title":{"rendered":"PEQUE\u00d1A &amp; GRANDE VIVIENNE WESTWOOD"},"content":{"rendered":"<p>Vivienne Westwood es una de las dise\u00f1adoras de moda m\u00e1s famosas y provocadoras del mundo. Empez\u00f3 a dise\u00f1ar ropa diferente, como camisetas estampadas con frases impactantes, romp\u00eda las telas y usaba objetos cotidianos, como alfileres o cadenas, para decorar la ropa. Cre\u00f3 un nuevo estilo basado en el inconformismo. En la d\u00e9cada de 1970 su tienda se convirti\u00f3 en un referente para el movimiento punk y visti\u00f3 a las bandas de punk m\u00e1s famosas de la \u00e9poca. Actualmente Vivienne es una activista del cambio clim\u00e1tico. Su lema es \u00abCompra menos, elige bien y haz que dure\u00bb. Actualmente dise\u00f1a ropa para que la gente se sienta \u00abgrande y fuerte\u00bb, sea quien sea.<\/p>\n","protected":false},"excerpt":{"rendered":"<p>S\u00c1NCHEZ VEGARA, MAR\u00cdA ISABEL<\/p>\n","protected":false},"featured_media":129278,"template":"","meta":{"_acf_changed":false,"om_disable_all_campaigns":false,"rs_blank_template":"","rs_page_bg_color":"","slide_template_v7":"","inline_featured_image":false,"_monsterinsights_skip_tracking":false,"_monsterinsights_sitenote_active":false,"_monsterinsights_sitenote_note":"","_monsterinsights_sitenote_category":0},"product_brand":[],"product_cat":[132],"product_tag":[],"class_list":{"0":"post-129277","1":"product","2":"type-product","3":"status-publish","4":"has-post-thumbnail","6":"product_cat-lectures-per-preadolescents-6-12-anys","8":"first","9":"instock","10":"taxable","11":"shipping-taxable","12":"purchasable","13":"product-type-simple"},"acf":{"editorial":[{"ID":147382,"post_author":"3","post_date":"2022-10-14 11:50:09","post_date_gmt":"2022-10-14 09:50:09","post_content":"","post_title":"Alba Editorial","post_excerpt":"","post_status":"publish","comment_status":"closed","ping_status":"closed","post_password":"","post_name":"alba-editorial","to_ping":"","pinged":"","post_modified":"2022-10-14 11:50:09","post_modified_gmt":"2022-10-14 09:50:09","post_content_filtered":"","post_parent":0,"guid":"http:\/\/dev.claret.cat\/editorial\/alba-editorial\/","menu_order":0,"post_type":"editorial","post_mime_type":"","comment_count":"0","filter":"raw"}],"autor":"S\u00c1NCHEZ VEGARA, MAR\u00cdA ISABEL","codart":"849065610","libros-coleccion":"Peque\u00f1a & Grande","ediciones":"1","encuadernacion":"Carton\u00e9","fecha_de_publicacion":"01\/09\/2019","novedad":"1","paginas":"32","subtitulo":"","orden":"0","portada":"0","idioma":"spa","autores-libros":[{"ID":163648,"post_author":"3","post_date":"2022-10-14 17:40:43","post_date_gmt":"2022-10-14 15:40:43","post_content":"","post_title":"MAR\u00cdA ISABEL S\u00c1NCHEZ VEGARA","post_excerpt":"","post_status":"publish","comment_status":"closed","ping_status":"closed","post_password":"","post_name":"maria-isabel-sanchez-vegara","to_ping":"","pinged":"","post_modified":"2022-10-14 17:40:43","post_modified_gmt":"2022-10-14 15:40:43","post_content_filtered":"","post_parent":0,"guid":"http:\/\/dev.claret.cat\/autor\/maria-isabel-sanchez-vegara\/","menu_order":0,"post_type":"autor","post_mime_type":"","comment_count":"0","filter":"raw"}]},"aioseo_notices":[],"_links":{"self":[{"href":"https:\/\/www.claret.cat\/es\/wp-json\/wp\/v2\/product\/129277","targetHints":{"allow":["GET"]}}],"collection":[{"href":"https:\/\/www.claret.cat\/es\/wp-json\/wp\/v2\/product"}],"about":[{"href":"https:\/\/www.claret.cat\/es\/wp-json\/wp\/v2\/types\/product"}],"wp:featuredmedia":[{"embeddable":true,"href":"https:\/\/www.claret.cat\/es\/wp-json\/wp\/v2\/media\/129278"}],"wp:attachment":[{"href":"https:\/\/www.claret.cat\/es\/wp-json\/wp\/v2\/media?parent=129277"}],"wp:term":[{"taxonomy":"product_brand","embeddable":true,"href":"https:\/\/www.claret.cat\/es\/wp-json\/wp\/v2\/product_brand?post=129277"},{"taxonomy":"product_cat","embeddable":true,"href":"https:\/\/www.claret.cat\/es\/wp-json\/wp\/v2\/product_cat?post=129277"},{"taxonomy":"product_tag","embeddable":true,"href":"https:\/\/www.claret.cat\/es\/wp-json\/wp\/v2\/product_tag?post=129277"}],"curies":[{"name":"wp","href":"https:\/\/api.w.org\/{rel}","templated":true}]}}