{"id":129310,"date":"2022-10-12T23:07:28","date_gmt":"2022-10-12T21:07:28","guid":{"rendered":"http:\/\/dev.claret.cat\/producte\/lauca-del-senyor-esteve-novel%c2%b7la\/"},"modified":"2024-01-31T22:19:09","modified_gmt":"2024-01-31T21:19:09","slug":"lauca-del-senyor-esteve-novella-9788492672332","status":"publish","type":"product","link":"https:\/\/www.claret.cat\/es\/libro\/lauca-del-senyor-esteve-novella-9788492672332\/","title":{"rendered":"L&#8221;AUCA DEL SENYOR ESTEVE. NOVEL\u00b7LA"},"content":{"rendered":"<p>\u00a0Aquesta edici\u00f3 de L&#8221;Auca del senyor Esteve pret\u00e9n ser una eina did\u00e0ctica que apropi un dels autors m\u00e9s creatius de la literatura catalana als lectors m\u00e9s joves. Es presenta la novel\u00b7la amb un estudi preliminar que contextualitza \u00e8poca, autor i obra i es proposa una an\u00e0lisi liter\u00e0ria a partir d&#8221;un seguit d&#8221;activitats de caire molt divers.\u00a0L&#8221;auca del senyor Esteve fou escrita el 1907. \u00c9s un exemple perfecte de novel\u00b7la modernista de fons costumista on Rusi\u00f1ol, fent servir la t\u00e8cnica de l&#8221;auca, explica la traject\u00f2ria ascendent d&#8221;una fam\u00edlia, propiet\u00e0ria d&#8221;una botiga de vetes i fils anomenada La Puntual, amb la intenci\u00f3 de satiritzar els costums de la petita burgesia catalana. El conflicte es produeix quan l&#8221;hereu decideix ser artista i s&#8221;enfronta amb els prop\u00f2sits purament materialistes de la seva fam\u00edlia. L&#8221;autor aconsegueix, d&#8221;aquesta manera, mostrar les tensions modernistes entre l&#8221;intel\u00b7lectual i la societat burgesa. <br \/>De L&#8221;Auca del senyor Esteve se&#8221;n feu la versi\u00f3 teatral, el 1917 (Educaula62)<\/p>\n","protected":false},"excerpt":{"rendered":"<p>RUSI\u00d1OL, SANTIAGO<\/p>\n","protected":false},"featured_media":129311,"template":"","meta":{"_acf_changed":false,"om_disable_all_campaigns":false,"rs_blank_template":"","rs_page_bg_color":"","slide_template_v7":"","inline_featured_image":false,"_monsterinsights_skip_tracking":false,"_monsterinsights_sitenote_active":false,"_monsterinsights_sitenote_note":"","_monsterinsights_sitenote_category":0},"product_brand":[],"product_cat":[90,540],"product_tag":[],"class_list":{"0":"post-129310","1":"product","2":"type-product","3":"status-publish","4":"has-post-thumbnail","6":"product_cat-altres","7":"product_cat-otros","9":"first","10":"instock","11":"taxable","12":"shipping-taxable","13":"purchasable","14":"product-type-simple"},"acf":{"editorial":[{"ID":148053,"post_author":"3","post_date":"2022-10-14 11:55:16","post_date_gmt":"2022-10-14 09:55:16","post_content":"","post_title":"EDUCAULA","post_excerpt":"","post_status":"publish","comment_status":"closed","ping_status":"closed","post_password":"","post_name":"educaula","to_ping":"","pinged":"","post_modified":"2022-10-14 11:55:16","post_modified_gmt":"2022-10-14 09:55:16","post_content_filtered":"","post_parent":0,"guid":"http:\/\/dev.claret.cat\/editorial\/educaula\/","menu_order":0,"post_type":"editorial","post_mime_type":"","comment_count":"0","filter":"raw"}],"autor":"RUSI\u00d1OL, SANTIAGO","codart":"849267233","libros-coleccion":"Educaci\u00f3 62","ediciones":"1","encuadernacion":"R\u00fastica","fecha_de_publicacion":"01\/10\/2009","novedad":"1","paginas":"320","subtitulo":"","orden":"0","portada":"0","idioma":"spa","autores-libros":[{"ID":169065,"post_author":"3","post_date":"2022-10-14 22:24:12","post_date_gmt":"2022-10-14 20:24:12","post_content":"","post_title":"SANTIAGO RUSI\u00d1OL","post_excerpt":"","post_status":"publish","comment_status":"closed","ping_status":"closed","post_password":"","post_name":"santiago-rusinol","to_ping":"","pinged":"","post_modified":"2022-10-14 22:24:12","post_modified_gmt":"2022-10-14 20:24:12","post_content_filtered":"","post_parent":0,"guid":"http:\/\/dev.claret.cat\/autor\/santiago-rusinol\/","menu_order":0,"post_type":"autor","post_mime_type":"","comment_count":"0","filter":"raw"}]},"aioseo_notices":[],"_links":{"self":[{"href":"https:\/\/www.claret.cat\/es\/wp-json\/wp\/v2\/product\/129310","targetHints":{"allow":["GET"]}}],"collection":[{"href":"https:\/\/www.claret.cat\/es\/wp-json\/wp\/v2\/product"}],"about":[{"href":"https:\/\/www.claret.cat\/es\/wp-json\/wp\/v2\/types\/product"}],"wp:featuredmedia":[{"embeddable":true,"href":"https:\/\/www.claret.cat\/es\/wp-json\/wp\/v2\/media\/129311"}],"wp:attachment":[{"href":"https:\/\/www.claret.cat\/es\/wp-json\/wp\/v2\/media?parent=129310"}],"wp:term":[{"taxonomy":"product_brand","embeddable":true,"href":"https:\/\/www.claret.cat\/es\/wp-json\/wp\/v2\/product_brand?post=129310"},{"taxonomy":"product_cat","embeddable":true,"href":"https:\/\/www.claret.cat\/es\/wp-json\/wp\/v2\/product_cat?post=129310"},{"taxonomy":"product_tag","embeddable":true,"href":"https:\/\/www.claret.cat\/es\/wp-json\/wp\/v2\/product_tag?post=129310"}],"curies":[{"name":"wp","href":"https:\/\/api.w.org\/{rel}","templated":true}]}}