{"id":129382,"date":"2022-10-12T23:08:35","date_gmt":"2022-10-12T21:08:35","guid":{"rendered":"http:\/\/dev.claret.cat\/producte\/la-pequena-filosofia-de-los-pajaros\/"},"modified":"2025-09-09T11:15:33","modified_gmt":"2025-09-09T09:15:33","slug":"la-pequena-filosofia-de-los-pajaros-9788417752132","status":"publish","type":"product","link":"https:\/\/www.claret.cat\/es\/libro\/la-pequena-filosofia-de-los-pajaros-9788417752132\/","title":{"rendered":"LA PEQUE\u00d1A FILOSOF\u00cdA DE LOS P\u00c1JAROS"},"content":{"rendered":"<p>22 lecciones de serenidad inspiradas en los p\u00e1jaros. A menudo aprendemos de aquello que menos esperamos. Precisamente, este  es el secreto que nos conf\u00eda este libro. En un momento como el actual,  en el que vivimos continuamente conectados al reloj o a una pantalla, estas 22 lecciones breves e inspiradoras nos ense\u00f1an a observar lo  que nos rodea, pero tambi\u00e9n a reconectar con la naturaleza que sigue all\u00ed, esper\u00e1ndonos. \u00bfY qu\u00e9 mejor que detener por un instante el ritmo infernal de nuestras vidas para captar lo que nos dicen los p\u00e1jaros? Observando c\u00f3mo estos peque\u00f1os (aunque grandes) maestros viven y est\u00e1n  en el mundo, nosotros podemos enfocar la vida de otra manera  para detenernos y reencontrarnos con nuestra verdadera esencia. Nunca es  tarde, solo hace falta escuchar.<\/p>\n","protected":false},"excerpt":{"rendered":"<p>DUBOIS, PHILIPPE J. \/ ROUSSEAU, \u00c9LISE<\/p>\n","protected":false},"featured_media":1050928,"template":"","meta":{"_acf_changed":false,"om_disable_all_campaigns":false,"rs_blank_template":"","rs_page_bg_color":"","slide_template_v7":"","inline_featured_image":false,"_monsterinsights_skip_tracking":false,"_monsterinsights_sitenote_active":false,"_monsterinsights_sitenote_note":"","_monsterinsights_sitenote_category":0},"product_brand":[],"product_cat":[554,104],"product_tag":[],"class_list":{"0":"post-129382","1":"product","2":"type-product","3":"status-publish","4":"has-post-thumbnail","6":"product_cat-ciencia-5_otras-spa","7":"product_cat-ciencia","9":"first","10":"outofstock","11":"taxable","12":"shipping-taxable","13":"purchasable","14":"product-type-simple"},"acf":{"autor":"DUBOIS, PHILIPPE J. \/ ROUSSEAU, \u00c9LISE","codart":"841775213","libros-coleccion":"Vivir mejor","ediciones":"1","encuadernacion":"Carton\u00e9","fecha_de_publicacion":"01\/09\/2019","novedad":"0","paginas":"152","subtitulo":"","orden":"0","portada":"0","idioma":"spa","editorial":[{"ID":148228,"post_author":"3","post_date":"2022-10-14 11:56:37","post_date_gmt":"2022-10-14 09:56:37","post_content":"","post_title":"GRIJALBO ILUSTRADOS","post_excerpt":"","post_status":"publish","comment_status":"closed","ping_status":"closed","post_password":"","post_name":"grijalbo-ilustrados","to_ping":"","pinged":"","post_modified":"2022-10-14 11:56:37","post_modified_gmt":"2022-10-14 09:56:37","post_content_filtered":"","post_parent":0,"guid":"http:\/\/dev.claret.cat\/editorial\/grijalbo-ilustrados\/","menu_order":0,"post_type":"editorial","post_mime_type":"","comment_count":"0","filter":"raw"}],"autores-libros":[{"ID":167201,"post_author":"3","post_date":"2022-10-14 18:09:20","post_date_gmt":"2022-10-14 16:09:20","post_content":"","post_title":"PHILIPPE J. DUBOIS","post_excerpt":"","post_status":"publish","comment_status":"closed","ping_status":"closed","post_password":"","post_name":"philippe-j-dubois","to_ping":"","pinged":"","post_modified":"2022-10-14 18:09:20","post_modified_gmt":"2022-10-14 16:09:20","post_content_filtered":"","post_parent":0,"guid":"http:\/\/dev.claret.cat\/autor\/philippe-j-dubois\/","menu_order":0,"post_type":"autor","post_mime_type":"","comment_count":"0","filter":"raw"},{"ID":154835,"post_author":"3","post_date":"2022-10-14 15:08:02","post_date_gmt":"2022-10-14 13:08:02","post_content":"","post_title":"\u00c9LISE ROUSSEAU","post_excerpt":"","post_status":"publish","comment_status":"closed","ping_status":"closed","post_password":"","post_name":"elise-rousseau","to_ping":"","pinged":"","post_modified":"2022-10-14 15:08:02","post_modified_gmt":"2022-10-14 13:08:02","post_content_filtered":"","post_parent":0,"guid":"http:\/\/dev.claret.cat\/autor\/elise-rousseau\/","menu_order":0,"post_type":"autor","post_mime_type":"","comment_count":"0","filter":"raw"}],"booktrailer":"","resenas":""},"aioseo_notices":[],"_links":{"self":[{"href":"https:\/\/www.claret.cat\/es\/wp-json\/wp\/v2\/product\/129382","targetHints":{"allow":["GET"]}}],"collection":[{"href":"https:\/\/www.claret.cat\/es\/wp-json\/wp\/v2\/product"}],"about":[{"href":"https:\/\/www.claret.cat\/es\/wp-json\/wp\/v2\/types\/product"}],"wp:featuredmedia":[{"embeddable":true,"href":"https:\/\/www.claret.cat\/es\/wp-json\/wp\/v2\/media\/1050928"}],"wp:attachment":[{"href":"https:\/\/www.claret.cat\/es\/wp-json\/wp\/v2\/media?parent=129382"}],"wp:term":[{"taxonomy":"product_brand","embeddable":true,"href":"https:\/\/www.claret.cat\/es\/wp-json\/wp\/v2\/product_brand?post=129382"},{"taxonomy":"product_cat","embeddable":true,"href":"https:\/\/www.claret.cat\/es\/wp-json\/wp\/v2\/product_cat?post=129382"},{"taxonomy":"product_tag","embeddable":true,"href":"https:\/\/www.claret.cat\/es\/wp-json\/wp\/v2\/product_tag?post=129382"}],"curies":[{"name":"wp","href":"https:\/\/api.w.org\/{rel}","templated":true}]}}