{"id":129403,"date":"2022-10-12T23:08:55","date_gmt":"2022-10-12T21:08:55","guid":{"rendered":"http:\/\/dev.claret.cat\/producte\/quiero-espaguetis-coleccion-simon\/"},"modified":"2023-01-28T19:48:16","modified_gmt":"2023-01-28T18:48:16","slug":"quiero-espaguetis-coleccion-simon-9788448853389","status":"publish","type":"product","link":"https:\/\/www.claret.cat\/es\/libro\/quiero-espaguetis-coleccion-simon-9788448853389\/","title":{"rendered":"\u00a1QUIERO ESPAGUETIS! (COLECCI\u00d3N SIMON)"},"content":{"rendered":"<p>La exitosa saga de libros de Stephanie Blake protagonizada por Sim\u00f3n ya tiene serie de animaci\u00f3n. Hab\u00eda una vez un conejito que solo quer\u00eda comer una cosa&#8230; \u00a1espaguetis!  Los padres de Sim\u00f3n, enfadados porque se niega a comer cualquier otra  cosa, lo castigan en su habitaci\u00f3n. Sim\u00f3n se enfada much\u00edsimo hasta que  escucha a sus padres hablar de un rico pastel de  chocolate&#8230; \u00bfqu\u00e9 har\u00e1 entonces Sim\u00f3n? Acompa\u00f1adas de alegres y divertidas ilustraciones, Stephanie Blake  nos trae las aventuras de Sim\u00f3n, un peque\u00f1o conejo blanco que transmite toda la vitalidad de la infancia.<\/p>\n","protected":false},"excerpt":{"rendered":"<p>BLAKE, ST\u00c9PHANIE<\/p>\n","protected":false},"featured_media":129404,"template":"","meta":{"_acf_changed":false,"om_disable_all_campaigns":false,"rs_blank_template":"","rs_page_bg_color":"","slide_template_v7":"","inline_featured_image":false,"_monsterinsights_skip_tracking":false,"_monsterinsights_sitenote_active":false,"_monsterinsights_sitenote_note":"","_monsterinsights_sitenote_category":0},"product_brand":[],"product_cat":[132],"product_tag":[],"class_list":{"0":"post-129403","1":"product","2":"type-product","3":"status-publish","4":"has-post-thumbnail","6":"product_cat-lectures-per-preadolescents-6-12-anys","8":"first","9":"instock","10":"taxable","11":"shipping-taxable","12":"purchasable","13":"product-type-simple"},"acf":{"editorial":[{"ID":6141,"post_author":"3","post_date":"2022-07-28 17:45:46","post_date_gmt":"2022-07-28 15:45:46","post_content":"","post_title":"BEASCOA","post_excerpt":"","post_status":"publish","comment_status":"closed","ping_status":"closed","post_password":"","post_name":"beascoa","to_ping":"","pinged":"","post_modified":"2022-07-28 17:45:46","post_modified_gmt":"2022-07-28 15:45:46","post_content_filtered":"","post_parent":0,"guid":"http:\/\/dev.claret.cat\/editorial\/beascoa\/","menu_order":0,"post_type":"editorial","post_mime_type":"","comment_count":"0","filter":"raw"}],"autor":"BLAKE, ST\u00c9PHANIE","codart":"844885338","libros-coleccion":"Colecci\u00f3n Simon","ediciones":"1","encuadernacion":"Carton\u00e9","fecha_de_publicacion":"01\/09\/2019","novedad":"1","paginas":"45","subtitulo":"","orden":"0","portada":"0","idioma":"spa","autores-libros":[{"ID":169810,"post_author":"3","post_date":"2022-10-14 22:30:12","post_date_gmt":"2022-10-14 20:30:12","post_content":"","post_title":"STEPHANIE BLAKE","post_excerpt":"","post_status":"publish","comment_status":"closed","ping_status":"closed","post_password":"","post_name":"stephanie-blake","to_ping":"","pinged":"","post_modified":"2022-10-14 22:30:12","post_modified_gmt":"2022-10-14 20:30:12","post_content_filtered":"","post_parent":0,"guid":"http:\/\/dev.claret.cat\/autor\/stephanie-blake\/","menu_order":0,"post_type":"autor","post_mime_type":"","comment_count":"0","filter":"raw"}]},"aioseo_notices":[],"_links":{"self":[{"href":"https:\/\/www.claret.cat\/es\/wp-json\/wp\/v2\/product\/129403","targetHints":{"allow":["GET"]}}],"collection":[{"href":"https:\/\/www.claret.cat\/es\/wp-json\/wp\/v2\/product"}],"about":[{"href":"https:\/\/www.claret.cat\/es\/wp-json\/wp\/v2\/types\/product"}],"wp:featuredmedia":[{"embeddable":true,"href":"https:\/\/www.claret.cat\/es\/wp-json\/wp\/v2\/media\/129404"}],"wp:attachment":[{"href":"https:\/\/www.claret.cat\/es\/wp-json\/wp\/v2\/media?parent=129403"}],"wp:term":[{"taxonomy":"product_brand","embeddable":true,"href":"https:\/\/www.claret.cat\/es\/wp-json\/wp\/v2\/product_brand?post=129403"},{"taxonomy":"product_cat","embeddable":true,"href":"https:\/\/www.claret.cat\/es\/wp-json\/wp\/v2\/product_cat?post=129403"},{"taxonomy":"product_tag","embeddable":true,"href":"https:\/\/www.claret.cat\/es\/wp-json\/wp\/v2\/product_tag?post=129403"}],"curies":[{"name":"wp","href":"https:\/\/api.w.org\/{rel}","templated":true}]}}