{"id":129427,"date":"2022-10-12T23:09:17","date_gmt":"2022-10-12T21:09:17","guid":{"rendered":"http:\/\/dev.claret.cat\/producte\/calendario-de-greg-2020\/"},"modified":"2025-04-07T12:20:08","modified_gmt":"2025-04-07T10:20:08","slug":"calendario-de-greg-2020-9788427216464","status":"publish","type":"product","link":"https:\/\/www.claret.cat\/es\/libro\/calendario-de-greg-2020-9788427216464\/","title":{"rendered":"CALENDARIO DE GREG 2020"},"content":{"rendered":"<p>Enero, febrero, marzo \u00a1Aprende a organizar el tiempo y divi\u00e9rtete con el calendario de Diario de Greg! Adem\u00e1s, encontrar\u00e1s pegatinas de los personajes de la serie para que puedas marcar tus d\u00edas favoritos.<\/p>\n","protected":false},"excerpt":{"rendered":"<p>KINNEY JEFF<\/p>\n","protected":false},"featured_media":129428,"template":"","meta":{"_acf_changed":false,"om_disable_all_campaigns":false,"rs_blank_template":"","rs_page_bg_color":"","slide_template_v7":"","inline_featured_image":false,"_monsterinsights_skip_tracking":false,"_monsterinsights_sitenote_active":false,"_monsterinsights_sitenote_note":"","_monsterinsights_sitenote_category":0},"product_brand":[],"product_cat":[132,362],"product_tag":[],"class_list":{"0":"post-129427","1":"product","2":"type-product","3":"status-publish","4":"has-post-thumbnail","6":"product_cat-lectures-per-preadolescents-6-12-anys","7":"product_cat-libros-preadolescentes-6-12-anos","9":"first","10":"instock","11":"taxable","12":"shipping-taxable","13":"purchasable","14":"product-type-simple"},"acf":{"editorial":[{"ID":6346,"post_author":"3","post_date":"2022-07-28 17:50:13","post_date_gmt":"2022-07-28 15:50:13","post_content":"","post_title":"RBA Molino","post_excerpt":"","post_status":"publish","comment_status":"closed","ping_status":"closed","post_password":"","post_name":"rba-molino","to_ping":"","pinged":"","post_modified":"2022-07-28 17:50:13","post_modified_gmt":"2022-07-28 15:50:13","post_content_filtered":"","post_parent":0,"guid":"http:\/\/dev.claret.cat\/editorial\/rba-molino\/","menu_order":0,"post_type":"editorial","post_mime_type":"","comment_count":"0","filter":"raw"}],"autor":"KINNEY JEFF","codart":"842721646","libros-coleccion":"DIARIO DE GREG","ediciones":"1","encuadernacion":"Carpeta","fecha_de_publicacion":"01\/09\/2019","novedad":"1","paginas":"12","subtitulo":"","orden":"0","portada":"0","idioma":"spa","autores-libros":[{"ID":161695,"post_author":"3","post_date":"2022-10-14 17:20:18","post_date_gmt":"2022-10-14 15:20:18","post_content":"","post_title":"KINNEY JEFF","post_excerpt":"","post_status":"publish","comment_status":"closed","ping_status":"closed","post_password":"","post_name":"kinney-jeff","to_ping":"","pinged":"","post_modified":"2022-10-14 17:20:18","post_modified_gmt":"2022-10-14 15:20:18","post_content_filtered":"","post_parent":0,"guid":"http:\/\/dev.claret.cat\/autor\/kinney-jeff\/","menu_order":0,"post_type":"autor","post_mime_type":"","comment_count":"0","filter":"raw"}]},"aioseo_notices":[],"_links":{"self":[{"href":"https:\/\/www.claret.cat\/es\/wp-json\/wp\/v2\/product\/129427","targetHints":{"allow":["GET"]}}],"collection":[{"href":"https:\/\/www.claret.cat\/es\/wp-json\/wp\/v2\/product"}],"about":[{"href":"https:\/\/www.claret.cat\/es\/wp-json\/wp\/v2\/types\/product"}],"wp:featuredmedia":[{"embeddable":true,"href":"https:\/\/www.claret.cat\/es\/wp-json\/wp\/v2\/media\/129428"}],"wp:attachment":[{"href":"https:\/\/www.claret.cat\/es\/wp-json\/wp\/v2\/media?parent=129427"}],"wp:term":[{"taxonomy":"product_brand","embeddable":true,"href":"https:\/\/www.claret.cat\/es\/wp-json\/wp\/v2\/product_brand?post=129427"},{"taxonomy":"product_cat","embeddable":true,"href":"https:\/\/www.claret.cat\/es\/wp-json\/wp\/v2\/product_cat?post=129427"},{"taxonomy":"product_tag","embeddable":true,"href":"https:\/\/www.claret.cat\/es\/wp-json\/wp\/v2\/product_tag?post=129427"}],"curies":[{"name":"wp","href":"https:\/\/api.w.org\/{rel}","templated":true}]}}