{"id":129433,"date":"2022-10-12T23:09:23","date_gmt":"2022-10-12T21:09:23","guid":{"rendered":"http:\/\/dev.claret.cat\/producte\/el-arbol-muy-muy-lejano-los-habitantes-del-arbol-lejano\/"},"modified":"2025-04-07T12:52:19","modified_gmt":"2025-04-07T10:52:19","slug":"el-arbol-muy-muy-lejano-los-habitantes-del-arbol-lejano-9788427211247","status":"publish","type":"product","link":"https:\/\/www.claret.cat\/es\/libro\/el-arbol-muy-muy-lejano-los-habitantes-del-arbol-lejano-9788427211247\/","title":{"rendered":"EL \u00c1RBOL MUY MUY LEJANO . LOS HABITANTES DEL \u00c1RBOL LEJANO"},"content":{"rendered":"<p>Visitar El \u00e1rbol muy muy lejano se parece a un sue\u00f1o. Aunque para Connie, que nunca ha cre\u00eddo en la magia, est\u00e1 resultando una verdadera pesadilla. Es tan obstinada que ha subido al Pa\u00eds de los Prodigios ella sola. \u00a1Y ahora se ha perdido! \u00bfAcompa\u00f1amos a Joe, Beth y Frannie a buscarla? Los maravillosos mundos de El \u00e1rbol muy muy lejano, un cl\u00e1sico entra\u00f1able de Enid Blyton en una nueva edici\u00f3n ilustrada.<\/p>\n","protected":false},"excerpt":{"rendered":"<p>BLYTON ENID<\/p>\n","protected":false},"featured_media":997036,"template":"","meta":{"_acf_changed":false,"om_disable_all_campaigns":false,"rs_blank_template":"","rs_page_bg_color":"","slide_template_v7":"","inline_featured_image":false,"_monsterinsights_skip_tracking":false,"_monsterinsights_sitenote_active":false,"_monsterinsights_sitenote_note":"","_monsterinsights_sitenote_category":0},"product_brand":[],"product_cat":[132,362],"product_tag":[],"class_list":{"0":"post-129433","1":"product","2":"type-product","3":"status-publish","4":"has-post-thumbnail","6":"product_cat-lectures-per-preadolescents-6-12-anys","7":"product_cat-libros-preadolescentes-6-12-anos","9":"first","10":"outofstock","11":"taxable","12":"shipping-taxable","13":"purchasable","14":"product-type-simple"},"acf":{"editorial":[{"ID":6346,"post_author":"3","post_date":"2022-07-28 17:50:13","post_date_gmt":"2022-07-28 15:50:13","post_content":"","post_title":"RBA Molino","post_excerpt":"","post_status":"publish","comment_status":"closed","ping_status":"closed","post_password":"","post_name":"rba-molino","to_ping":"","pinged":"","post_modified":"2022-07-28 17:50:13","post_modified_gmt":"2022-07-28 15:50:13","post_content_filtered":"","post_parent":0,"guid":"http:\/\/dev.claret.cat\/editorial\/rba-molino\/","menu_order":0,"post_type":"editorial","post_mime_type":"","comment_count":"0","filter":"raw"}],"autor":"BLYTON ENID","codart":"842721124","libros-coleccion":"INOLVIDABLES","ediciones":"1","encuadernacion":"Carton\u00e9","fecha_de_publicacion":"01\/09\/2019","novedad":"0","paginas":"255","subtitulo":"","orden":"0","portada":"0","idioma":"spa","autores-libros":[{"ID":151777,"post_author":"3","post_date":"2022-10-14 14:43:33","post_date_gmt":"2022-10-14 12:43:33","post_content":"","post_title":"BLYTON ENID","post_excerpt":"","post_status":"publish","comment_status":"closed","ping_status":"closed","post_password":"","post_name":"blyton-enid","to_ping":"","pinged":"","post_modified":"2022-10-14 14:43:33","post_modified_gmt":"2022-10-14 12:43:33","post_content_filtered":"","post_parent":0,"guid":"http:\/\/dev.claret.cat\/autor\/blyton-enid\/","menu_order":0,"post_type":"autor","post_mime_type":"","comment_count":"0","filter":"raw"}]},"aioseo_notices":[],"_links":{"self":[{"href":"https:\/\/www.claret.cat\/es\/wp-json\/wp\/v2\/product\/129433","targetHints":{"allow":["GET"]}}],"collection":[{"href":"https:\/\/www.claret.cat\/es\/wp-json\/wp\/v2\/product"}],"about":[{"href":"https:\/\/www.claret.cat\/es\/wp-json\/wp\/v2\/types\/product"}],"wp:featuredmedia":[{"embeddable":true,"href":"https:\/\/www.claret.cat\/es\/wp-json\/wp\/v2\/media\/997036"}],"wp:attachment":[{"href":"https:\/\/www.claret.cat\/es\/wp-json\/wp\/v2\/media?parent=129433"}],"wp:term":[{"taxonomy":"product_brand","embeddable":true,"href":"https:\/\/www.claret.cat\/es\/wp-json\/wp\/v2\/product_brand?post=129433"},{"taxonomy":"product_cat","embeddable":true,"href":"https:\/\/www.claret.cat\/es\/wp-json\/wp\/v2\/product_cat?post=129433"},{"taxonomy":"product_tag","embeddable":true,"href":"https:\/\/www.claret.cat\/es\/wp-json\/wp\/v2\/product_tag?post=129433"}],"curies":[{"name":"wp","href":"https:\/\/api.w.org\/{rel}","templated":true}]}}