{"id":129481,"date":"2022-10-12T23:10:10","date_gmt":"2022-10-12T21:10:10","guid":{"rendered":"http:\/\/dev.claret.cat\/producte\/oracion-en-familia\/"},"modified":"2024-05-02T05:56:29","modified_gmt":"2024-05-02T03:56:29","slug":"oracion-en-familia-9788428834315","status":"publish","type":"product","link":"https:\/\/www.claret.cat\/es\/libro\/oracion-en-familia-9788428834315\/","title":{"rendered":"ORACI\u00d3N EN FAMILIA"},"content":{"rendered":"<p>El libro de Manuel Iceta Familias en oraci\u00f3n (Madrid, SM, 1979) fue un instrumento de comuni\u00f3n y de fe para muchas familias. Esta es una revisi\u00f3n de aquel libro con el fin de modernizarlo y volver a ofrecerlo de nuevo a familias y parejas. Se sugiere tambi\u00e9n para cualquier grupo o comunidad que se re\u00fana con el objetivo de rezar, porque ofrece una din\u00e1mica que sirve para todas las edades y para cualquier tipo de comunidad. Los esquemas de oraci\u00f3n de esta obra ayudar\u00e1n a considerar la oraci\u00f3n como una fiesta, porque siempre se acaba con un abrazo y con una merienda; permiten conocernos y compartir la vivencia de la fe como cristianos que caminan juntos, y sobre todo llevan a tener la experiencia de la presencia de Dios en familia. Tener una experiencia es algo vivencial y precisa de tiempo, porque utiliza la palabra y el silencio, la intuici\u00f3n y la reflexi\u00f3n, el afecto y la comprensi\u00f3n<\/p>\n","protected":false},"excerpt":{"rendered":"<p>LOZANO, MERCEDES; G\u00d3MEZ-FERRER, \u00c1LVARO \/eds.)<\/p>\n","protected":false},"featured_media":337953,"template":"","meta":{"_acf_changed":false,"om_disable_all_campaigns":false,"rs_blank_template":"","rs_page_bg_color":"","slide_template_v7":"","inline_featured_image":false,"_monsterinsights_skip_tracking":false,"_monsterinsights_sitenote_active":false,"_monsterinsights_sitenote_note":"","_monsterinsights_sitenote_category":0},"product_brand":[],"product_cat":[396,247],"product_tag":[],"class_list":{"0":"post-129481","1":"product","2":"type-product","3":"status-publish","4":"has-post-thumbnail","6":"product_cat-oracion","7":"product_cat-pregaria","9":"first","10":"instock","11":"taxable","12":"shipping-taxable","13":"purchasable","14":"product-type-simple"},"acf":{"editorial":[{"ID":6335,"post_author":"3","post_date":"2022-07-28 17:49:59","post_date_gmt":"2022-07-28 15:49:59","post_content":"","post_title":"PPC altres","post_excerpt":"","post_status":"publish","comment_status":"closed","ping_status":"closed","post_password":"","post_name":"ppc-altres","to_ping":"","pinged":"","post_modified":"2022-07-28 17:49:59","post_modified_gmt":"2022-07-28 15:49:59","post_content_filtered":"","post_parent":0,"guid":"http:\/\/dev.claret.cat\/editorial\/ppc-altres\/","menu_order":0,"post_type":"editorial","post_mime_type":"","comment_count":"0","filter":"raw"}],"autor":"LOZANO, MERCEDES; G\u00d3MEZ-FERRER, \u00c1LVARO \/eds.)","codart":"842883431","libros-coleccion":"","ediciones":"1","encuadernacion":"R\u00fastica","fecha_de_publicacion":"09\/09\/2019","novedad":"1","paginas":"162","subtitulo":"PARA FAMILIAS Y PEQUE\u00d1AS COMUNIDADES","orden":"0","portada":"0","idioma":"spa","autores-libros":[{"ID":149936,"post_author":"3","post_date":"2022-10-14 14:28:55","post_date_gmt":"2022-10-14 12:28:55","post_content":"","post_title":"\u00c1LVARO G\u00d3MEZ-FERRER","post_excerpt":"","post_status":"publish","comment_status":"closed","ping_status":"closed","post_password":"","post_name":"alvaro-gomez-ferrer","to_ping":"","pinged":"","post_modified":"2022-10-14 14:28:55","post_modified_gmt":"2022-10-14 12:28:55","post_content_filtered":"","post_parent":0,"guid":"http:\/\/dev.claret.cat\/autor\/alvaro-gomez-ferrer\/","menu_order":0,"post_type":"autor","post_mime_type":"","comment_count":"0","filter":"raw"},{"ID":154546,"post_author":"3","post_date":"2022-10-14 15:05:40","post_date_gmt":"2022-10-14 13:05:40","post_content":"","post_title":"eds.)","post_excerpt":"","post_status":"publish","comment_status":"closed","ping_status":"closed","post_password":"","post_name":"eds-2","to_ping":"","pinged":"","post_modified":"2022-10-14 15:05:40","post_modified_gmt":"2022-10-14 13:05:40","post_content_filtered":"","post_parent":0,"guid":"http:\/\/dev.claret.cat\/autor\/eds-2\/","menu_order":0,"post_type":"autor","post_mime_type":"","comment_count":"0","filter":"raw"},{"ID":164725,"post_author":"3","post_date":"2022-10-14 17:49:23","post_date_gmt":"2022-10-14 15:49:23","post_content":"","post_title":"MERCEDES LOZANO","post_excerpt":"","post_status":"publish","comment_status":"closed","ping_status":"closed","post_password":"","post_name":"mercedes-lozano","to_ping":"","pinged":"","post_modified":"2022-10-14 17:49:23","post_modified_gmt":"2022-10-14 15:49:23","post_content_filtered":"","post_parent":0,"guid":"http:\/\/dev.claret.cat\/autor\/mercedes-lozano\/","menu_order":0,"post_type":"autor","post_mime_type":"","comment_count":"0","filter":"raw"}]},"aioseo_notices":[],"_links":{"self":[{"href":"https:\/\/www.claret.cat\/es\/wp-json\/wp\/v2\/product\/129481","targetHints":{"allow":["GET"]}}],"collection":[{"href":"https:\/\/www.claret.cat\/es\/wp-json\/wp\/v2\/product"}],"about":[{"href":"https:\/\/www.claret.cat\/es\/wp-json\/wp\/v2\/types\/product"}],"wp:featuredmedia":[{"embeddable":true,"href":"https:\/\/www.claret.cat\/es\/wp-json\/wp\/v2\/media\/337953"}],"wp:attachment":[{"href":"https:\/\/www.claret.cat\/es\/wp-json\/wp\/v2\/media?parent=129481"}],"wp:term":[{"taxonomy":"product_brand","embeddable":true,"href":"https:\/\/www.claret.cat\/es\/wp-json\/wp\/v2\/product_brand?post=129481"},{"taxonomy":"product_cat","embeddable":true,"href":"https:\/\/www.claret.cat\/es\/wp-json\/wp\/v2\/product_cat?post=129481"},{"taxonomy":"product_tag","embeddable":true,"href":"https:\/\/www.claret.cat\/es\/wp-json\/wp\/v2\/product_tag?post=129481"}],"curies":[{"name":"wp","href":"https:\/\/api.w.org\/{rel}","templated":true}]}}