{"id":129568,"date":"2022-10-12T23:34:36","date_gmt":"2022-10-12T21:34:36","guid":{"rendered":"http:\/\/dev.claret.cat\/producte\/fc-barcelona-stadiums-1899-2019-donde-viven-los-suenos\/"},"modified":"2025-01-30T20:23:05","modified_gmt":"2025-01-30T19:23:05","slug":"fc-barcelona-stadiums-18992019-donde-viven-los-suenos-9788417760199","status":"publish","type":"product","link":"https:\/\/www.claret.cat\/es\/libro\/fc-barcelona-stadiums-18992019-donde-viven-los-suenos-9788417760199\/","title":{"rendered":"FC BARCELONA STADIUMS. 1899-2019. DONDE VIVEN LOS SUE\u00d1OS"},"content":{"rendered":"<p>Os invitamos a hacer un recorrido que se inicia el 1899, cuando un grupo de deportistas encabezados por Hans Gamper, fundaron el FC Barcelona para poder jugar al f\u00fatbol. Nadie pod\u00eda imaginar por aquel entonces que aquella modesta sociedad que empez\u00f3 a jugar en un modesto campo en el Vel\u00f3dromo de la Bonanova acabar\u00eda jugando como local en seis campos m\u00e1s en la ciudad de Barcelona, para convertirse en uno de los clubs de f\u00fatbol m\u00e1s importantes del planeta, y con el Camp Nou como estandarte. El camino desde entonces ha sido largo, y aquellos estadios y campos que un d\u00eda triunfaron los futbolistas de la \u00e9poca, hoy d\u00eda son ocupados por plazas o edificios. Este libro recoge las im\u00e1genes de todos aquellos estadios en los que ha jugado el Bar\u00e7a y los protagonistas que triunfaron en ellos.<\/p>\n","protected":false},"excerpt":{"rendered":"<p>SOBREQU\u00c9S CALLIC\u00d3, JAUME \/ SEFCIK, JULIUS<\/p>\n","protected":false},"featured_media":318141,"template":"","meta":{"_acf_changed":false,"om_disable_all_campaigns":false,"rs_blank_template":"","rs_page_bg_color":"","slide_template_v7":"","inline_featured_image":false,"_monsterinsights_skip_tracking":false,"_monsterinsights_sitenote_active":false,"_monsterinsights_sitenote_note":"","_monsterinsights_sitenote_category":0},"product_brand":[],"product_cat":[546,96,105,555],"product_tag":[],"class_list":{"0":"post-129568","1":"product","2":"type-product","3":"status-publish","4":"has-post-thumbnail","6":"product_cat-deportes","7":"product_cat-esports","8":"product_cat-regal","9":"product_cat-regalo","11":"first","12":"instock","13":"taxable","14":"shipping-taxable","15":"purchasable","16":"product-type-simple"},"acf":{"autor":"SOBREQU\u00c9S CALLIC\u00d3, JAUME \/ SEFCIK, JULIUS","codart":"841776019","libros-coleccion":"Deportes","ediciones":"1","encuadernacion":"Carton\u00e9","fecha_de_publicacion":"01\/03\/2019","novedad":"1","paginas":"138","subtitulo":"","orden":"0","portada":"0","idioma":"spa","editorial":[{"ID":147932,"post_author":"3","post_date":"2022-10-14 11:54:20","post_date_gmt":"2022-10-14 09:54:20","post_content":"","post_title":"EDITORIAL BASE (ES)","post_excerpt":"","post_status":"publish","comment_status":"closed","ping_status":"closed","post_password":"","post_name":"editorial-base-es","to_ping":"","pinged":"","post_modified":"2022-10-14 11:54:20","post_modified_gmt":"2022-10-14 09:54:20","post_content_filtered":"","post_parent":0,"guid":"http:\/\/dev.claret.cat\/editorial\/editorial-base-es\/","menu_order":0,"post_type":"editorial","post_mime_type":"","comment_count":"0","filter":"raw"}],"autores-libros":[{"ID":161351,"post_author":"3","post_date":"2022-10-14 17:17:30","post_date_gmt":"2022-10-14 15:17:30","post_content":"","post_title":"JULIUS SEFCIK","post_excerpt":"","post_status":"publish","comment_status":"closed","ping_status":"closed","post_password":"","post_name":"julius-sefcik","to_ping":"","pinged":"","post_modified":"2022-10-14 17:17:30","post_modified_gmt":"2022-10-14 15:17:30","post_content_filtered":"","post_parent":0,"guid":"http:\/\/dev.claret.cat\/autor\/julius-sefcik\/","menu_order":0,"post_type":"autor","post_mime_type":"","comment_count":"0","filter":"raw"},{"ID":158632,"post_author":"3","post_date":"2022-10-14 15:38:23","post_date_gmt":"2022-10-14 13:38:23","post_content":"","post_title":"JAUME SOBREQUES CALLICO","post_excerpt":"","post_status":"publish","comment_status":"closed","ping_status":"closed","post_password":"","post_name":"jaume-sobreques-callico","to_ping":"","pinged":"","post_modified":"2022-10-14 15:38:23","post_modified_gmt":"2022-10-14 13:38:23","post_content_filtered":"","post_parent":0,"guid":"http:\/\/dev.claret.cat\/autor\/jaume-sobreques-callico\/","menu_order":0,"post_type":"autor","post_mime_type":"","comment_count":"0","filter":"raw"}]},"aioseo_notices":[],"_links":{"self":[{"href":"https:\/\/www.claret.cat\/es\/wp-json\/wp\/v2\/product\/129568","targetHints":{"allow":["GET"]}}],"collection":[{"href":"https:\/\/www.claret.cat\/es\/wp-json\/wp\/v2\/product"}],"about":[{"href":"https:\/\/www.claret.cat\/es\/wp-json\/wp\/v2\/types\/product"}],"wp:featuredmedia":[{"embeddable":true,"href":"https:\/\/www.claret.cat\/es\/wp-json\/wp\/v2\/media\/318141"}],"wp:attachment":[{"href":"https:\/\/www.claret.cat\/es\/wp-json\/wp\/v2\/media?parent=129568"}],"wp:term":[{"taxonomy":"product_brand","embeddable":true,"href":"https:\/\/www.claret.cat\/es\/wp-json\/wp\/v2\/product_brand?post=129568"},{"taxonomy":"product_cat","embeddable":true,"href":"https:\/\/www.claret.cat\/es\/wp-json\/wp\/v2\/product_cat?post=129568"},{"taxonomy":"product_tag","embeddable":true,"href":"https:\/\/www.claret.cat\/es\/wp-json\/wp\/v2\/product_tag?post=129568"}],"curies":[{"name":"wp","href":"https:\/\/api.w.org\/{rel}","templated":true}]}}