{"id":129577,"date":"2022-10-12T23:34:44","date_gmt":"2022-10-12T21:34:44","guid":{"rendered":"http:\/\/dev.claret.cat\/producte\/haberlas-haylas\/"},"modified":"2023-01-28T15:13:37","modified_gmt":"2023-01-28T14:13:37","slug":"haberlas-haylas-9788494917752","status":"publish","type":"product","link":"https:\/\/www.claret.cat\/es\/libro\/haberlas-haylas-9788494917752\/","title":{"rendered":"HABERLAS HAYLAS"},"content":{"rendered":"<p>En este libro hay meigas borrachas de ponche, magas con varita y habilidosas hechiceras engendradas en noches de luna llena. Hay brujas de todo tipo: blancas, negras, con verruga en la napia y con m\u00f3vil de \u00faltima generaci\u00f3n. Brujas buenas. Brujas malas. Algunas son aut\u00e9nticas hijas de bruja. Pero tambi\u00e9n hay guerreros fanfarrones, inspectores de fraudes y amables golems sexuales. Hay enanos, trolls y mucha juerga: ritos, sacrificios, cosm\u00e9tica m\u00e1gica, patatas fritas, pociones, cataplasmas y champ\u00e1n por un tubo. Hay hasta m\u00e1quinas expendedoras de hostias y vibradores aptos para lavavajillas. Aqu\u00ed, en esta enciclopedia de la brujer\u00eda y el desenfreno, se han retado al amanecer once autores y autoras del g\u00e9nero fant\u00e1stico para engendrar un libro divertid\u00edsimo, repleto de magia y buen humor.<\/p>\n","protected":false},"excerpt":{"rendered":"<p>RHEI, SOF\u00cdA \/ S. MOR\u00c1N, SERGIO \/ ESCOLANO, SERGI \/ \u00c1LVAREZ, SERGI \/ CAMPBELL, G<\/p>\n","protected":false},"featured_media":129578,"template":"","meta":{"_acf_changed":false,"om_disable_all_campaigns":false,"rs_blank_template":"","rs_page_bg_color":"","slide_template_v7":"","inline_featured_image":false,"_monsterinsights_skip_tracking":false,"_monsterinsights_sitenote_active":false,"_monsterinsights_sitenote_note":"","_monsterinsights_sitenote_category":0},"product_brand":[],"product_cat":[87],"product_tag":[],"class_list":{"0":"post-129577","1":"product","2":"type-product","3":"status-publish","4":"has-post-thumbnail","6":"product_cat-literatura","8":"first","9":"instock","10":"taxable","11":"shipping-taxable","12":"purchasable","13":"product-type-simple"},"acf":{"editorial":[{"ID":148018,"post_author":"3","post_date":"2022-10-14 11:55:00","post_date_gmt":"2022-10-14 09:55:00","post_content":"","post_title":"Editorial Pez de Plata","post_excerpt":"","post_status":"publish","comment_status":"closed","ping_status":"closed","post_password":"","post_name":"editorial-pez-de-plata","to_ping":"","pinged":"","post_modified":"2022-10-14 11:55:00","post_modified_gmt":"2022-10-14 09:55:00","post_content_filtered":"","post_parent":0,"guid":"http:\/\/dev.claret.cat\/editorial\/editorial-pez-de-plata\/","menu_order":0,"post_type":"editorial","post_mime_type":"","comment_count":"0","filter":"raw"}],"autor":"RHEI, SOF\u00cdA \/ S. MOR\u00c1N, SERGIO \/ ESCOLANO, SERGI \/ \u00c1LVAREZ, SERGI \/ CAMPBELL, G","codart":"849491775","libros-coleccion":"La Risa Floja","ediciones":"1","encuadernacion":"R\u00fastica","fecha_de_publicacion":"01\/05\/2019","novedad":"1","paginas":"329","subtitulo":"HUMOR Y BRUJAS","orden":"0","portada":"0","idioma":"spa","autores-libros":[{"ID":169304,"post_author":"3","post_date":"2022-10-14 22:26:09","post_date_gmt":"2022-10-14 20:26:09","post_content":"","post_title":"SERGI \u00c1LVAREZ","post_excerpt":"","post_status":"publish","comment_status":"closed","ping_status":"closed","post_password":"","post_name":"sergi-alvarez","to_ping":"","pinged":"","post_modified":"2022-10-14 22:26:09","post_modified_gmt":"2022-10-14 20:26:09","post_content_filtered":"","post_parent":0,"guid":"http:\/\/dev.claret.cat\/autor\/sergi-alvarez\/","menu_order":0,"post_type":"autor","post_mime_type":"","comment_count":"0","filter":"raw"},{"ID":169357,"post_author":"3","post_date":"2022-10-14 22:26:35","post_date_gmt":"2022-10-14 20:26:35","post_content":"","post_title":"SERGIO S. MOR\u00c1N","post_excerpt":"","post_status":"publish","comment_status":"closed","ping_status":"closed","post_password":"","post_name":"sergio-s-moran","to_ping":"","pinged":"","post_modified":"2022-10-14 22:26:35","post_modified_gmt":"2022-10-14 20:26:35","post_content_filtered":"","post_parent":0,"guid":"http:\/\/dev.claret.cat\/autor\/sergio-s-moran\/","menu_order":0,"post_type":"autor","post_mime_type":"","comment_count":"0","filter":"raw"},{"ID":169311,"post_author":"3","post_date":"2022-10-14 22:26:13","post_date_gmt":"2022-10-14 20:26:13","post_content":"","post_title":"SERGI ESCOLANO","post_excerpt":"","post_status":"publish","comment_status":"closed","ping_status":"closed","post_password":"","post_name":"sergi-escolano","to_ping":"","pinged":"","post_modified":"2022-10-14 22:26:13","post_modified_gmt":"2022-10-14 20:26:13","post_content_filtered":"","post_parent":0,"guid":"http:\/\/dev.claret.cat\/autor\/sergi-escolano\/","menu_order":0,"post_type":"autor","post_mime_type":"","comment_count":"0","filter":"raw"},{"ID":156484,"post_author":"3","post_date":"2022-10-14 15:21:11","post_date_gmt":"2022-10-14 13:21:11","post_content":"","post_title":"G CAMPBELL","post_excerpt":"","post_status":"publish","comment_status":"closed","ping_status":"closed","post_password":"","post_name":"g-campbell","to_ping":"","pinged":"","post_modified":"2022-10-14 15:21:11","post_modified_gmt":"2022-10-14 13:21:11","post_content_filtered":"","post_parent":0,"guid":"http:\/\/dev.claret.cat\/autor\/g-campbell\/","menu_order":0,"post_type":"autor","post_mime_type":"","comment_count":"0","filter":"raw"},{"ID":169632,"post_author":"3","post_date":"2022-10-14 22:28:47","post_date_gmt":"2022-10-14 20:28:47","post_content":"","post_title":"SOF\u00cdA RHEI","post_excerpt":"","post_status":"publish","comment_status":"closed","ping_status":"closed","post_password":"","post_name":"sofia-rhei","to_ping":"","pinged":"","post_modified":"2022-10-14 22:28:47","post_modified_gmt":"2022-10-14 20:28:47","post_content_filtered":"","post_parent":0,"guid":"http:\/\/dev.claret.cat\/autor\/sofia-rhei\/","menu_order":0,"post_type":"autor","post_mime_type":"","comment_count":"0","filter":"raw"}]},"aioseo_notices":[],"_links":{"self":[{"href":"https:\/\/www.claret.cat\/es\/wp-json\/wp\/v2\/product\/129577","targetHints":{"allow":["GET"]}}],"collection":[{"href":"https:\/\/www.claret.cat\/es\/wp-json\/wp\/v2\/product"}],"about":[{"href":"https:\/\/www.claret.cat\/es\/wp-json\/wp\/v2\/types\/product"}],"wp:featuredmedia":[{"embeddable":true,"href":"https:\/\/www.claret.cat\/es\/wp-json\/wp\/v2\/media\/129578"}],"wp:attachment":[{"href":"https:\/\/www.claret.cat\/es\/wp-json\/wp\/v2\/media?parent=129577"}],"wp:term":[{"taxonomy":"product_brand","embeddable":true,"href":"https:\/\/www.claret.cat\/es\/wp-json\/wp\/v2\/product_brand?post=129577"},{"taxonomy":"product_cat","embeddable":true,"href":"https:\/\/www.claret.cat\/es\/wp-json\/wp\/v2\/product_cat?post=129577"},{"taxonomy":"product_tag","embeddable":true,"href":"https:\/\/www.claret.cat\/es\/wp-json\/wp\/v2\/product_tag?post=129577"}],"curies":[{"name":"wp","href":"https:\/\/api.w.org\/{rel}","templated":true}]}}