{"id":1296,"date":"2022-07-27T20:40:02","date_gmt":"2022-07-27T18:40:02","guid":{"rendered":"http:\/\/dev.claret.cat\/producto\/dvd-claret-18071870-060000001x\/"},"modified":"2023-10-26T15:17:30","modified_gmt":"2023-10-26T13:17:30","slug":"dvd-claret-18071870-060000001x","status":"publish","type":"product","link":"https:\/\/www.claret.cat\/es\/libro\/dvd-claret-18071870-060000001x\/","title":{"rendered":"DVD- CLARET 1807-1870"},"content":{"rendered":"<p>Pod\u00eda haber sido un empresario notable de la industrial textil, creativo y buen profesional. Seducido por una llamada dej\u00f3 atr\u00e1s los telares para andar apasionadamente por los caminos del Evangelio. Anunciador sin tregua de la Buena noticia den Jes\u00fas, multiplic\u00f3 su voz creando una familia misionera. Los caminos se hicieron arduos para el humilde Antonio Maria Claret encumbrado a pesar suyo, y siempre reacio a los halagos del poder. Calumniado, perseguido, exiliado, en \u00e9l la palabra del Maestro estallaba con el simple fulgor de la verdad viva: \u00a1Felices los limpios de coraz\u00f3n, ellos ver\u00e1n a Dios; felices los perseguidos por la justicia, de ellos es el reino de los cielos!<\/p>\n","protected":false},"excerpt":{"rendered":"<p>CLARET, EDITORIAL<\/p>\n","protected":false},"featured_media":270742,"template":"","meta":{"_acf_changed":false,"om_disable_all_campaigns":false,"rs_blank_template":"","rs_page_bg_color":"","slide_template_v7":"","inline_featured_image":false,"_monsterinsights_skip_tracking":false,"_monsterinsights_sitenote_active":false,"_monsterinsights_sitenote_note":"","_monsterinsights_sitenote_category":0},"product_brand":[],"product_cat":[301,422,511,283,581],"product_tag":[],"class_list":{"0":"post-1296","1":"product","2":"type-product","3":"status-publish","4":"has-post-thumbnail","6":"product_cat-claretiana","7":"product_cat-claretiana-espiritualidad-1_espiritualidad","8":"product_cat-eclesiologia-teologia-1_espiritualidad","9":"product_cat-eclesiologia-teologia","10":"product_cat-editorial-claret","12":"first","13":"instock","14":"taxable","15":"shipping-taxable","16":"purchasable","17":"product-type-simple"},"acf":{"autor":"CLARET, EDITORIAL","codart":"060000001","ediciones":"1","encuadernacion":"R\u00fastica","fecha_de_publicacion":"14\/12\/2007","novedad":"0","paginas":"0","subtitulo":"","orden":"999","portada":"0","idioma":"spa","libros-coleccion":"","autores-libros":[{"ID":5421,"post_author":"3","post_date":"2022-07-28 17:23:35","post_date_gmt":"2022-07-28 15:23:35","post_content":"","post_title":"EDITORIAL CLARET","post_excerpt":"","post_status":"publish","comment_status":"closed","ping_status":"closed","post_password":"","post_name":"editorial-claret-2","to_ping":"","pinged":"","post_modified":"2022-07-28 17:23:35","post_modified_gmt":"2022-07-28 15:23:35","post_content_filtered":"","post_parent":0,"guid":"http:\/\/dev.claret.cat\/autor\/editorial-claret-2\/","menu_order":0,"post_type":"autor","post_mime_type":"","comment_count":"0","filter":"raw"}],"editorial":[{"ID":6158,"post_author":"3","post_date":"2022-07-28 17:46:08","post_date_gmt":"2022-07-28 15:46:08","post_content":"","post_title":"CLARET","post_excerpt":"","post_status":"publish","comment_status":"closed","ping_status":"closed","post_password":"","post_name":"claret","to_ping":"","pinged":"","post_modified":"2022-07-28 17:46:08","post_modified_gmt":"2022-07-28 15:46:08","post_content_filtered":"","post_parent":0,"guid":"http:\/\/dev.claret.cat\/editorial\/claret\/","menu_order":0,"post_type":"editorial","post_mime_type":"","comment_count":"0","filter":"raw"}]},"aioseo_notices":[],"_links":{"self":[{"href":"https:\/\/www.claret.cat\/es\/wp-json\/wp\/v2\/product\/1296","targetHints":{"allow":["GET"]}}],"collection":[{"href":"https:\/\/www.claret.cat\/es\/wp-json\/wp\/v2\/product"}],"about":[{"href":"https:\/\/www.claret.cat\/es\/wp-json\/wp\/v2\/types\/product"}],"wp:featuredmedia":[{"embeddable":true,"href":"https:\/\/www.claret.cat\/es\/wp-json\/wp\/v2\/media\/270742"}],"wp:attachment":[{"href":"https:\/\/www.claret.cat\/es\/wp-json\/wp\/v2\/media?parent=1296"}],"wp:term":[{"taxonomy":"product_brand","embeddable":true,"href":"https:\/\/www.claret.cat\/es\/wp-json\/wp\/v2\/product_brand?post=1296"},{"taxonomy":"product_cat","embeddable":true,"href":"https:\/\/www.claret.cat\/es\/wp-json\/wp\/v2\/product_cat?post=1296"},{"taxonomy":"product_tag","embeddable":true,"href":"https:\/\/www.claret.cat\/es\/wp-json\/wp\/v2\/product_tag?post=1296"}],"curies":[{"name":"wp","href":"https:\/\/api.w.org\/{rel}","templated":true}]}}