{"id":129688,"date":"2022-10-12T23:36:29","date_gmt":"2022-10-12T21:36:29","guid":{"rendered":"http:\/\/dev.claret.cat\/producte\/sopa-de-abuelo\/"},"modified":"2023-01-28T06:27:48","modified_gmt":"2023-01-28T05:27:48","slug":"sopa-de-abuelo-9788494584299","status":"publish","type":"product","link":"https:\/\/www.claret.cat\/es\/libro\/sopa-de-abuelo-9788494584299\/","title":{"rendered":"SOPA DE ABUELO"},"content":{"rendered":"<p>Una bella historia que nos ense\u00f1a que no existe vis medica que supere al amor y que ya ha inspirado a mucha gente. La segunda edici\u00f3n llega revisada y con nuevo contenido de valor a\u00f1adido: maravillosas notas del autor sobre el proceso de creaci\u00f3n y la recopilaci\u00f3n de la receta de la sopa.<\/p>\n","protected":false},"excerpt":{"rendered":"<p>SATZ TETELBAUM, MARIO<\/p>\n","protected":false},"featured_media":321372,"template":"","meta":{"_acf_changed":false,"om_disable_all_campaigns":false,"rs_blank_template":"","rs_page_bg_color":"","slide_template_v7":"","inline_featured_image":false,"_monsterinsights_skip_tracking":false,"_monsterinsights_sitenote_active":false,"_monsterinsights_sitenote_note":"","_monsterinsights_sitenote_category":0},"product_brand":[],"product_cat":[87,353],"product_tag":[],"class_list":{"0":"post-129688","1":"product","2":"type-product","3":"status-publish","4":"has-post-thumbnail","6":"product_cat-literatura","7":"product_cat-literatura-2_humanidades","9":"first","10":"instock","11":"taxable","12":"shipping-taxable","13":"purchasable","14":"product-type-simple"},"acf":{"editorial":[{"ID":147513,"post_author":"3","post_date":"2022-10-14 11:51:09","post_date_gmt":"2022-10-14 09:51:09","post_content":"","post_title":"Babulinka Libros","post_excerpt":"","post_status":"publish","comment_status":"closed","ping_status":"closed","post_password":"","post_name":"babulinka-libros","to_ping":"","pinged":"","post_modified":"2022-10-14 11:51:09","post_modified_gmt":"2022-10-14 09:51:09","post_content_filtered":"","post_parent":0,"guid":"http:\/\/dev.claret.cat\/editorial\/babulinka-libros\/","menu_order":0,"post_type":"editorial","post_mime_type":"","comment_count":"0","filter":"raw"}],"autor":"SATZ TETELBAUM, MARIO","codart":"849458429","libros-coleccion":"PEQUE\u00d1AS JOYAS PARA GRANDES LECTORES","ediciones":"1","encuadernacion":"Carton\u00e9","fecha_de_publicacion":"01\/04\/2019","novedad":"1","paginas":"59","subtitulo":"","orden":"0","portada":"0","idioma":"spa","autores-libros":[{"ID":163993,"post_author":"3","post_date":"2022-10-14 17:43:30","post_date_gmt":"2022-10-14 15:43:30","post_content":"","post_title":"MARIO SATZ TETELBAUM","post_excerpt":"","post_status":"publish","comment_status":"closed","ping_status":"closed","post_password":"","post_name":"mario-satz-tetelbaum","to_ping":"","pinged":"","post_modified":"2022-10-14 17:43:30","post_modified_gmt":"2022-10-14 15:43:30","post_content_filtered":"","post_parent":0,"guid":"http:\/\/dev.claret.cat\/autor\/mario-satz-tetelbaum\/","menu_order":0,"post_type":"autor","post_mime_type":"","comment_count":"0","filter":"raw"}]},"aioseo_notices":[],"_links":{"self":[{"href":"https:\/\/www.claret.cat\/es\/wp-json\/wp\/v2\/product\/129688","targetHints":{"allow":["GET"]}}],"collection":[{"href":"https:\/\/www.claret.cat\/es\/wp-json\/wp\/v2\/product"}],"about":[{"href":"https:\/\/www.claret.cat\/es\/wp-json\/wp\/v2\/types\/product"}],"wp:featuredmedia":[{"embeddable":true,"href":"https:\/\/www.claret.cat\/es\/wp-json\/wp\/v2\/media\/321372"}],"wp:attachment":[{"href":"https:\/\/www.claret.cat\/es\/wp-json\/wp\/v2\/media?parent=129688"}],"wp:term":[{"taxonomy":"product_brand","embeddable":true,"href":"https:\/\/www.claret.cat\/es\/wp-json\/wp\/v2\/product_brand?post=129688"},{"taxonomy":"product_cat","embeddable":true,"href":"https:\/\/www.claret.cat\/es\/wp-json\/wp\/v2\/product_cat?post=129688"},{"taxonomy":"product_tag","embeddable":true,"href":"https:\/\/www.claret.cat\/es\/wp-json\/wp\/v2\/product_tag?post=129688"}],"curies":[{"name":"wp","href":"https:\/\/api.w.org\/{rel}","templated":true}]}}