{"id":129694,"date":"2022-10-12T23:36:34","date_gmt":"2022-10-12T21:36:34","guid":{"rendered":"http:\/\/dev.claret.cat\/producte\/de-que-hablamos-cuando-hablamos-de-amor\/"},"modified":"2023-01-28T02:29:04","modified_gmt":"2023-01-28T01:29:04","slug":"de-que-hablamos-cuando-hablamos-de-amor-9788433902276","status":"publish","type":"product","link":"https:\/\/www.claret.cat\/es\/libro\/de-que-hablamos-cuando-hablamos-de-amor-9788433902276\/","title":{"rendered":"DE QU\u00c9 HABLAMOS CUANDO HABLAMOS DE AMOR"},"content":{"rendered":"<p>Hombres que salen a pescar y se encuentran un cad\u00e1ver. Ni\u00f1os atropellados el d\u00eda de su cumplea\u00f1os. Mujeres infieles maltratadas por sus maridos. J\u00f3venes que compran muebles de segunda mano expuestos en el jard\u00edn de una casa. Esposos que dudan de su amor en un cuarto de hotel.<br \/> Estos relatos de Raymond Carver muestran casi con ligereza la banalidad de la vida, lo mezquino y pasajero de los grandes sentimientos. Son relatos que a menudo dan miedo, pero un miedo seco, paralizante. Es cierto que tienen un aire de familia con esos cuadros de Hopper en los que incluso los paisajes resultan inquietantes por su falta de esperanza.<br \/> Muchos autores de mi generaci\u00f3n aprendimos en Espa\u00f1a a escribir lo sucio, lo perturbador, gracias a la literatura de Carver. Como dice un personaje de De qu\u00e9 hablamos cuando hablamos de amor, sus p\u00e1ginas est\u00e1n llenas de \u00abruido humano\u00bb. De desconsuelo. De aliento f\u00e9tido. Son historias que no empiezan ni terminan: fragmentos incompletos de vida, trozos rotos, descascarillados.<br \/> Carver nos explica de qu\u00e9 hablamos cuando hablamos de ilusiones, de futuro y de camarader\u00eda. Nos explica de qu\u00e9 desamor hablamos cuando hablamos de amor.<br \/> Luisg\u00e9 Mart\u00edn<br \/> Ilustraci\u00f3n de cubierta:\u00a0Sigrid P\u00e9rez<\/p>\n","protected":false},"excerpt":{"rendered":"<p>CARVER, RAYMOND<\/p>\n","protected":false},"featured_media":129695,"template":"","meta":{"_acf_changed":false,"om_disable_all_campaigns":false,"rs_blank_template":"","rs_page_bg_color":"","slide_template_v7":"","inline_featured_image":false,"_monsterinsights_skip_tracking":false,"_monsterinsights_sitenote_active":false,"_monsterinsights_sitenote_note":"","_monsterinsights_sitenote_category":0},"product_brand":[],"product_cat":[87],"product_tag":[],"class_list":{"0":"post-129694","1":"product","2":"type-product","3":"status-publish","4":"has-post-thumbnail","6":"product_cat-literatura","8":"first","9":"instock","10":"taxable","11":"shipping-taxable","12":"purchasable","13":"product-type-simple"},"acf":{"editorial":[{"ID":6219,"post_author":"3","post_date":"2022-07-28 17:47:26","post_date_gmt":"2022-07-28 15:47:26","post_content":"","post_title":"Editorial Anagrama S.A.","post_excerpt":"","post_status":"publish","comment_status":"closed","ping_status":"closed","post_password":"","post_name":"editorial-anagrama-s-a","to_ping":"","pinged":"","post_modified":"2022-07-28 17:47:26","post_modified_gmt":"2022-07-28 15:47:26","post_content_filtered":"","post_parent":0,"guid":"http:\/\/dev.claret.cat\/editorial\/editorial-anagrama-s-a\/","menu_order":0,"post_type":"editorial","post_mime_type":"","comment_count":"0","filter":"raw"}],"autor":"CARVER, RAYMOND","codart":"843390227","libros-coleccion":"CM50","ediciones":"1","encuadernacion":"R\u00fastica","fecha_de_publicacion":"01\/05\/2019","novedad":"1","paginas":"160","subtitulo":"","orden":"0","portada":"0","idioma":"spa","autores-libros":[{"ID":167883,"post_author":"3","post_date":"2022-10-14 18:14:46","post_date_gmt":"2022-10-14 16:14:46","post_content":"","post_title":"RAYMOND CARVER","post_excerpt":"","post_status":"publish","comment_status":"closed","ping_status":"closed","post_password":"","post_name":"raymond-carver","to_ping":"","pinged":"","post_modified":"2022-10-14 18:14:46","post_modified_gmt":"2022-10-14 16:14:46","post_content_filtered":"","post_parent":0,"guid":"http:\/\/dev.claret.cat\/autor\/raymond-carver\/","menu_order":0,"post_type":"autor","post_mime_type":"","comment_count":"0","filter":"raw"}]},"aioseo_notices":[],"_links":{"self":[{"href":"https:\/\/www.claret.cat\/es\/wp-json\/wp\/v2\/product\/129694","targetHints":{"allow":["GET"]}}],"collection":[{"href":"https:\/\/www.claret.cat\/es\/wp-json\/wp\/v2\/product"}],"about":[{"href":"https:\/\/www.claret.cat\/es\/wp-json\/wp\/v2\/types\/product"}],"wp:featuredmedia":[{"embeddable":true,"href":"https:\/\/www.claret.cat\/es\/wp-json\/wp\/v2\/media\/129695"}],"wp:attachment":[{"href":"https:\/\/www.claret.cat\/es\/wp-json\/wp\/v2\/media?parent=129694"}],"wp:term":[{"taxonomy":"product_brand","embeddable":true,"href":"https:\/\/www.claret.cat\/es\/wp-json\/wp\/v2\/product_brand?post=129694"},{"taxonomy":"product_cat","embeddable":true,"href":"https:\/\/www.claret.cat\/es\/wp-json\/wp\/v2\/product_cat?post=129694"},{"taxonomy":"product_tag","embeddable":true,"href":"https:\/\/www.claret.cat\/es\/wp-json\/wp\/v2\/product_tag?post=129694"}],"curies":[{"name":"wp","href":"https:\/\/api.w.org\/{rel}","templated":true}]}}