{"id":129838,"date":"2022-10-12T23:38:50","date_gmt":"2022-10-12T21:38:50","guid":{"rendered":"http:\/\/dev.claret.cat\/producte\/el-catecumenado-escuela-de-vida-cristiana\/"},"modified":"2024-05-23T03:17:14","modified_gmt":"2024-05-23T01:17:14","slug":"el-catecumenado-escuela-de-vida-cristiana-9788491652243","status":"publish","type":"product","link":"https:\/\/www.claret.cat\/es\/libro\/el-catecumenado-escuela-de-vida-cristiana-9788491652243\/","title":{"rendered":"EL CATECUMENADO, ESCUELA DE VIDA CRISTIANA"},"content":{"rendered":"<p>Esta obra re\u00fane textos sobre el catecumenado que nos abren el camino, desde la historia, la teolog\u00eda y la pastoral, para que conozcamos, no tan solo de la reflexi\u00f3n sino tambi\u00e9n de la labor concreta que se est\u00e1 llevando a cabo para que el catecumenado sea, como anta\u00f1o, el lugar privilegiado para acoger, instruir y acompa\u00f1ar hasta el bautismo a los catec\u00famenos que en la actualidad llaman a la puerta de la Iglesia para recibir el bautismo.<\/p>\n","protected":false},"excerpt":{"rendered":"<p>CPL<\/p>\n","protected":false},"featured_media":361281,"template":"","meta":{"_acf_changed":false,"om_disable_all_campaigns":false,"rs_blank_template":"","rs_page_bg_color":"","slide_template_v7":"","inline_featured_image":false,"_monsterinsights_skip_tracking":false,"_monsterinsights_sitenote_active":false,"_monsterinsights_sitenote_note":"","_monsterinsights_sitenote_category":0},"product_brand":[],"product_cat":[80,346],"product_tag":[],"class_list":{"0":"post-129838","1":"product","2":"type-product","3":"status-publish","4":"has-post-thumbnail","6":"product_cat-liturgia","7":"product_cat-libros-liturgia","9":"first","10":"instock","11":"taxable","12":"shipping-taxable","13":"purchasable","14":"product-type-simple"},"acf":{"editorial":[{"ID":6172,"post_author":"3","post_date":"2022-07-28 17:46:27","post_date_gmt":"2022-07-28 15:46:27","post_content":"","post_title":"CPL","post_excerpt":"","post_status":"publish","comment_status":"closed","ping_status":"closed","post_password":"","post_name":"cpl","to_ping":"","pinged":"","post_modified":"2022-07-28 17:46:27","post_modified_gmt":"2022-07-28 15:46:27","post_content_filtered":"","post_parent":0,"guid":"http:\/\/dev.claret.cat\/editorial\/cpl\/","menu_order":0,"post_type":"editorial","post_mime_type":"","comment_count":"0","filter":"raw"}],"autores-libros":[{"ID":5367,"post_author":"3","post_date":"2022-07-28 17:22:27","post_date_gmt":"2022-07-28 15:22:27","post_content":"","post_title":"CPL","post_excerpt":"","post_status":"publish","comment_status":"closed","ping_status":"closed","post_password":"","post_name":"cpl","to_ping":"","pinged":"","post_modified":"2022-07-28 17:22:27","post_modified_gmt":"2022-07-28 15:22:27","post_content_filtered":"","post_parent":0,"guid":"http:\/\/dev.claret.cat\/autor\/cpl\/","menu_order":0,"post_type":"autor","post_mime_type":"","comment_count":"0","filter":"raw"}],"autor":"CPL","codart":"849165224","libros-coleccion":"Cuadernos PHASE","ediciones":"1","encuadernacion":"R\u00fastica","fecha_de_publicacion":"14\/05\/2019","novedad":"1","paginas":"100","subtitulo":"","orden":"0","portada":"0","idioma":"spa"},"aioseo_notices":[],"_links":{"self":[{"href":"https:\/\/www.claret.cat\/es\/wp-json\/wp\/v2\/product\/129838","targetHints":{"allow":["GET"]}}],"collection":[{"href":"https:\/\/www.claret.cat\/es\/wp-json\/wp\/v2\/product"}],"about":[{"href":"https:\/\/www.claret.cat\/es\/wp-json\/wp\/v2\/types\/product"}],"wp:featuredmedia":[{"embeddable":true,"href":"https:\/\/www.claret.cat\/es\/wp-json\/wp\/v2\/media\/361281"}],"wp:attachment":[{"href":"https:\/\/www.claret.cat\/es\/wp-json\/wp\/v2\/media?parent=129838"}],"wp:term":[{"taxonomy":"product_brand","embeddable":true,"href":"https:\/\/www.claret.cat\/es\/wp-json\/wp\/v2\/product_brand?post=129838"},{"taxonomy":"product_cat","embeddable":true,"href":"https:\/\/www.claret.cat\/es\/wp-json\/wp\/v2\/product_cat?post=129838"},{"taxonomy":"product_tag","embeddable":true,"href":"https:\/\/www.claret.cat\/es\/wp-json\/wp\/v2\/product_tag?post=129838"}],"curies":[{"name":"wp","href":"https:\/\/api.w.org\/{rel}","templated":true}]}}