{"id":129862,"date":"2022-10-12T23:39:13","date_gmt":"2022-10-12T21:39:13","guid":{"rendered":"http:\/\/dev.claret.cat\/producte\/san-francisco-coll-apostol-del-evangelio\/"},"modified":"2024-05-23T03:19:44","modified_gmt":"2024-05-23T01:19:44","slug":"san-francisco-coll-apostol-del-evangelio-9788491652199","status":"publish","type":"product","link":"https:\/\/www.claret.cat\/es\/libro\/san-francisco-coll-apostol-del-evangelio-9788491652199\/","title":{"rendered":"SAN FRANCISCO COLL. AP\u00d3STOL DEL EVANGELIO"},"content":{"rendered":"<p>Francisco Coll Guitart naci\u00f3 en el a\u00f1o 1812 en Gombr\u00e9n (Gerona). Ingres\u00f3 en la Orden de los Dominicos y cuando, en el a\u00f1o 1835, a causa de la exclaustraci\u00f3n, tuvo que dejar el convento, inici\u00f3 una amplia labor de predicaci\u00f3n de misiones populares a lo largo y ancho de Catalu\u00f1a, al tiempo que, preocupado por la formaci\u00f3n de las j\u00f3venes, fund\u00f3 la congregaci\u00f3n de las Dominicas de la Anunciata. Muri\u00f3 en Vic en el a\u00f1o 1875.<\/p>\n","protected":false},"excerpt":{"rendered":"<p>RODR\u00cdGUEZ, \u00c1NGEL<\/p>\n","protected":false},"featured_media":361270,"template":"","meta":{"_acf_changed":false,"om_disable_all_campaigns":false,"rs_blank_template":"","rs_page_bg_color":"","slide_template_v7":"","inline_featured_image":false,"_monsterinsights_skip_tracking":false,"_monsterinsights_sitenote_active":false,"_monsterinsights_sitenote_note":"","_monsterinsights_sitenote_category":0},"product_brand":[],"product_cat":[545,95,92,542],"product_tag":[],"class_list":{"0":"post-129862","1":"product","2":"type-product","3":"status-publish","4":"has-post-thumbnail","6":"product_cat-santoral-1_espiritualidad-spa","7":"product_cat-santoral","8":"product_cat-vida-religiosa","9":"product_cat-vida-religiosa-1_espiritualidad-spa","11":"first","12":"instock","13":"taxable","14":"shipping-taxable","15":"purchasable","16":"product-type-simple"},"acf":{"editorial":[{"ID":6172,"post_author":"3","post_date":"2022-07-28 17:46:27","post_date_gmt":"2022-07-28 15:46:27","post_content":"","post_title":"CPL","post_excerpt":"","post_status":"publish","comment_status":"closed","ping_status":"closed","post_password":"","post_name":"cpl","to_ping":"","pinged":"","post_modified":"2022-07-28 17:46:27","post_modified_gmt":"2022-07-28 15:46:27","post_content_filtered":"","post_parent":0,"guid":"http:\/\/dev.claret.cat\/editorial\/cpl\/","menu_order":0,"post_type":"editorial","post_mime_type":"","comment_count":"0","filter":"raw"}],"autores-libros":[{"ID":5245,"post_author":"3","post_date":"2022-07-28 17:19:56","post_date_gmt":"2022-07-28 15:19:56","post_content":"","post_title":"ANGEL RODRIGUEZ","post_excerpt":"","post_status":"publish","comment_status":"closed","ping_status":"closed","post_password":"","post_name":"angel-rodriguez","to_ping":"","pinged":"","post_modified":"2022-07-28 17:19:56","post_modified_gmt":"2022-07-28 15:19:56","post_content_filtered":"","post_parent":0,"guid":"http:\/\/dev.claret.cat\/autor\/angel-rodriguez\/","menu_order":0,"post_type":"autor","post_mime_type":"","comment_count":"0","filter":"raw"}],"autor":"RODR\u00cdGUEZ, \u00c1NGEL","codart":"849165219","libros-coleccion":"Sants i Santes","ediciones":"1","encuadernacion":"Grapado","fecha_de_publicacion":"14\/05\/2019","novedad":"1","paginas":"28","subtitulo":"","orden":"0","portada":"0","idioma":"spa"},"aioseo_notices":[],"_links":{"self":[{"href":"https:\/\/www.claret.cat\/es\/wp-json\/wp\/v2\/product\/129862","targetHints":{"allow":["GET"]}}],"collection":[{"href":"https:\/\/www.claret.cat\/es\/wp-json\/wp\/v2\/product"}],"about":[{"href":"https:\/\/www.claret.cat\/es\/wp-json\/wp\/v2\/types\/product"}],"wp:featuredmedia":[{"embeddable":true,"href":"https:\/\/www.claret.cat\/es\/wp-json\/wp\/v2\/media\/361270"}],"wp:attachment":[{"href":"https:\/\/www.claret.cat\/es\/wp-json\/wp\/v2\/media?parent=129862"}],"wp:term":[{"taxonomy":"product_brand","embeddable":true,"href":"https:\/\/www.claret.cat\/es\/wp-json\/wp\/v2\/product_brand?post=129862"},{"taxonomy":"product_cat","embeddable":true,"href":"https:\/\/www.claret.cat\/es\/wp-json\/wp\/v2\/product_cat?post=129862"},{"taxonomy":"product_tag","embeddable":true,"href":"https:\/\/www.claret.cat\/es\/wp-json\/wp\/v2\/product_tag?post=129862"}],"curies":[{"name":"wp","href":"https:\/\/api.w.org\/{rel}","templated":true}]}}