{"id":129886,"date":"2022-10-12T23:39:35","date_gmt":"2022-10-12T21:39:35","guid":{"rendered":"http:\/\/dev.claret.cat\/producte\/magia-en-el-bosque-la-diversion-de-martina-6\/"},"modified":"2023-01-28T07:05:33","modified_gmt":"2023-01-28T06:05:33","slug":"magia-en-el-bosque-la-diversion-de-martina-6-9788417671501","status":"publish","type":"product","link":"https:\/\/www.claret.cat\/es\/libro\/magia-en-el-bosque-la-diversion-de-martina-6-9788417671501\/","title":{"rendered":"MAGIA EN EL BOSQUE (LA DIVERSI\u00d3N DE MARTINA 6)"},"content":{"rendered":"<p>\u00a1No te pierdas esta nueva aventura de #LaDiversionDeMartina! He vivido las aventuras m\u00e1s locas que te puedas imaginar, pero esta vez no ha sido culpa m\u00eda&#8230; Solo quer\u00eda terminar un proyecto de ciencias IMPOSIBLE de resolver, pero, sin saber c\u00f3mo, he terminado en un bosque que parecer\u00eda normal&#8230; si no fuese porque est\u00e1 lleno de&#8230; \u00a1\u00bfhadas?! Yo NO quer\u00eda meterme en m\u00e1s l\u00edos, pero&#8230; \u00a1tengo que descubrir qu\u00e9 est\u00e1 pasando! \u00bfTe apuntas? La diversi\u00f3n est\u00e1 ASEGURADA Martina tiene 13 a\u00f1os, una imaginaci\u00f3n desbordante y \u00a1un canalcde Youtube de mucho \u00e9xito! La diversi\u00f3n de Martina es una serie de libros de ficci\u00f3n inspirada en ella y su mundo que encantar\u00e1 a sus seguidores.<\/p>\n","protected":false},"excerpt":{"rendered":"<p>D&#8217;ANTIOCHIA, MARTINA<\/p>\n","protected":false},"featured_media":129887,"template":"","meta":{"_acf_changed":false,"om_disable_all_campaigns":false,"rs_blank_template":"","rs_page_bg_color":"","slide_template_v7":"","inline_featured_image":false,"_monsterinsights_skip_tracking":false,"_monsterinsights_sitenote_active":false,"_monsterinsights_sitenote_note":"","_monsterinsights_sitenote_category":0},"product_brand":[],"product_cat":[86],"product_tag":[],"class_list":{"0":"post-129886","1":"product","2":"type-product","3":"status-publish","4":"has-post-thumbnail","6":"product_cat-infantil","8":"first","9":"instock","10":"taxable","11":"shipping-taxable","12":"purchasable","13":"product-type-simple"},"acf":{"editorial":[{"ID":6310,"post_author":"3","post_date":"2022-07-28 17:49:26","post_date_gmt":"2022-07-28 15:49:26","post_content":"","post_title":"MONTENA","post_excerpt":"","post_status":"publish","comment_status":"closed","ping_status":"closed","post_password":"","post_name":"montena","to_ping":"","pinged":"","post_modified":"2022-07-28 17:49:26","post_modified_gmt":"2022-07-28 15:49:26","post_content_filtered":"","post_parent":0,"guid":"http:\/\/dev.claret.cat\/editorial\/montena\/","menu_order":0,"post_type":"editorial","post_mime_type":"","comment_count":"0","filter":"raw"}],"autor":"D'ANTIOCHIA, MARTINA","codart":"841767150","libros-coleccion":"La diversi\u00f3n de Martina","ediciones":"1","encuadernacion":"Carton\u00e9","fecha_de_publicacion":"01\/05\/2019","novedad":"1","paginas":"191","subtitulo":"","orden":"0","portada":"0","idioma":"spa","autores-libros":[{"ID":164327,"post_author":"3","post_date":"2022-10-14 17:46:11","post_date_gmt":"2022-10-14 15:46:11","post_content":"","post_title":"MARTINA D\u00b4ANTIOCHIA","post_excerpt":"","post_status":"publish","comment_status":"closed","ping_status":"closed","post_password":"","post_name":"martina-dantiochia-2","to_ping":"","pinged":"","post_modified":"2022-10-14 17:46:11","post_modified_gmt":"2022-10-14 15:46:11","post_content_filtered":"","post_parent":0,"guid":"http:\/\/dev.claret.cat\/autor\/martina-dantiochia-2\/","menu_order":0,"post_type":"autor","post_mime_type":"","comment_count":"0","filter":"raw"}]},"aioseo_notices":[],"_links":{"self":[{"href":"https:\/\/www.claret.cat\/es\/wp-json\/wp\/v2\/product\/129886","targetHints":{"allow":["GET"]}}],"collection":[{"href":"https:\/\/www.claret.cat\/es\/wp-json\/wp\/v2\/product"}],"about":[{"href":"https:\/\/www.claret.cat\/es\/wp-json\/wp\/v2\/types\/product"}],"wp:featuredmedia":[{"embeddable":true,"href":"https:\/\/www.claret.cat\/es\/wp-json\/wp\/v2\/media\/129887"}],"wp:attachment":[{"href":"https:\/\/www.claret.cat\/es\/wp-json\/wp\/v2\/media?parent=129886"}],"wp:term":[{"taxonomy":"product_brand","embeddable":true,"href":"https:\/\/www.claret.cat\/es\/wp-json\/wp\/v2\/product_brand?post=129886"},{"taxonomy":"product_cat","embeddable":true,"href":"https:\/\/www.claret.cat\/es\/wp-json\/wp\/v2\/product_cat?post=129886"},{"taxonomy":"product_tag","embeddable":true,"href":"https:\/\/www.claret.cat\/es\/wp-json\/wp\/v2\/product_tag?post=129886"}],"curies":[{"name":"wp","href":"https:\/\/api.w.org\/{rel}","templated":true}]}}