{"id":129892,"date":"2022-10-12T23:39:41","date_gmt":"2022-10-12T21:39:41","guid":{"rendered":"http:\/\/dev.claret.cat\/producte\/la-reina-del-baile-bajo-sospecha-5\/"},"modified":"2023-01-28T06:28:15","modified_gmt":"2023-01-28T05:28:15","slug":"la-reina-del-baile-bajo-sospecha-5-9788466347341","status":"publish","type":"product","link":"https:\/\/www.claret.cat\/es\/libro\/la-reina-del-baile-bajo-sospecha-5-9788466347341\/","title":{"rendered":"LA REINA DEL BAILE (BAJO SOSPECHA 5)"},"content":{"rendered":"<p>Quinto libro de la serie protagonizada por la reportera e  investigadora Laurie Morgan y el equipo del programa de televisi\u00f3n Bajo sospecha. Hace tres a\u00f1os, Virginia Wakeling, miembro de la junta directiva del  Museo Metropolitano de Arte y una de sus m\u00e1s importantes donantes,  apareci\u00f3 muerta. Hab\u00eda sido arrojada desde la terraza del museo la noche  en la que se celebraba una gala para recaudaci\u00f3n de fondos. El principal  sospechoso del asesinato fue entonces, como sigue siendo ahora, su joven novio y entrenador personal, Ivan Gray. Ivan regenta un establecimiento llamado Punch, financiado en buena  medida por la difunta Virginia&#8230; y frecuentado por Ryan Nichols, el nuevo presentador de Bajo sospecha. Fue \u00e9l, de hecho, quien  propuso investigar este caso cerrado para el programa. Cuando la  productora, Laurie Moran, lo acepte, pronto se adentrar\u00e1 en una red de  secretos y traiciones hasta descubrir que  el peligro tambi\u00e9n lo acecha a ella. La cr\u00edtica ha dicho&#8230;<br \/>\u00abEl suspense va creciendo hasta que el libro llega a su sorprendente final.\u00bb<br \/>New York  Journal of Books \u00abMary Higgins Clark tiene el don de mantener a sus lectores en vilo una p\u00e1gina tras otra.\u00bb<br \/>NPR<\/p>\n","protected":false},"excerpt":{"rendered":"<p>HIGGINS CLARK, MARY \/ BURKE, ALAFAIR<\/p>\n","protected":false},"featured_media":129893,"template":"","meta":{"_acf_changed":false,"om_disable_all_campaigns":false,"rs_blank_template":"","rs_page_bg_color":"","slide_template_v7":"","inline_featured_image":false,"_monsterinsights_skip_tracking":false,"_monsterinsights_sitenote_active":false,"_monsterinsights_sitenote_note":"","_monsterinsights_sitenote_category":0},"product_brand":[],"product_cat":[87],"product_tag":[],"class_list":{"0":"post-129892","1":"product","2":"type-product","3":"status-publish","4":"has-post-thumbnail","6":"product_cat-literatura","8":"first","9":"instock","10":"taxable","11":"shipping-taxable","12":"purchasable","13":"product-type-simple"},"acf":{"editorial":[{"ID":6178,"post_author":"3","post_date":"2022-07-28 17:46:34","post_date_gmt":"2022-07-28 15:46:34","post_content":"","post_title":"DEBOLSILLO","post_excerpt":"","post_status":"publish","comment_status":"closed","ping_status":"closed","post_password":"","post_name":"debolsillo","to_ping":"","pinged":"","post_modified":"2022-07-28 17:46:34","post_modified_gmt":"2022-07-28 15:46:34","post_content_filtered":"","post_parent":0,"guid":"http:\/\/dev.claret.cat\/editorial\/debolsillo\/","menu_order":0,"post_type":"editorial","post_mime_type":"","comment_count":"0","filter":"raw"}],"autor":"HIGGINS CLARK, MARY \/ BURKE, ALAFAIR","codart":"846634734","libros-coleccion":"Bajo sospecha","ediciones":"1","encuadernacion":"R\u00fastica","fecha_de_publicacion":"01\/05\/2019","novedad":"1","paginas":"312","subtitulo":"","orden":"0","portada":"0","idioma":"spa","autores-libros":[{"ID":149330,"post_author":"3","post_date":"2022-10-14 14:24:00","post_date_gmt":"2022-10-14 12:24:00","post_content":"","post_title":"ALAFAIR BURKE","post_excerpt":"","post_status":"publish","comment_status":"closed","ping_status":"closed","post_password":"","post_name":"alafair-burke","to_ping":"","pinged":"","post_modified":"2022-10-14 14:24:00","post_modified_gmt":"2022-10-14 12:24:00","post_content_filtered":"","post_parent":0,"guid":"http:\/\/dev.claret.cat\/autor\/alafair-burke\/","menu_order":0,"post_type":"autor","post_mime_type":"","comment_count":"0","filter":"raw"},{"ID":164361,"post_author":"3","post_date":"2022-10-14 17:46:27","post_date_gmt":"2022-10-14 15:46:27","post_content":"","post_title":"MARY HIGGINS CLARK","post_excerpt":"","post_status":"publish","comment_status":"closed","ping_status":"closed","post_password":"","post_name":"mary-higgins-clark","to_ping":"","pinged":"","post_modified":"2022-10-14 17:46:27","post_modified_gmt":"2022-10-14 15:46:27","post_content_filtered":"","post_parent":0,"guid":"http:\/\/dev.claret.cat\/autor\/mary-higgins-clark\/","menu_order":0,"post_type":"autor","post_mime_type":"","comment_count":"0","filter":"raw"}]},"aioseo_notices":[],"_links":{"self":[{"href":"https:\/\/www.claret.cat\/es\/wp-json\/wp\/v2\/product\/129892","targetHints":{"allow":["GET"]}}],"collection":[{"href":"https:\/\/www.claret.cat\/es\/wp-json\/wp\/v2\/product"}],"about":[{"href":"https:\/\/www.claret.cat\/es\/wp-json\/wp\/v2\/types\/product"}],"wp:featuredmedia":[{"embeddable":true,"href":"https:\/\/www.claret.cat\/es\/wp-json\/wp\/v2\/media\/129893"}],"wp:attachment":[{"href":"https:\/\/www.claret.cat\/es\/wp-json\/wp\/v2\/media?parent=129892"}],"wp:term":[{"taxonomy":"product_brand","embeddable":true,"href":"https:\/\/www.claret.cat\/es\/wp-json\/wp\/v2\/product_brand?post=129892"},{"taxonomy":"product_cat","embeddable":true,"href":"https:\/\/www.claret.cat\/es\/wp-json\/wp\/v2\/product_cat?post=129892"},{"taxonomy":"product_tag","embeddable":true,"href":"https:\/\/www.claret.cat\/es\/wp-json\/wp\/v2\/product_tag?post=129892"}],"curies":[{"name":"wp","href":"https:\/\/api.w.org\/{rel}","templated":true}]}}