{"id":129973,"date":"2022-10-12T23:40:58","date_gmt":"2022-10-12T21:40:58","guid":{"rendered":"http:\/\/dev.claret.cat\/producte\/caca-de-vaca-coleccion-simon\/"},"modified":"2023-01-28T14:32:17","modified_gmt":"2023-01-28T13:32:17","slug":"caca-de-vaca-coleccion-simon-9788448852634","status":"publish","type":"product","link":"https:\/\/www.claret.cat\/es\/libro\/caca-de-vaca-coleccion-simon-9788448852634\/","title":{"rendered":"\u00a1CACA DE VACA! (COLECCI\u00d3N SIMON)"},"content":{"rendered":"<p>La exitosa saga de libros de Stephanie Blake protagonizada por Sim\u00f3n ya tiene serie de animaci\u00f3n. &#8216;\u00a1Caca de vaca! \u00a1Caca de vaca!&#8217;, grita Sim\u00f3n cada vez que su pap\u00e1 o su  mam\u00e1 le piden hacer algo. De la ma\u00f1ana a la noche y de la noche a la ma\u00f1ana, \u00a1no hay manera de que el conejito diga otra palabra! Hasta que un buen d\u00eda aparece el lobo y al peque\u00f1o Sim\u00f3n no se le ocurre otra cosa que decirle: \u00a1Caca de vaca! \u00bfQu\u00e9 ocurrir\u00e1 a continuaci\u00f3n? Acompa\u00f1adas de alegres y divertidas ilustraciones, Stephanie Blake  nos trae las aventuras de Sim\u00f3n, un peque\u00f1o conejo blanco que transmite toda la vitalidad de la infancia.<\/p>\n","protected":false},"excerpt":{"rendered":"<p>BLAKE, ST\u00c9PHANIE<\/p>\n","protected":false},"featured_media":129974,"template":"","meta":{"_acf_changed":false,"om_disable_all_campaigns":false,"rs_blank_template":"","rs_page_bg_color":"","slide_template_v7":"","inline_featured_image":false,"_monsterinsights_skip_tracking":false,"_monsterinsights_sitenote_active":false,"_monsterinsights_sitenote_note":"","_monsterinsights_sitenote_category":0},"product_brand":[],"product_cat":[86],"product_tag":[],"class_list":{"0":"post-129973","1":"product","2":"type-product","3":"status-publish","4":"has-post-thumbnail","6":"product_cat-infantil","8":"first","9":"instock","10":"taxable","11":"shipping-taxable","12":"purchasable","13":"product-type-simple"},"acf":{"editorial":[{"ID":6141,"post_author":"3","post_date":"2022-07-28 17:45:46","post_date_gmt":"2022-07-28 15:45:46","post_content":"","post_title":"BEASCOA","post_excerpt":"","post_status":"publish","comment_status":"closed","ping_status":"closed","post_password":"","post_name":"beascoa","to_ping":"","pinged":"","post_modified":"2022-07-28 17:45:46","post_modified_gmt":"2022-07-28 15:45:46","post_content_filtered":"","post_parent":0,"guid":"http:\/\/dev.claret.cat\/editorial\/beascoa\/","menu_order":0,"post_type":"editorial","post_mime_type":"","comment_count":"0","filter":"raw"}],"autor":"BLAKE, ST\u00c9PHANIE","codart":"844885263","libros-coleccion":"Colecci\u00f3n Simon","ediciones":"1","encuadernacion":"Carton\u00e9","fecha_de_publicacion":"01\/05\/2019","novedad":"1","paginas":"45","subtitulo":"","orden":"0","portada":"0","idioma":"spa","autores-libros":[{"ID":169810,"post_author":"3","post_date":"2022-10-14 22:30:12","post_date_gmt":"2022-10-14 20:30:12","post_content":"","post_title":"STEPHANIE BLAKE","post_excerpt":"","post_status":"publish","comment_status":"closed","ping_status":"closed","post_password":"","post_name":"stephanie-blake","to_ping":"","pinged":"","post_modified":"2022-10-14 22:30:12","post_modified_gmt":"2022-10-14 20:30:12","post_content_filtered":"","post_parent":0,"guid":"http:\/\/dev.claret.cat\/autor\/stephanie-blake\/","menu_order":0,"post_type":"autor","post_mime_type":"","comment_count":"0","filter":"raw"}]},"aioseo_notices":[],"_links":{"self":[{"href":"https:\/\/www.claret.cat\/es\/wp-json\/wp\/v2\/product\/129973","targetHints":{"allow":["GET"]}}],"collection":[{"href":"https:\/\/www.claret.cat\/es\/wp-json\/wp\/v2\/product"}],"about":[{"href":"https:\/\/www.claret.cat\/es\/wp-json\/wp\/v2\/types\/product"}],"wp:featuredmedia":[{"embeddable":true,"href":"https:\/\/www.claret.cat\/es\/wp-json\/wp\/v2\/media\/129974"}],"wp:attachment":[{"href":"https:\/\/www.claret.cat\/es\/wp-json\/wp\/v2\/media?parent=129973"}],"wp:term":[{"taxonomy":"product_brand","embeddable":true,"href":"https:\/\/www.claret.cat\/es\/wp-json\/wp\/v2\/product_brand?post=129973"},{"taxonomy":"product_cat","embeddable":true,"href":"https:\/\/www.claret.cat\/es\/wp-json\/wp\/v2\/product_cat?post=129973"},{"taxonomy":"product_tag","embeddable":true,"href":"https:\/\/www.claret.cat\/es\/wp-json\/wp\/v2\/product_tag?post=129973"}],"curies":[{"name":"wp","href":"https:\/\/api.w.org\/{rel}","templated":true}]}}