{"id":130072,"date":"2022-10-12T23:42:31","date_gmt":"2022-10-12T21:42:31","guid":{"rendered":"http:\/\/dev.claret.cat\/producte\/grandes-novelas\/"},"modified":"2025-02-04T18:10:58","modified_gmt":"2025-02-04T17:10:58","slug":"grandes-novelas-9788490568293","status":"publish","type":"product","link":"https:\/\/www.claret.cat\/es\/libro\/grandes-novelas-9788490568293\/","title":{"rendered":"GRANDES NOVELAS"},"content":{"rendered":"<p>La cultura popular y los temores contempor\u00e1neos no ser\u00edan lo mismo sin la obra surgida de la f\u00e9rtil imaginaci\u00f3n de H. G. Wells. Ideas como el viaje en el tiempo, la invasi\u00f3n extraterrestre, la enajenaci\u00f3n mental que puede provocar la ciencia y la manipulaci\u00f3n gen\u00e9tica no solo siguen siendo vigentes en la ciencia ficci\u00f3n, sino que tambi\u00e9n siguen formando parte intr\u00ednseca de nuestro presente y nuestro futuro colectivo. En este volumen presentamos sus cuatro novelas fundamentales, que siguen haciendo gala de una originalidad desbordante, una clarividencia asombrosa y un ingenio al alcance de muy pocos escritores.<\/p>\n","protected":false},"excerpt":{"rendered":"<p>WELLS, HERBERT GEORGE<\/p>\n","protected":false},"featured_media":130073,"template":"","meta":{"_acf_changed":false,"om_disable_all_campaigns":false,"rs_blank_template":"","rs_page_bg_color":"","slide_template_v7":"","inline_featured_image":false,"_monsterinsights_skip_tracking":false,"_monsterinsights_sitenote_active":false,"_monsterinsights_sitenote_note":"","_monsterinsights_sitenote_category":0},"product_brand":[],"product_cat":[87,353],"product_tag":[],"class_list":{"0":"post-130072","1":"product","2":"type-product","3":"status-publish","4":"has-post-thumbnail","6":"product_cat-literatura","7":"product_cat-literatura-2_humanidades","9":"first","10":"instock","11":"taxable","12":"shipping-taxable","13":"purchasable","14":"product-type-simple"},"acf":{"editorial":[{"ID":148737,"post_author":"3","post_date":"2022-10-14 12:00:35","post_date_gmt":"2022-10-14 10:00:35","post_content":"","post_title":"RBA Libros","post_excerpt":"","post_status":"publish","comment_status":"closed","ping_status":"closed","post_password":"","post_name":"rba-libros","to_ping":"","pinged":"","post_modified":"2022-10-14 12:00:35","post_modified_gmt":"2022-10-14 10:00:35","post_content_filtered":"","post_parent":0,"guid":"http:\/\/dev.claret.cat\/editorial\/rba-libros\/","menu_order":0,"post_type":"editorial","post_mime_type":"","comment_count":"0","filter":"raw"}],"autor":"WELLS, HERBERT GEORGE","codart":"849056829","libros-coleccion":"FICCION GENERAL","ediciones":"1","encuadernacion":"Carton\u00e9","fecha_de_publicacion":"01\/05\/2019","novedad":"1","paginas":"586","subtitulo":"","orden":"0","portada":"0","idioma":"spa","autores-libros":[{"ID":157536,"post_author":"3","post_date":"2022-10-14 15:29:36","post_date_gmt":"2022-10-14 13:29:36","post_content":"","post_title":"HERBERT GEORGE WELLS","post_excerpt":"","post_status":"publish","comment_status":"closed","ping_status":"closed","post_password":"","post_name":"herbert-george-wells","to_ping":"","pinged":"","post_modified":"2022-10-14 15:29:36","post_modified_gmt":"2022-10-14 13:29:36","post_content_filtered":"","post_parent":0,"guid":"http:\/\/dev.claret.cat\/autor\/herbert-george-wells\/","menu_order":0,"post_type":"autor","post_mime_type":"","comment_count":"0","filter":"raw"}]},"aioseo_notices":[],"_links":{"self":[{"href":"https:\/\/www.claret.cat\/es\/wp-json\/wp\/v2\/product\/130072","targetHints":{"allow":["GET"]}}],"collection":[{"href":"https:\/\/www.claret.cat\/es\/wp-json\/wp\/v2\/product"}],"about":[{"href":"https:\/\/www.claret.cat\/es\/wp-json\/wp\/v2\/types\/product"}],"wp:featuredmedia":[{"embeddable":true,"href":"https:\/\/www.claret.cat\/es\/wp-json\/wp\/v2\/media\/130073"}],"wp:attachment":[{"href":"https:\/\/www.claret.cat\/es\/wp-json\/wp\/v2\/media?parent=130072"}],"wp:term":[{"taxonomy":"product_brand","embeddable":true,"href":"https:\/\/www.claret.cat\/es\/wp-json\/wp\/v2\/product_brand?post=130072"},{"taxonomy":"product_cat","embeddable":true,"href":"https:\/\/www.claret.cat\/es\/wp-json\/wp\/v2\/product_cat?post=130072"},{"taxonomy":"product_tag","embeddable":true,"href":"https:\/\/www.claret.cat\/es\/wp-json\/wp\/v2\/product_tag?post=130072"}],"curies":[{"name":"wp","href":"https:\/\/api.w.org\/{rel}","templated":true}]}}