{"id":130193,"date":"2022-10-12T23:44:26","date_gmt":"2022-10-12T21:44:26","guid":{"rendered":"http:\/\/dev.claret.cat\/producte\/el-silencio-y-otros-poemas\/"},"modified":"2023-01-28T16:42:53","modified_gmt":"2023-01-28T15:42:53","slug":"el-silencio-y-otros-poemas-9788417651183","status":"publish","type":"product","link":"https:\/\/www.claret.cat\/es\/libro\/el-silencio-y-otros-poemas-9788417651183\/","title":{"rendered":"EL SILENCIO Y OTROS POEMAS"},"content":{"rendered":"<p>El silencio y otros poemas re\u00fane, en edici\u00f3n biling\u00fce, veintiocho de los mejores poemas de Edgar Allan Poe. Seleccionados y traducidos por Antonio Rivero Taravillo e ilustrados por Kike de la Rubia y Nerea P\u00e9rez, son una excelente puerta de entrada a su obra. Como se\u00f1ala Luis Antonio de Villena: \u00abPoe sigue siendo para la mayor\u00eda el padre del terror contempor\u00e1neo, con sus cuentos extraordinarios y fant\u00e1sticos, de modo que el gran prosista autor de ensayos y de una novela, Aventuras de Arthur Gordon Pym habitualmente se ha superpuesto al poeta. Sin embargo, Poe public\u00f3 cuatro libros de poemas en vida y nunca dej\u00f3 de considerarse, esencialmente, poeta. Tamerl\u00e1n y otros poemas, de 1827, era su primer libro. Pero su libro de veras significativo fue El Cuervo y otros poemas, editado en 1845. Es este Poe, el del \u00faltimo libro de versos y alg\u00fan poema suelto publicado en revistas al fin de su terrible y sombr\u00eda vida, el que se constituy\u00f3 en ese faro del Simbolismo, representado en el cuervo que dice Never more Nunca m\u00e1s posado en el busto de Palas Atenea. El Poe del c\u00e9lebre soneto de Mallarm\u00e9 Le Tombeau d&#8217;Edgar Poe: Como en s\u00ed mismo, al fin, la eternidad le vuelve\u00bb.<br \/> comprar en papel, 18.<\/p>\n","protected":false},"excerpt":{"rendered":"<p>ALLAN POE, EDGAR<\/p>\n","protected":false},"featured_media":130194,"template":"","meta":{"_acf_changed":false,"om_disable_all_campaigns":false,"rs_blank_template":"","rs_page_bg_color":"","slide_template_v7":"","inline_featured_image":false,"_monsterinsights_skip_tracking":false,"_monsterinsights_sitenote_active":false,"_monsterinsights_sitenote_note":"","_monsterinsights_sitenote_category":0},"product_brand":[],"product_cat":[121],"product_tag":[],"class_list":{"0":"post-130193","1":"product","2":"type-product","3":"status-publish","4":"has-post-thumbnail","6":"product_cat-poesia","8":"first","9":"instock","10":"taxable","11":"shipping-taxable","12":"purchasable","13":"product-type-simple"},"acf":{"autor":"ALLAN POE, EDGAR","codart":"841765118","libros-coleccion":"Ilustrados","ediciones":"1","encuadernacion":"R\u00fastica","fecha_de_publicacion":"01\/05\/2019","novedad":"1","paginas":"142","subtitulo":"","orden":"0","portada":"0","idioma":"spa","editorial":[{"ID":148583,"post_author":"3","post_date":"2022-10-14 11:59:22","post_date_gmt":"2022-10-14 09:59:22","post_content":"","post_title":"Nordica libros s.l","post_excerpt":"","post_status":"publish","comment_status":"closed","ping_status":"closed","post_password":"","post_name":"nordica-libros-s-l","to_ping":"","pinged":"","post_modified":"2022-10-14 11:59:22","post_modified_gmt":"2022-10-14 09:59:22","post_content_filtered":"","post_parent":0,"guid":"http:\/\/dev.claret.cat\/editorial\/nordica-libros-s-l\/","menu_order":0,"post_type":"editorial","post_mime_type":"","comment_count":"0","filter":"raw"}],"autores-libros":[{"ID":154483,"post_author":"3","post_date":"2022-10-14 15:05:10","post_date_gmt":"2022-10-14 13:05:10","post_content":"","post_title":"EDGAR ALLAN POE","post_excerpt":"","post_status":"publish","comment_status":"closed","ping_status":"closed","post_password":"","post_name":"edgar-allan-poe","to_ping":"","pinged":"","post_modified":"2022-10-14 15:05:10","post_modified_gmt":"2022-10-14 13:05:10","post_content_filtered":"","post_parent":0,"guid":"http:\/\/dev.claret.cat\/autor\/edgar-allan-poe\/","menu_order":0,"post_type":"autor","post_mime_type":"","comment_count":"0","filter":"raw"}]},"aioseo_notices":[],"_links":{"self":[{"href":"https:\/\/www.claret.cat\/es\/wp-json\/wp\/v2\/product\/130193","targetHints":{"allow":["GET"]}}],"collection":[{"href":"https:\/\/www.claret.cat\/es\/wp-json\/wp\/v2\/product"}],"about":[{"href":"https:\/\/www.claret.cat\/es\/wp-json\/wp\/v2\/types\/product"}],"wp:featuredmedia":[{"embeddable":true,"href":"https:\/\/www.claret.cat\/es\/wp-json\/wp\/v2\/media\/130194"}],"wp:attachment":[{"href":"https:\/\/www.claret.cat\/es\/wp-json\/wp\/v2\/media?parent=130193"}],"wp:term":[{"taxonomy":"product_brand","embeddable":true,"href":"https:\/\/www.claret.cat\/es\/wp-json\/wp\/v2\/product_brand?post=130193"},{"taxonomy":"product_cat","embeddable":true,"href":"https:\/\/www.claret.cat\/es\/wp-json\/wp\/v2\/product_cat?post=130193"},{"taxonomy":"product_tag","embeddable":true,"href":"https:\/\/www.claret.cat\/es\/wp-json\/wp\/v2\/product_tag?post=130193"}],"curies":[{"name":"wp","href":"https:\/\/api.w.org\/{rel}","templated":true}]}}