{"id":130280,"date":"2022-10-12T23:45:45","date_gmt":"2022-10-12T21:45:45","guid":{"rendered":"http:\/\/dev.claret.cat\/producte\/la-cartuja-de-parma-3\/"},"modified":"2024-05-23T22:39:24","modified_gmt":"2024-05-23T20:39:24","slug":"la-cartuja-de-parma-9788446047445","status":"publish","type":"product","link":"https:\/\/www.claret.cat\/es\/libro\/la-cartuja-de-parma-9788446047445\/","title":{"rendered":"LA CARTUJA DE PARMA"},"content":{"rendered":"<p>La cartuja de Parma es una de las mejores novelas del siglo XIX, lo que equivale a decir una de las mejores novelas de todos los tiempos. Fue la explosi\u00f3n del genio contenido, con la que recuperaba la Italia de su juventud, los bosques soleados, la campi\u00f1a, los palacios, el divino lago de Como&#8230; Llevaba fraguando la novela muchos a\u00f1os. Su fondo argumental es la historia de un joven arist\u00f3crata, partidario de las nuevas ideas revolucionarias, y de su t\u00eda, una duquesa intrigante y seductora, como una princesa del renacimiento romano.<\/p>\n","protected":false},"excerpt":{"rendered":"<p>STENDHAL<\/p>\n","protected":false},"featured_media":348629,"template":"","meta":{"_acf_changed":false,"om_disable_all_campaigns":false,"rs_blank_template":"","rs_page_bg_color":"","slide_template_v7":"","inline_featured_image":false,"_monsterinsights_skip_tracking":false,"_monsterinsights_sitenote_active":false,"_monsterinsights_sitenote_note":"","_monsterinsights_sitenote_category":0},"product_brand":[],"product_cat":[87,353],"product_tag":[],"class_list":{"0":"post-130280","1":"product","2":"type-product","3":"status-publish","4":"has-post-thumbnail","6":"product_cat-literatura","7":"product_cat-literatura-2_humanidades","9":"first","10":"instock","11":"taxable","12":"shipping-taxable","13":"purchasable","14":"product-type-simple"},"acf":{"editorial":[{"ID":6115,"post_author":"3","post_date":"2022-07-28 17:45:13","post_date_gmt":"2022-07-28 15:45:13","post_content":"","post_title":"AKAL, EDICIONES S.A.","post_excerpt":"","post_status":"publish","comment_status":"closed","ping_status":"closed","post_password":"","post_name":"akal-ediciones-s-a","to_ping":"","pinged":"","post_modified":"2022-07-28 17:45:13","post_modified_gmt":"2022-07-28 15:45:13","post_content_filtered":"","post_parent":0,"guid":"http:\/\/dev.claret.cat\/editorial\/akal-ediciones-s-a\/","menu_order":0,"post_type":"editorial","post_mime_type":"","comment_count":"0","filter":"raw"}],"autor":"STENDHAL","codart":"844604744","libros-coleccion":"Akal Cl\u00e1sicos de la Literatura","ediciones":"1","encuadernacion":"R\u00fastica","fecha_de_publicacion":"09\/05\/2019","novedad":"1","paginas":"512","subtitulo":"","orden":"0","portada":"0","idioma":"spa","autores-libros":[{"ID":169793,"post_author":"3","post_date":"2022-10-14 22:30:04","post_date_gmt":"2022-10-14 20:30:04","post_content":"","post_title":"STENDHAL","post_excerpt":"","post_status":"publish","comment_status":"closed","ping_status":"closed","post_password":"","post_name":"stendhal","to_ping":"","pinged":"","post_modified":"2022-10-14 22:30:04","post_modified_gmt":"2022-10-14 20:30:04","post_content_filtered":"","post_parent":0,"guid":"http:\/\/dev.claret.cat\/autor\/stendhal\/","menu_order":0,"post_type":"autor","post_mime_type":"","comment_count":"0","filter":"raw"}]},"aioseo_notices":[],"_links":{"self":[{"href":"https:\/\/www.claret.cat\/es\/wp-json\/wp\/v2\/product\/130280","targetHints":{"allow":["GET"]}}],"collection":[{"href":"https:\/\/www.claret.cat\/es\/wp-json\/wp\/v2\/product"}],"about":[{"href":"https:\/\/www.claret.cat\/es\/wp-json\/wp\/v2\/types\/product"}],"wp:featuredmedia":[{"embeddable":true,"href":"https:\/\/www.claret.cat\/es\/wp-json\/wp\/v2\/media\/348629"}],"wp:attachment":[{"href":"https:\/\/www.claret.cat\/es\/wp-json\/wp\/v2\/media?parent=130280"}],"wp:term":[{"taxonomy":"product_brand","embeddable":true,"href":"https:\/\/www.claret.cat\/es\/wp-json\/wp\/v2\/product_brand?post=130280"},{"taxonomy":"product_cat","embeddable":true,"href":"https:\/\/www.claret.cat\/es\/wp-json\/wp\/v2\/product_cat?post=130280"},{"taxonomy":"product_tag","embeddable":true,"href":"https:\/\/www.claret.cat\/es\/wp-json\/wp\/v2\/product_tag?post=130280"}],"curies":[{"name":"wp","href":"https:\/\/api.w.org\/{rel}","templated":true}]}}